{"id":149728,"date":"2024-03-13T20:08:34","date_gmt":"2025-05-25T11:14:25","guid":{"rendered":"https:\/\/kingarms.ee\/product\/ginklo-lempa-lazerinis-taikiklis-js-tactical\/"},"modified":"2025-05-25T14:14:25","modified_gmt":"2025-05-25T11:14:25","slug":"ginklo-lempa-lazerinis-taikiklis-js-tactical","status":"publish","type":"product","link":"https:\/\/kingarms.ee\/lt\/product\/ginklo-lempa-lazerinis-taikiklis-js-tactical\/","title":{"rendered":"Ginklo lempa \/ lazerinis taikiklis (JS-tactical)"},"content":{"rendered":"<p><img loading=\"lazy\" decoding=\"async\" class=\"alignnone size-full wp-image-100629\" src=\"https:\/\/kingarms.ee\/wp-content\/uploads\/2024\/03\/js-tactical-led-flashlight-and-red-laser-js-gj25r.jpg\" alt=\"\" width=\"1000\" height=\"1000\" srcset=\"https:\/\/kingarms.ee\/wp-content\/uploads\/2024\/03\/js-tactical-led-flashlight-and-red-laser-js-gj25r.jpg 1000w, https:\/\/kingarms.ee\/wp-content\/uploads\/2024\/03\/js-tactical-led-flashlight-and-red-laser-js-gj25r-300x300.jpg 300w, https:\/\/kingarms.ee\/wp-content\/uploads\/2024\/03\/js-tactical-led-flashlight-and-red-laser-js-gj25r-150x150.jpg 150w, https:\/\/kingarms.ee\/wp-content\/uploads\/2024\/03\/js-tactical-led-flashlight-and-red-laser-js-gj25r-768x768.jpg 768w, https:\/\/kingarms.ee\/wp-content\/uploads\/2024\/03\/js-tactical-led-flashlight-and-red-laser-js-gj25r-500x500.jpg 500w\" sizes=\"auto, (max-width: 1000px) 100vw, 1000px\" \/><\/p>\n","protected":false},"excerpt":{"rendered":"<p><span style=\"vertical-align: inherit;\"><span style=\"vertical-align: inherit;\">Ginklo lempa \/ lazerinis taikiklis (JS-tactical)<\/span><\/span><\/p>\n<p><span style=\"vertical-align: inherit;\"><span style=\"vertical-align: inherit;\">LED \u017eibintuv\u0117lis 140 liumen\u0173 funkcijos <\/span><\/span><br \/>\n<span style=\"vertical-align: inherit;\"><span style=\"vertical-align: inherit;\">RAUDONASIS LAZERIS <\/span><\/span><br \/>\n<span style=\"vertical-align: inherit;\"><span style=\"vertical-align: inherit;\">GALI B\u016aTI AKTYVUOJAMAS ATSKIRAI ARBA VIENU METU REGULIUOJAMAS <\/span><\/span><br \/>\n<span style=\"vertical-align: inherit;\"><span style=\"vertical-align: inherit;\">TVIRTINIMAS \u012e KAIR\u0118\/\u012e DE\u0160IN\u0118 IR AUK\u0160TIS STANDARTINIS <\/span><\/span><br \/>\n<span style=\"vertical-align: inherit;\"><span style=\"vertical-align: inherit;\">20 mm <\/span><\/span><br \/>\n<span style=\"vertical-align: inherit;\"><span style=\"vertical-align: inherit;\">Reiki \u012fmontuota baterija 3,7 V x 600 mAh <\/span><\/span><br \/>\n<span style=\"vertical-align: inherit;\"><span style=\"vertical-align: inherit;\">Komplektuojamas USB \u012fkrovimo kabelis <\/span><\/span><br \/>\n<span style=\"vertical-align: inherit;\"><span style=\"vertical-align: inherit;\">Matmenys 53 mm x 30 mm x 30 mm <\/span><\/span><br \/>\n<span style=\"vertical-align: inherit;\"><span style=\"vertical-align: inherit;\">Svoris 70g Juoda <\/span><\/span><br \/>\n<span style=\"vertical-align: inherit;\"><span style=\"vertical-align: inherit;\">SPALVA<\/span><\/span><\/p>\n","protected":false},"featured_media":135116,"template":"","meta":{"_acf_changed":false},"product_brand":[],"product_cat":[1138,1265,1205],"product_tag":[],"class_list":{"0":"post-149728","1":"product","2":"type-product","3":"status-publish","4":"has-post-thumbnail","6":"product_cat-airsoft-pistols","7":"product_cat-airsoft-zibintuveliai","8":"product_cat-vaizdai-lt","10":"first","11":"instock","12":"taxable","13":"shipping-taxable","14":"purchasable","15":"product-type-simple"},"acf":[],"_links":{"self":[{"href":"https:\/\/kingarms.ee\/lt\/wp-json\/wp\/v2\/product\/149728","targetHints":{"allow":["GET"]}}],"collection":[{"href":"https:\/\/kingarms.ee\/lt\/wp-json\/wp\/v2\/product"}],"about":[{"href":"https:\/\/kingarms.ee\/lt\/wp-json\/wp\/v2\/types\/product"}],"wp:featuredmedia":[{"embeddable":true,"href":"https:\/\/kingarms.ee\/lt\/wp-json\/wp\/v2\/media\/135116"}],"wp:attachment":[{"href":"https:\/\/kingarms.ee\/lt\/wp-json\/wp\/v2\/media?parent=149728"}],"wp:term":[{"taxonomy":"product_brand","embeddable":true,"href":"https:\/\/kingarms.ee\/lt\/wp-json\/wp\/v2\/product_brand?post=149728"},{"taxonomy":"product_cat","embeddable":true,"href":"https:\/\/kingarms.ee\/lt\/wp-json\/wp\/v2\/product_cat?post=149728"},{"taxonomy":"product_tag","embeddable":true,"href":"https:\/\/kingarms.ee\/lt\/wp-json\/wp\/v2\/product_tag?post=149728"}],"curies":[{"name":"wp","href":"https:\/\/api.w.org\/{rel}","templated":true}]}}