{"id":149730,"date":"2024-03-12T14:47:24","date_gmt":"2025-05-25T11:15:30","guid":{"rendered":"https:\/\/kingarms.ee\/product\/krizes-rinkinys-2-zmones\/"},"modified":"2025-05-25T14:15:30","modified_gmt":"2025-05-25T11:15:30","slug":"krizes-rinkinys-2-zmones","status":"publish","type":"product","link":"https:\/\/kingarms.ee\/lt\/product\/krizes-rinkinys-2-zmones\/","title":{"rendered":"Kriz\u0117s rinkinys (2 \u017emon\u0117s)"},"content":{"rendered":"<p><img loading=\"lazy\" decoding=\"async\" class=\"alignnone size-full wp-image-100580\" src=\"https:\/\/kingarms.ee\/wp-content\/uploads\/2024\/03\/%D0%91%D0%B5%D0%B7-%D0%B8%D0%BC%D0%B5%D0%BD%D0%B8-7-scaled.jpg\" alt=\"\" width=\"2560\" height=\"1919\"><\/p>\n","protected":false},"excerpt":{"rendered":"<p>Kriz\u0117s rinkinys (2 \u017emon\u0117s)<\/p>\n<p>Rinkin\u012f sudaro:<\/p>\n<p>Kuprin\u0117<br \/>\nPj\u016bklas<br \/>\nRadijas<br \/>\nI\u0161gyvenimo Denis 2<br \/>\nVandens valymo tablet\u0117s 2<br \/>\n2 dienos dieta 2<br \/>\nVanduo 2<br \/>\nUniversal\u016bs \u012franki\u0173 priedai<br \/>\nI\u0161gyvenimo palapin\u0117 2<br \/>\nDegtukai \/ \u017eiebtuv\u0117lis<br \/>\nKompasas<br \/>\n\u0160vilpukas<br \/>\nKarabinas<br \/>\nElgesio kodeksas krizin\u0117ms situacijoms<\/p>\n<p><span style=\"color: #ff0000;\">Atminkite, kad vaizdas yra iliustracinis, o turinys gali skirtis pagal poreik\u012f.<\/span><\/p>\n","protected":false},"featured_media":135096,"template":"","meta":{"_acf_changed":false},"product_brand":[],"product_cat":[1263,1329,1219],"product_tag":[],"class_list":{"0":"post-149730","1":"product","2":"type-product","3":"status-publish","4":"has-post-thumbnail","6":"product_cat-kelioniu-prekes","7":"product_cat-kriziu-rinkinys","8":"product_cat-pirmoji-pagalba","10":"first","11":"instock","12":"taxable","13":"shipping-taxable","14":"purchasable","15":"product-type-simple"},"acf":[],"_links":{"self":[{"href":"https:\/\/kingarms.ee\/lt\/wp-json\/wp\/v2\/product\/149730","targetHints":{"allow":["GET"]}}],"collection":[{"href":"https:\/\/kingarms.ee\/lt\/wp-json\/wp\/v2\/product"}],"about":[{"href":"https:\/\/kingarms.ee\/lt\/wp-json\/wp\/v2\/types\/product"}],"wp:featuredmedia":[{"embeddable":true,"href":"https:\/\/kingarms.ee\/lt\/wp-json\/wp\/v2\/media\/135096"}],"wp:attachment":[{"href":"https:\/\/kingarms.ee\/lt\/wp-json\/wp\/v2\/media?parent=149730"}],"wp:term":[{"taxonomy":"product_brand","embeddable":true,"href":"https:\/\/kingarms.ee\/lt\/wp-json\/wp\/v2\/product_brand?post=149730"},{"taxonomy":"product_cat","embeddable":true,"href":"https:\/\/kingarms.ee\/lt\/wp-json\/wp\/v2\/product_cat?post=149730"},{"taxonomy":"product_tag","embeddable":true,"href":"https:\/\/kingarms.ee\/lt\/wp-json\/wp\/v2\/product_tag?post=149730"}],"curies":[{"name":"wp","href":"https:\/\/api.w.org\/{rel}","templated":true}]}}