{"id":149731,"date":"2024-03-12T14:32:14","date_gmt":"2025-05-25T11:16:02","guid":{"rendered":"https:\/\/kingarms.ee\/product\/kriziu-rinkinys-1-zmogus\/"},"modified":"2025-05-25T14:16:02","modified_gmt":"2025-05-25T11:16:02","slug":"kriziu-rinkinys-1-zmogus","status":"publish","type":"product","link":"https:\/\/kingarms.ee\/lt\/product\/kriziu-rinkinys-1-zmogus\/","title":{"rendered":"Krizi\u0173 rinkinys (1 \u017emogus)"},"content":{"rendered":"<p><img loading=\"lazy\" decoding=\"async\" class=\"alignnone size-full wp-image-100580\" src=\"https:\/\/kingarms.ee\/wp-content\/uploads\/2024\/03\/%D0%91%D0%B5%D0%B7-%D0%B8%D0%BC%D0%B5%D0%BD%D0%B8-7-scaled.jpg\" alt=\"\" width=\"2560\" height=\"1919\"><\/p>\n","protected":false},"excerpt":{"rendered":"<p>Krizi\u0173 rinkinys (1 \u017emogus)<br \/>\nRinkin\u012f sudaro:<br \/>\nKuprin\u0117<br \/>\nVandens valymo tablet\u0117s<br \/>\n2 dienos dieta<br \/>\nVandens<br \/>\nUniversal\u016bs \u012franki\u0173 priedai<br \/>\nI\u0161gyvenimo antklod\u0117<br \/>\nDegtukai \/ \u017eiebtuv\u0117lis<br \/>\nElgesio kodeksas krizin\u0117ms situacijoms<\/p>\n<p><span style=\"color: #ff0000;\">Atminkite, kad paveiksl\u0117lis yra iliustracinis, o turinys gali skirtis atsi\u017evelgiant \u012f j\u016bs\u0173 poreikius.<\/span><\/p>\n","protected":false},"featured_media":135096,"template":"","meta":{"_acf_changed":false},"product_brand":[],"product_cat":[1263,1329,1219],"product_tag":[],"class_list":{"0":"post-149731","1":"product","2":"type-product","3":"status-publish","4":"has-post-thumbnail","6":"product_cat-kelioniu-prekes","7":"product_cat-kriziu-rinkinys","8":"product_cat-pirmoji-pagalba","10":"first","11":"instock","12":"taxable","13":"shipping-taxable","14":"purchasable","15":"product-type-simple"},"acf":[],"_links":{"self":[{"href":"https:\/\/kingarms.ee\/lt\/wp-json\/wp\/v2\/product\/149731","targetHints":{"allow":["GET"]}}],"collection":[{"href":"https:\/\/kingarms.ee\/lt\/wp-json\/wp\/v2\/product"}],"about":[{"href":"https:\/\/kingarms.ee\/lt\/wp-json\/wp\/v2\/types\/product"}],"wp:featuredmedia":[{"embeddable":true,"href":"https:\/\/kingarms.ee\/lt\/wp-json\/wp\/v2\/media\/135096"}],"wp:attachment":[{"href":"https:\/\/kingarms.ee\/lt\/wp-json\/wp\/v2\/media?parent=149731"}],"wp:term":[{"taxonomy":"product_brand","embeddable":true,"href":"https:\/\/kingarms.ee\/lt\/wp-json\/wp\/v2\/product_brand?post=149731"},{"taxonomy":"product_cat","embeddable":true,"href":"https:\/\/kingarms.ee\/lt\/wp-json\/wp\/v2\/product_cat?post=149731"},{"taxonomy":"product_tag","embeddable":true,"href":"https:\/\/kingarms.ee\/lt\/wp-json\/wp\/v2\/product_tag?post=149731"}],"curies":[{"name":"wp","href":"https:\/\/api.w.org\/{rel}","templated":true}]}}