{"id":149735,"date":"2024-03-05T17:32:09","date_gmt":"2025-05-25T11:20:06","guid":{"rendered":"https:\/\/kingarms.ee\/product\/walther-p99\/"},"modified":"2025-05-25T14:20:06","modified_gmt":"2025-05-25T11:20:06","slug":"walther-p99","status":"publish","type":"product","link":"https:\/\/kingarms.ee\/lt\/product\/walther-p99\/","title":{"rendered":"Walther P99"},"content":{"rendered":"<p><img loading=\"lazy\" decoding=\"async\" class=\"alignnone size-full wp-image-99436\" src=\"https:\/\/kingarms.ee\/wp-content\/uploads\/2024\/03\/P99-dao-co2-pustol-1.jpg\" alt=\"\" width=\"1000\" height=\"1000\" srcset=\"https:\/\/kingarms.ee\/wp-content\/uploads\/2024\/03\/P99-dao-co2-pustol-1.jpg 1000w, https:\/\/kingarms.ee\/wp-content\/uploads\/2024\/03\/P99-dao-co2-pustol-1-300x300.jpg 300w, https:\/\/kingarms.ee\/wp-content\/uploads\/2024\/03\/P99-dao-co2-pustol-1-150x150.jpg 150w, https:\/\/kingarms.ee\/wp-content\/uploads\/2024\/03\/P99-dao-co2-pustol-1-768x768.jpg 768w, https:\/\/kingarms.ee\/wp-content\/uploads\/2024\/03\/P99-dao-co2-pustol-1-500x500.jpg 500w\" sizes=\"auto, (max-width: 1000px) 100vw, 1000px\" \/><\/p>\n","protected":false},"excerpt":{"rendered":"<p>P99 DAO versija yra da\u017eniausiai naudojama policijos ir Vyriausyb\u0117s sektoriuje. \u0160i versija u\u017etikrina, kad paleidimo svoris ir jud\u0117jimas i\u0161liks nepakit\u0119 \u2013 kaip ir originalus ginklas. Volterio P99 DAO Metalo Versija Co2 yra labai galingas, kompakti\u0161kas ir ypa\u010d patikimas dvigubo veikimo pistoletas su atatranka ir metaliniu slankikliu. I\u0161 pirmo \u017evilgsnio atpa\u017e\u012fstamas kiek ne\u012fprastas dizainas, pistoletas yra labai ergonomi\u0161kas, tod\u0117l gerai s\u0117di rankoje. Naujovi\u0161ka Co2 sistema suteikia labai \u012ftikinam\u0105 snukio energij\u0105, nuolatin\u012f atsitraukimo efekt\u0105 ir didesn\u012f sm\u016bgi\u0173 skai\u010di\u0173 vienoje kaset\u0117je. Jis pateikiamas su vadovu vokie\u010di\u0173 kalba.     <\/p>\n<p>Kalibras: 6 mm<br \/>\nD\u0117klo tipas: CO2<br \/>\nFotografavimo re\u017eimas: pusiau automatinis<br \/>\nSm\u016bgis: yra (sm\u016bgis)<br \/>\nVidin\u0117s statin\u0117s ilgis: 107 mm<br \/>\nGalia: 2.4 J<br \/>\nD\u0117klo talpa: 15 kamuoliuk\u0173<br \/>\nDarbin\u0117 pus\u0117: dviem rankomis<br \/>\nIlgis: 18 cm<br \/>\nIlgis supakuotas: 21 cm<br \/>\nSvoris: 0,592 kg<\/p>\n","protected":false},"featured_media":134964,"template":"","meta":{"_acf_changed":false},"product_brand":[],"product_cat":[1138],"product_tag":[],"class_list":{"0":"post-149735","1":"product","2":"type-product","3":"status-publish","4":"has-post-thumbnail","6":"product_cat-airsoft-pistols","8":"first","9":"outofstock","10":"taxable","11":"shipping-taxable","12":"purchasable","13":"product-type-simple"},"acf":[],"_links":{"self":[{"href":"https:\/\/kingarms.ee\/lt\/wp-json\/wp\/v2\/product\/149735","targetHints":{"allow":["GET"]}}],"collection":[{"href":"https:\/\/kingarms.ee\/lt\/wp-json\/wp\/v2\/product"}],"about":[{"href":"https:\/\/kingarms.ee\/lt\/wp-json\/wp\/v2\/types\/product"}],"wp:featuredmedia":[{"embeddable":true,"href":"https:\/\/kingarms.ee\/lt\/wp-json\/wp\/v2\/media\/134964"}],"wp:attachment":[{"href":"https:\/\/kingarms.ee\/lt\/wp-json\/wp\/v2\/media?parent=149735"}],"wp:term":[{"taxonomy":"product_brand","embeddable":true,"href":"https:\/\/kingarms.ee\/lt\/wp-json\/wp\/v2\/product_brand?post=149735"},{"taxonomy":"product_cat","embeddable":true,"href":"https:\/\/kingarms.ee\/lt\/wp-json\/wp\/v2\/product_cat?post=149735"},{"taxonomy":"product_tag","embeddable":true,"href":"https:\/\/kingarms.ee\/lt\/wp-json\/wp\/v2\/product_tag?post=149735"}],"curies":[{"name":"wp","href":"https:\/\/api.w.org\/{rel}","templated":true}]}}