{"id":149738,"date":"2024-02-14T21:35:08","date_gmt":"2025-05-25T11:22:15","guid":{"rendered":"https:\/\/kingarms.ee\/product\/survival-kit-granata-irankis-48-viename\/"},"modified":"2025-05-25T14:22:15","modified_gmt":"2025-05-25T11:22:15","slug":"survival-kit-granata-irankis-48-viename","status":"publish","type":"product","link":"https:\/\/kingarms.ee\/lt\/product\/survival-kit-granata-irankis-48-viename\/","title":{"rendered":"\u201eSurvival Kit\u201c granata (\u012frankis \u201e48 viename\u201c)"},"content":{"rendered":"<p><img loading=\"lazy\" decoding=\"async\" class=\"alignnone size-full wp-image-96746\" src=\"https:\/\/kingarms.ee\/wp-content\/uploads\/2024\/02\/%D0%91%D0%B5%D0%B7-%D0%B8%D0%BC%D0%B5%D0%BD%D0%B8-1.jpg\" alt=\"\" width=\"667\" height=\"500\"><\/p>\n","protected":false},"excerpt":{"rendered":"<p>\u201eSurvival Kit\u201c granata (\u012frankis \u201e48 viename\u201c)<\/p>\n<p>Charakteristikos OLGE VALMIS: Umprge lahkuge kodust ilma oma granata i\u0161likimo elluj\u2082miskomplektita, mis sisaldab 48 t onomotriista ja aitab kaitsta teid ja teie l umphedasi!<\/p>\n<p>Jis yra itin auk\u0161tos kokyb\u0117s, naudingas, patvarus, su\u017eav\u0117s j\u016bs\u0173 draugus ir gali i\u0161gelb\u0117ti j\u016bs\u0173 gyvyb\u0119.<\/p>\n<p>&#8211; 45 metr\u0173 550 paracord<br \/>\n&#8211; 2 metr\u0173 saugos oran\u017einis plonas paracord<br \/>\n&#8211; Kompasas<br \/>\n&#8211; LED \u017eibintuv\u0117lis<br \/>\n&#8211; Keli\u0173 \u012franki\u0173 ki\u0161eninis peilis<br \/>\n&#8211; Signalo veidrodis<br \/>\n&#8211; Gaisro pri\u0117mimo akmenys<br \/>\n&#8211; 30 metr\u0173 tamil\u0173 12 svar\u0173 bandomosios virv\u0117s<br \/>\n&#8211; 4 \u017evejybos kabliukai<br \/>\n&#8211; 4 padalinti insulto svoriai<br \/>\n&#8211; 2 Bobby Smeigtukai<br \/>\n&#8211; 2 drugelio si\u016bl\u0117s<br \/>\n&#8211; P38 skardini\u0173 atidarytuvas<br \/>\n&#8211; Suspausto rank\u0161luos\u010dio tablet\u0117 (rank\u0161luostis ma\u017edaug 30 cm ir 30 cm veikiamas vandens)<br \/>\n&#8211; 6 vandeniui atsparios rungtyn\u0117s<br \/>\n&#8211; 2 audros nepraleid\u017eian\u010dios rungtyn\u0117s<br \/>\n&#8211; d\u017eiuto laidas<br \/>\n&#8211; Adata ir si\u016blai<br \/>\n&#8211; Skustuvo a\u0161menys<br \/>\n&#8211; Karinio lygio Tripvir\u0161is<br \/>\n&#8211; Folija<br \/>\n&#8211; Vielos pj\u016bklas<br \/>\n&#8211; 4 vandens valymo tablet\u0117s<br \/>\n&#8211; 2 saugos kai\u0161\u010diai<br \/>\n&#8211; Firestarter \u0160vilpukas Sagtis<br \/>\n&#8211; 2 padalinti \u017eiedai<br \/>\n&#8211; 3 coli\u0173 elektros juosta<br \/>\n&#8211; Plastikinis rutulys (gali b\u016bti naudojamas kaip puodelis)<\/p>\n","protected":false},"featured_media":134671,"template":"","meta":{"_acf_changed":false},"product_brand":[],"product_cat":[1208,1262,1263,1329,1219],"product_tag":[],"class_list":{"0":"post-149738","1":"product","2":"type-product","3":"status-publish","4":"has-post-thumbnail","6":"product_cat-atvejai-ir-krepsiai","7":"product_cat-granata-lt","8":"product_cat-kelioniu-prekes","9":"product_cat-kriziu-rinkinys","10":"product_cat-pirmoji-pagalba","12":"first","13":"instock","14":"sale","15":"taxable","16":"shipping-taxable","17":"purchasable","18":"product-type-simple"},"acf":[],"_links":{"self":[{"href":"https:\/\/kingarms.ee\/lt\/wp-json\/wp\/v2\/product\/149738","targetHints":{"allow":["GET"]}}],"collection":[{"href":"https:\/\/kingarms.ee\/lt\/wp-json\/wp\/v2\/product"}],"about":[{"href":"https:\/\/kingarms.ee\/lt\/wp-json\/wp\/v2\/types\/product"}],"wp:featuredmedia":[{"embeddable":true,"href":"https:\/\/kingarms.ee\/lt\/wp-json\/wp\/v2\/media\/134671"}],"wp:attachment":[{"href":"https:\/\/kingarms.ee\/lt\/wp-json\/wp\/v2\/media?parent=149738"}],"wp:term":[{"taxonomy":"product_brand","embeddable":true,"href":"https:\/\/kingarms.ee\/lt\/wp-json\/wp\/v2\/product_brand?post=149738"},{"taxonomy":"product_cat","embeddable":true,"href":"https:\/\/kingarms.ee\/lt\/wp-json\/wp\/v2\/product_cat?post=149738"},{"taxonomy":"product_tag","embeddable":true,"href":"https:\/\/kingarms.ee\/lt\/wp-json\/wp\/v2\/product_tag?post=149738"}],"curies":[{"name":"wp","href":"https:\/\/api.w.org\/{rel}","templated":true}]}}