{"id":149741,"date":"2024-02-10T16:43:37","date_gmt":"2025-05-25T11:23:46","guid":{"rendered":"https:\/\/kingarms.ee\/product\/karinis-muilas-3in1-50-ml\/"},"modified":"2025-05-25T14:23:46","modified_gmt":"2025-05-25T11:23:46","slug":"karinis-muilas-3in1-50-ml","status":"publish","type":"product","link":"https:\/\/kingarms.ee\/lt\/product\/karinis-muilas-3in1-50-ml\/","title":{"rendered":"Karinis muilas 3in1 50 ml"},"content":{"rendered":"<p><img loading=\"lazy\" decoding=\"async\" class=\"alignnone size-full wp-image-96000\" src=\"https:\/\/kingarms.ee\/wp-content\/uploads\/2024\/02\/123095000_1-scaled.jpg\" alt=\"\" width=\"2560\" height=\"1792\" srcset=\"https:\/\/kingarms.ee\/wp-content\/uploads\/2024\/02\/123095000_1-scaled.jpg 2560w, https:\/\/kingarms.ee\/wp-content\/uploads\/2024\/02\/123095000_1-300x210.jpg 300w, https:\/\/kingarms.ee\/wp-content\/uploads\/2024\/02\/123095000_1-1024x717.jpg 1024w, https:\/\/kingarms.ee\/wp-content\/uploads\/2024\/02\/123095000_1-768x537.jpg 768w, https:\/\/kingarms.ee\/wp-content\/uploads\/2024\/02\/123095000_1-1536x1075.jpg 1536w, https:\/\/kingarms.ee\/wp-content\/uploads\/2024\/02\/123095000_1-2048x1433.jpg 2048w, https:\/\/kingarms.ee\/wp-content\/uploads\/2024\/02\/123095000_1-500x350.jpg 500w, https:\/\/kingarms.ee\/wp-content\/uploads\/2024\/02\/123095000_1-150x105.jpg 150w\" sizes=\"auto, (max-width: 2560px) 100vw, 2560px\" \/><\/p>\n","protected":false},"excerpt":{"rendered":"<p>Muilas skirtas \u0161auliams, \u0161audykl\u0173 darbuotojams ir pramon\u0117s darbuotojams, dirbantiems su sunkiaisiais metalais.<\/p>\n<p>Keli vidaus ir lauko \u0161audyklose atlikti tyrimai rodo, kad i\u0161sibars\u010diusios metalo dalel\u0117s d\u0117l kulk\u0173 Irimo gali sukelti rimt\u0173 sveikatos problem\u0173. Tai gali tur\u0117ti \u012ftakos \u0161auliams, instruktoriams, personalo personalui ir \u0161audykl\u0173 lankytojams.<br \/>\nKadangi \u0161audmenims gaminti da\u017enai naudojamas varis, chromas, \u0161vinas ir \u017ealvaris, jie yra toksi\u0161ki net ir nedideliais kiekiais. <\/p>\n","protected":false},"featured_media":134639,"template":"","meta":{"_acf_changed":false},"product_brand":[],"product_cat":[1150,1263],"product_tag":[],"class_list":{"0":"post-149741","1":"product","2":"type-product","3":"status-publish","4":"has-post-thumbnail","6":"product_cat-ginklu-prieziura","7":"product_cat-kelioniu-prekes","9":"first","10":"instock","11":"taxable","12":"shipping-taxable","13":"purchasable","14":"product-type-simple"},"acf":[],"_links":{"self":[{"href":"https:\/\/kingarms.ee\/lt\/wp-json\/wp\/v2\/product\/149741","targetHints":{"allow":["GET"]}}],"collection":[{"href":"https:\/\/kingarms.ee\/lt\/wp-json\/wp\/v2\/product"}],"about":[{"href":"https:\/\/kingarms.ee\/lt\/wp-json\/wp\/v2\/types\/product"}],"wp:featuredmedia":[{"embeddable":true,"href":"https:\/\/kingarms.ee\/lt\/wp-json\/wp\/v2\/media\/134639"}],"wp:attachment":[{"href":"https:\/\/kingarms.ee\/lt\/wp-json\/wp\/v2\/media?parent=149741"}],"wp:term":[{"taxonomy":"product_brand","embeddable":true,"href":"https:\/\/kingarms.ee\/lt\/wp-json\/wp\/v2\/product_brand?post=149741"},{"taxonomy":"product_cat","embeddable":true,"href":"https:\/\/kingarms.ee\/lt\/wp-json\/wp\/v2\/product_cat?post=149741"},{"taxonomy":"product_tag","embeddable":true,"href":"https:\/\/kingarms.ee\/lt\/wp-json\/wp\/v2\/product_tag?post=149741"}],"curies":[{"name":"wp","href":"https:\/\/api.w.org\/{rel}","templated":true}]}}