{"id":149745,"date":"2024-02-05T19:35:15","date_gmt":"2025-05-25T11:25:26","guid":{"rendered":"https:\/\/kingarms.ee\/product\/airsoft-pistoletas-cm028-cyma\/"},"modified":"2025-05-25T14:25:26","modified_gmt":"2025-05-25T11:25:26","slug":"airsoft-pistoletas-cm028-cyma","status":"publish","type":"product","link":"https:\/\/kingarms.ee\/lt\/product\/airsoft-pistoletas-cm028-cyma\/","title":{"rendered":"Airsoft pistoletas CM028 (CYMA)"},"content":{"rendered":"<p><img loading=\"lazy\" decoding=\"async\" class=\"alignnone size-full wp-image-95705\" src=\"https:\/\/kingarms.ee\/wp-content\/uploads\/2024\/02\/1144793020_1.png\" alt=\"\" width=\"2000\" height=\"1333\" srcset=\"https:\/\/kingarms.ee\/wp-content\/uploads\/2024\/02\/1144793020_1.png 2000w, https:\/\/kingarms.ee\/wp-content\/uploads\/2024\/02\/1144793020_1-300x200.png 300w, https:\/\/kingarms.ee\/wp-content\/uploads\/2024\/02\/1144793020_1-1024x682.png 1024w, https:\/\/kingarms.ee\/wp-content\/uploads\/2024\/02\/1144793020_1-768x512.png 768w, https:\/\/kingarms.ee\/wp-content\/uploads\/2024\/02\/1144793020_1-1536x1024.png 1536w, https:\/\/kingarms.ee\/wp-content\/uploads\/2024\/02\/1144793020_1-500x333.png 500w, https:\/\/kingarms.ee\/wp-content\/uploads\/2024\/02\/1144793020_1-150x100.png 150w\" sizes=\"auto, (max-width: 2000px) 100vw, 2000px\" \/><\/p>\n","protected":false},"excerpt":{"rendered":"<p>Airsoft pistoletas CM028 (CYMA)<\/p>\n<p>Gamintojas CYMA<br \/>\nGreitis [FPS] 380<br \/>\nPavar\u0173 d\u0117\u017e\u0117s versija pavar\u0173 d\u0117\u017e\u0117 v3<br \/>\nFotografavimo tipas vien\u0105 kadr\u0105 ir vien\u0105 kadr\u0105<br \/>\nVidinio vamzd\u017eio ilgis [mm] 455<br \/>\nD\u0117klo talpa [vnt] 500<br \/>\nHop-Up Taip<br \/>\nProdukto svoris [g] 2700<br \/>\nMed\u017eiaga plastikas \/ aliuminis<br \/>\nMa\u017eiausias ilgis [mm] 880<br \/>\nGaminio ilgis [cm] 88<br \/>\nMaitinimo \u0160altinis Elektrinis<\/p>\n","protected":false},"featured_media":134587,"template":"","meta":{"_acf_changed":false},"product_brand":[],"product_cat":[1139],"product_tag":[],"class_list":{"0":"post-149745","1":"product","2":"type-product","3":"status-publish","4":"has-post-thumbnail","6":"product_cat-elektro-pneumatiniai-ginklai","8":"first","9":"instock","10":"taxable","11":"shipping-taxable","12":"purchasable","13":"product-type-simple"},"acf":[],"_links":{"self":[{"href":"https:\/\/kingarms.ee\/lt\/wp-json\/wp\/v2\/product\/149745","targetHints":{"allow":["GET"]}}],"collection":[{"href":"https:\/\/kingarms.ee\/lt\/wp-json\/wp\/v2\/product"}],"about":[{"href":"https:\/\/kingarms.ee\/lt\/wp-json\/wp\/v2\/types\/product"}],"wp:featuredmedia":[{"embeddable":true,"href":"https:\/\/kingarms.ee\/lt\/wp-json\/wp\/v2\/media\/134587"}],"wp:attachment":[{"href":"https:\/\/kingarms.ee\/lt\/wp-json\/wp\/v2\/media?parent=149745"}],"wp:term":[{"taxonomy":"product_brand","embeddable":true,"href":"https:\/\/kingarms.ee\/lt\/wp-json\/wp\/v2\/product_brand?post=149745"},{"taxonomy":"product_cat","embeddable":true,"href":"https:\/\/kingarms.ee\/lt\/wp-json\/wp\/v2\/product_cat?post=149745"},{"taxonomy":"product_tag","embeddable":true,"href":"https:\/\/kingarms.ee\/lt\/wp-json\/wp\/v2\/product_tag?post=149745"}],"curies":[{"name":"wp","href":"https:\/\/api.w.org\/{rel}","templated":true}]}}