{"id":149747,"date":"2024-02-05T19:08:27","date_gmt":"2025-05-25T11:26:30","guid":{"rendered":"https:\/\/kingarms.ee\/product\/airsoft-pistoletas-sa-c02-core-specna-ginklai\/"},"modified":"2025-05-25T14:26:30","modified_gmt":"2025-05-25T11:26:30","slug":"airsoft-pistoletas-sa-c02-core-specna-ginklai","status":"publish","type":"product","link":"https:\/\/kingarms.ee\/lt\/product\/airsoft-pistoletas-sa-c02-core-specna-ginklai\/","title":{"rendered":"Airsoft pistoletas SA-C02 CORE (Specna ginklai)"},"content":{"rendered":"<p><img loading=\"lazy\" decoding=\"async\" class=\"alignnone size-full wp-image-95631\" src=\"https:\/\/kingarms.ee\/wp-content\/uploads\/2024\/02\/1152215718_1.png\" alt=\"\" width=\"2000\" height=\"1333\" srcset=\"https:\/\/kingarms.ee\/wp-content\/uploads\/2024\/02\/1152215718_1.png 2000w, https:\/\/kingarms.ee\/wp-content\/uploads\/2024\/02\/1152215718_1-300x200.png 300w, https:\/\/kingarms.ee\/wp-content\/uploads\/2024\/02\/1152215718_1-1024x682.png 1024w, https:\/\/kingarms.ee\/wp-content\/uploads\/2024\/02\/1152215718_1-768x512.png 768w, https:\/\/kingarms.ee\/wp-content\/uploads\/2024\/02\/1152215718_1-1536x1024.png 1536w, https:\/\/kingarms.ee\/wp-content\/uploads\/2024\/02\/1152215718_1-500x333.png 500w, https:\/\/kingarms.ee\/wp-content\/uploads\/2024\/02\/1152215718_1-150x100.png 150w\" sizes=\"auto, (max-width: 2000px) 100vw, 2000px\" \/><\/p>\n","protected":false},"excerpt":{"rendered":"<p>Airsoft pistoletas SA-C02 CORE (Specna ginklai)<\/p>\n<p>Gamintojas Specna Arms<br \/>\nGreitis [FPS] 380<br \/>\nPavar\u0173 d\u0117\u017e\u0117s versija V2<br \/>\nFotografavimo tipas pavieniai kadrai ir kadrai<br \/>\nVidinio vamzd\u017eio ilgis [mm] 270<br \/>\nD\u0117klo talpa [vnt] 300<br \/>\nHop-Up Taip<br \/>\nSriegio tipas 14mm<br \/>\nSpecna ginklas linija branduolys.<br \/>\nSpalva Juoda<br \/>\nGaminio ilgis [cm] 78<br \/>\nProdukto svoris [g] 2250<br \/>\nMed\u017eiaga Plastikas<br \/>\nKi\u0161tuko tipas Tamiya ma\u017eas<br \/>\nMaitinimo \u0160altinis Elektrinis<\/p>\n<p>Baterija ir \u012fkroviklis n\u0117ra \u012ftraukti. Mes rekomenduojame naudoti LIPO <\/p>\n","protected":false},"featured_media":134559,"template":"","meta":{"_acf_changed":false},"product_brand":[],"product_cat":[1139],"product_tag":[],"class_list":{"0":"post-149747","1":"product","2":"type-product","3":"status-publish","4":"has-post-thumbnail","6":"product_cat-elektro-pneumatiniai-ginklai","8":"first","9":"instock","10":"taxable","11":"shipping-taxable","12":"purchasable","13":"product-type-simple"},"acf":[],"_links":{"self":[{"href":"https:\/\/kingarms.ee\/lt\/wp-json\/wp\/v2\/product\/149747","targetHints":{"allow":["GET"]}}],"collection":[{"href":"https:\/\/kingarms.ee\/lt\/wp-json\/wp\/v2\/product"}],"about":[{"href":"https:\/\/kingarms.ee\/lt\/wp-json\/wp\/v2\/types\/product"}],"wp:featuredmedia":[{"embeddable":true,"href":"https:\/\/kingarms.ee\/lt\/wp-json\/wp\/v2\/media\/134559"}],"wp:attachment":[{"href":"https:\/\/kingarms.ee\/lt\/wp-json\/wp\/v2\/media?parent=149747"}],"wp:term":[{"taxonomy":"product_brand","embeddable":true,"href":"https:\/\/kingarms.ee\/lt\/wp-json\/wp\/v2\/product_brand?post=149747"},{"taxonomy":"product_cat","embeddable":true,"href":"https:\/\/kingarms.ee\/lt\/wp-json\/wp\/v2\/product_cat?post=149747"},{"taxonomy":"product_tag","embeddable":true,"href":"https:\/\/kingarms.ee\/lt\/wp-json\/wp\/v2\/product_tag?post=149747"}],"curies":[{"name":"wp","href":"https:\/\/api.w.org\/{rel}","templated":true}]}}