{"id":149748,"date":"2024-02-05T18:44:25","date_gmt":"2025-05-25T11:28:16","guid":{"rendered":"https:\/\/kingarms.ee\/product\/airsoft-pistoletas-ak47-spartac\/"},"modified":"2025-05-25T14:28:16","modified_gmt":"2025-05-25T11:28:16","slug":"airsoft-pistoletas-ak47-spartac","status":"publish","type":"product","link":"https:\/\/kingarms.ee\/lt\/product\/airsoft-pistoletas-ak47-spartac\/","title":{"rendered":"Airsoft pistoletas AK47 (Spartac)"},"content":{"rendered":"<p><img loading=\"lazy\" decoding=\"async\" class=\"alignnone size-full wp-image-95608\" src=\"https:\/\/kingarms.ee\/wp-content\/uploads\/2024\/02\/1152204725_1.png\" alt=\"\" width=\"800\" height=\"533\" srcset=\"https:\/\/kingarms.ee\/wp-content\/uploads\/2024\/02\/1152204725_1.png 800w, https:\/\/kingarms.ee\/wp-content\/uploads\/2024\/02\/1152204725_1-300x200.png 300w, https:\/\/kingarms.ee\/wp-content\/uploads\/2024\/02\/1152204725_1-768x512.png 768w, https:\/\/kingarms.ee\/wp-content\/uploads\/2024\/02\/1152204725_1-500x333.png 500w, https:\/\/kingarms.ee\/wp-content\/uploads\/2024\/02\/1152204725_1-150x100.png 150w\" sizes=\"auto, (max-width: 800px) 100vw, 800px\" \/><\/p>\n","protected":false},"excerpt":{"rendered":"<p>Airsoft pistoletas AK47 (Spartac)<\/p>\n<p>Gamintojas SRT<br \/>\nGreitis [FPS] 400<br \/>\nPavar\u0173 d\u0117\u017e\u0117s versija pavar\u0173 d\u0117\u017e\u0117 v3<br \/>\nFotografavimo tipas pavieniai kadrai ir kadrai<br \/>\nVidinio vamzd\u017eio ilgis [mm] 455<br \/>\nD\u0117klo talpa [vnt] 500<br \/>\nHop-Up Taip<br \/>\nAtgalinis Ne<br \/>\nProdukto svoris [g] 2155<br \/>\nMed\u017eiaga Plastikas<br \/>\nGaminio ilgis [cm] 87<br \/>\nMaitinimo \u0160altinis Elektrinis<br \/>\nMOSFET \/ ETU NR.<\/p>\n<p>Baterija ir \u012fkroviklis n\u0117ra \u012ftraukti. Mes rekomenduojame naudoti LIPO <\/p>\n","protected":false},"featured_media":134551,"template":"","meta":{"_acf_changed":false},"product_brand":[],"product_cat":[1139],"product_tag":[],"class_list":{"0":"post-149748","1":"product","2":"type-product","3":"status-publish","4":"has-post-thumbnail","6":"product_cat-elektro-pneumatiniai-ginklai","8":"first","9":"onbackorder","10":"taxable","11":"shipping-taxable","12":"product-type-simple"},"acf":[],"_links":{"self":[{"href":"https:\/\/kingarms.ee\/lt\/wp-json\/wp\/v2\/product\/149748","targetHints":{"allow":["GET"]}}],"collection":[{"href":"https:\/\/kingarms.ee\/lt\/wp-json\/wp\/v2\/product"}],"about":[{"href":"https:\/\/kingarms.ee\/lt\/wp-json\/wp\/v2\/types\/product"}],"wp:featuredmedia":[{"embeddable":true,"href":"https:\/\/kingarms.ee\/lt\/wp-json\/wp\/v2\/media\/134551"}],"wp:attachment":[{"href":"https:\/\/kingarms.ee\/lt\/wp-json\/wp\/v2\/media?parent=149748"}],"wp:term":[{"taxonomy":"product_brand","embeddable":true,"href":"https:\/\/kingarms.ee\/lt\/wp-json\/wp\/v2\/product_brand?post=149748"},{"taxonomy":"product_cat","embeddable":true,"href":"https:\/\/kingarms.ee\/lt\/wp-json\/wp\/v2\/product_cat?post=149748"},{"taxonomy":"product_tag","embeddable":true,"href":"https:\/\/kingarms.ee\/lt\/wp-json\/wp\/v2\/product_tag?post=149748"}],"curies":[{"name":"wp","href":"https:\/\/api.w.org\/{rel}","templated":true}]}}