{"id":149749,"date":"2024-02-04T18:32:31","date_gmt":"2025-05-25T11:28:44","guid":{"rendered":"https:\/\/kingarms.ee\/product\/palapine-monodom-3-zmones-flecktarn\/"},"modified":"2025-05-25T14:28:44","modified_gmt":"2025-05-25T11:28:44","slug":"palapine-monodom-3-zmones-flecktarn","status":"publish","type":"product","link":"https:\/\/kingarms.ee\/lt\/product\/palapine-monodom-3-zmones-flecktarn\/","title":{"rendered":"Palapin\u0117, &#8220;Monodom&#8221;, 3 \u017emon\u0117s, flecktarn"},"content":{"rendered":"<p><img loading=\"lazy\" decoding=\"async\" class=\"alignnone size-full wp-image-95440\" src=\"https:\/\/kingarms.ee\/wp-content\/uploads\/2024\/02\/32103V.jpeg\" alt=\"\" width=\"1200\" height=\"1200\" srcset=\"https:\/\/kingarms.ee\/wp-content\/uploads\/2024\/02\/32103V.jpeg 1200w, https:\/\/kingarms.ee\/wp-content\/uploads\/2024\/02\/32103V-300x300.jpeg 300w, https:\/\/kingarms.ee\/wp-content\/uploads\/2024\/02\/32103V-1024x1024.jpeg 1024w, https:\/\/kingarms.ee\/wp-content\/uploads\/2024\/02\/32103V-150x150.jpeg 150w, https:\/\/kingarms.ee\/wp-content\/uploads\/2024\/02\/32103V-768x768.jpeg 768w, https:\/\/kingarms.ee\/wp-content\/uploads\/2024\/02\/32103V-500x500.jpeg 500w\" sizes=\"auto, (max-width: 1200px) 100vw, 1200px\" \/><\/p>\n","protected":false},"excerpt":{"rendered":"<p>vienos sienos konstrukcija<br \/>\n\u012f\u0117jimas su tinkleliu nuo uod\u0173 ir u\u017etrauktuku<br \/>\nlengvi, tvirti stiklo pluo\u0161to stulpai<br \/>\npagrindo lak\u0161tas pagamintas i\u0161 neslidaus, tvirto PU audinio<br \/>\nPlieniniai palapini\u0173 poliai ir lynai<br \/>\ntransportavimo krep\u0161ys su ne\u0161iojimo rankena<br \/>\nVandens stulpelis: 1500 mm<br \/>\nPakuot\u0117s dydis: apytiksliai. 65 &#8211; 12-12 cm (P-L-H)<br \/>\nMatmenys: apytiksliai. 210-210-130 cm (P &#8211; L-H)<br \/>\nSvoris su transportavimo krep\u0161iu: apytiksliai. 2,0 kg   <\/p>\n<p>Med\u017eiaga:<br \/>\n100% poliesteris (190T su PU danga)<br \/>\nPagrindo sluoksnis: 100% polietilenas<\/p>\n","protected":false},"featured_media":134505,"template":"","meta":{"_acf_changed":false},"product_brand":[],"product_cat":[1263],"product_tag":[],"class_list":{"0":"post-149749","1":"product","2":"type-product","3":"status-publish","4":"has-post-thumbnail","6":"product_cat-kelioniu-prekes","8":"first","9":"instock","10":"taxable","11":"shipping-taxable","12":"purchasable","13":"product-type-simple"},"acf":[],"_links":{"self":[{"href":"https:\/\/kingarms.ee\/lt\/wp-json\/wp\/v2\/product\/149749","targetHints":{"allow":["GET"]}}],"collection":[{"href":"https:\/\/kingarms.ee\/lt\/wp-json\/wp\/v2\/product"}],"about":[{"href":"https:\/\/kingarms.ee\/lt\/wp-json\/wp\/v2\/types\/product"}],"wp:featuredmedia":[{"embeddable":true,"href":"https:\/\/kingarms.ee\/lt\/wp-json\/wp\/v2\/media\/134505"}],"wp:attachment":[{"href":"https:\/\/kingarms.ee\/lt\/wp-json\/wp\/v2\/media?parent=149749"}],"wp:term":[{"taxonomy":"product_brand","embeddable":true,"href":"https:\/\/kingarms.ee\/lt\/wp-json\/wp\/v2\/product_brand?post=149749"},{"taxonomy":"product_cat","embeddable":true,"href":"https:\/\/kingarms.ee\/lt\/wp-json\/wp\/v2\/product_cat?post=149749"},{"taxonomy":"product_tag","embeddable":true,"href":"https:\/\/kingarms.ee\/lt\/wp-json\/wp\/v2\/product_tag?post=149749"}],"curies":[{"name":"wp","href":"https:\/\/api.w.org\/{rel}","templated":true}]}}