{"id":149750,"date":"2024-02-04T18:29:40","date_gmt":"2025-05-25T11:29:12","guid":{"rendered":"https:\/\/kingarms.ee\/product\/isgyvenimo-palapine-oranzine-viena-puse-su-aliuminio-dangteliu\/"},"modified":"2025-05-25T14:29:12","modified_gmt":"2025-05-25T11:29:12","slug":"isgyvenimo-palapine-oranzine-viena-puse-su-aliuminio-dangteliu","status":"publish","type":"product","link":"https:\/\/kingarms.ee\/lt\/product\/isgyvenimo-palapine-oranzine-viena-puse-su-aliuminio-dangteliu\/","title":{"rendered":"I\u0161gyvenimo palapin\u0117 oran\u017ein\u0117 viena pus\u0117 su aliuminio dangteliu"},"content":{"rendered":"<p><img loading=\"lazy\" decoding=\"async\" class=\"alignnone size-full wp-image-95423\" src=\"https:\/\/kingarms.ee\/wp-content\/uploads\/2024\/02\/32040.jpeg\" alt=\"\" width=\"1200\" height=\"1200\" srcset=\"https:\/\/kingarms.ee\/wp-content\/uploads\/2024\/02\/32040.jpeg 1200w, https:\/\/kingarms.ee\/wp-content\/uploads\/2024\/02\/32040-300x300.jpeg 300w, https:\/\/kingarms.ee\/wp-content\/uploads\/2024\/02\/32040-1024x1024.jpeg 1024w, https:\/\/kingarms.ee\/wp-content\/uploads\/2024\/02\/32040-150x150.jpeg 150w, https:\/\/kingarms.ee\/wp-content\/uploads\/2024\/02\/32040-768x768.jpeg 768w, https:\/\/kingarms.ee\/wp-content\/uploads\/2024\/02\/32040-500x500.jpeg 500w\" sizes=\"auto, (max-width: 1200px) 100vw, 1200px\" \/><\/p>\n","protected":false},"excerpt":{"rendered":"<p>I\u0161gyvenimo palapin\u0117 oran\u017ein\u0117 viena pus\u0117 su aliuminio dangteliu<\/p>\n<p>apsauga nuo \u0161al\u010dio, \u0161lapio, v\u0117jo ir kar\u0161\u010dio<br \/>\n1 palapin\u0117s brezentas su 4 metalin\u0117mis kilpomis<br \/>\n1 virv\u0117, apytiksliai. 6 m<br \/>\n2 tvirtinimo laikikliai<br \/>\n4 palapin\u0117s dervos<br \/>\n1 ugnies starteris su signalo \u0161vilpuku<br \/>\n5 vienetai medviln\u0117s Tinder<br \/>\ntransportavimo krep\u0161ys su \u0161vilpuku vielos kam\u0161\u010diu<br \/>\nMatmenys: apytiksliai. 244 po 155 cm<br \/>\nPakuot\u0117s dydis: apytiksliai. 8 &#8211; 23 cm (Di-K)<br \/>\nSvoris: apytiksliai. 325 g    <\/p>\n<p>Med\u017eiaga:<br \/>\nPolietilenas<\/p>\n","protected":false},"featured_media":134531,"template":"","meta":{"_acf_changed":false},"product_brand":[],"product_cat":[1263],"product_tag":[],"class_list":{"0":"post-149750","1":"product","2":"type-product","3":"status-publish","4":"has-post-thumbnail","6":"product_cat-kelioniu-prekes","8":"first","9":"instock","10":"taxable","11":"shipping-taxable","12":"purchasable","13":"product-type-simple"},"acf":[],"_links":{"self":[{"href":"https:\/\/kingarms.ee\/lt\/wp-json\/wp\/v2\/product\/149750","targetHints":{"allow":["GET"]}}],"collection":[{"href":"https:\/\/kingarms.ee\/lt\/wp-json\/wp\/v2\/product"}],"about":[{"href":"https:\/\/kingarms.ee\/lt\/wp-json\/wp\/v2\/types\/product"}],"wp:featuredmedia":[{"embeddable":true,"href":"https:\/\/kingarms.ee\/lt\/wp-json\/wp\/v2\/media\/134531"}],"wp:attachment":[{"href":"https:\/\/kingarms.ee\/lt\/wp-json\/wp\/v2\/media?parent=149750"}],"wp:term":[{"taxonomy":"product_brand","embeddable":true,"href":"https:\/\/kingarms.ee\/lt\/wp-json\/wp\/v2\/product_brand?post=149750"},{"taxonomy":"product_cat","embeddable":true,"href":"https:\/\/kingarms.ee\/lt\/wp-json\/wp\/v2\/product_cat?post=149750"},{"taxonomy":"product_tag","embeddable":true,"href":"https:\/\/kingarms.ee\/lt\/wp-json\/wp\/v2\/product_tag?post=149750"}],"curies":[{"name":"wp","href":"https:\/\/api.w.org\/{rel}","templated":true}]}}