{"id":149752,"date":"2024-02-04T18:19:02","date_gmt":"2025-05-25T11:30:03","guid":{"rendered":"https:\/\/kingarms.ee\/product\/sketis-nuo-saules-skersmuo-180-cm\/"},"modified":"2025-05-25T14:30:03","modified_gmt":"2025-05-25T11:30:03","slug":"sketis-nuo-saules-skersmuo-180-cm","status":"publish","type":"product","link":"https:\/\/kingarms.ee\/lt\/product\/sketis-nuo-saules-skersmuo-180-cm\/","title":{"rendered":"Sk\u0117tis nuo saul\u0117s, skersmuo 180 cm"},"content":{"rendered":"<p><img loading=\"lazy\" decoding=\"async\" class=\"alignnone size-full wp-image-95382\" src=\"https:\/\/kingarms.ee\/wp-content\/uploads\/2024\/02\/37400N.jpeg\" alt=\"\" width=\"1200\" height=\"1200\" srcset=\"https:\/\/kingarms.ee\/wp-content\/uploads\/2024\/02\/37400N.jpeg 1200w, https:\/\/kingarms.ee\/wp-content\/uploads\/2024\/02\/37400N-300x300.jpeg 300w, https:\/\/kingarms.ee\/wp-content\/uploads\/2024\/02\/37400N-1024x1024.jpeg 1024w, https:\/\/kingarms.ee\/wp-content\/uploads\/2024\/02\/37400N-150x150.jpeg 150w, https:\/\/kingarms.ee\/wp-content\/uploads\/2024\/02\/37400N-768x768.jpeg 768w, https:\/\/kingarms.ee\/wp-content\/uploads\/2024\/02\/37400N-500x500.jpeg 500w\" sizes=\"auto, (max-width: 1200px) 100vw, 1200px\" \/><\/p>\n","protected":false},"excerpt":{"rendered":"<p>Montavimas yra paprastas, \u017eem\u0117je<br \/>\n2-dalis<br \/>\npakreipimo \u012ftaisas<br \/>\npoli\u0173 skersmuo: apytiksliai. 22 mm<br \/>\nsk\u0117\u010dio auk\u0161tis: apytiksliai. 180 cm  <\/p>\n<p>Med\u017eiaga:<br \/>\nSk\u0117\u010dio stogelis: 100% poliesteris<br \/>\nPus\u0117: Plienas<\/p>\n","protected":false},"featured_media":134535,"template":"","meta":{"_acf_changed":false},"product_brand":[],"product_cat":[1263],"product_tag":[],"class_list":{"0":"post-149752","1":"product","2":"type-product","3":"status-publish","4":"has-post-thumbnail","6":"product_cat-kelioniu-prekes","8":"first","9":"instock","10":"taxable","11":"shipping-taxable","12":"purchasable","13":"product-type-simple"},"acf":[],"_links":{"self":[{"href":"https:\/\/kingarms.ee\/lt\/wp-json\/wp\/v2\/product\/149752","targetHints":{"allow":["GET"]}}],"collection":[{"href":"https:\/\/kingarms.ee\/lt\/wp-json\/wp\/v2\/product"}],"about":[{"href":"https:\/\/kingarms.ee\/lt\/wp-json\/wp\/v2\/types\/product"}],"wp:featuredmedia":[{"embeddable":true,"href":"https:\/\/kingarms.ee\/lt\/wp-json\/wp\/v2\/media\/134535"}],"wp:attachment":[{"href":"https:\/\/kingarms.ee\/lt\/wp-json\/wp\/v2\/media?parent=149752"}],"wp:term":[{"taxonomy":"product_brand","embeddable":true,"href":"https:\/\/kingarms.ee\/lt\/wp-json\/wp\/v2\/product_brand?post=149752"},{"taxonomy":"product_cat","embeddable":true,"href":"https:\/\/kingarms.ee\/lt\/wp-json\/wp\/v2\/product_cat?post=149752"},{"taxonomy":"product_tag","embeddable":true,"href":"https:\/\/kingarms.ee\/lt\/wp-json\/wp\/v2\/product_tag?post=149752"}],"curies":[{"name":"wp","href":"https:\/\/api.w.org\/{rel}","templated":true}]}}