{"id":149799,"date":"2024-02-04T17:25:11","date_gmt":"2025-05-25T12:10:57","guid":{"rendered":"https:\/\/kingarms.ee\/product\/trikojis-trekking-aliuminis-su-grandine-ir-kabliu\/"},"modified":"2025-05-25T15:10:57","modified_gmt":"2025-05-25T12:10:57","slug":"trikojis-trekking-aliuminis-su-grandine-ir-kabliu","status":"publish","type":"product","link":"https:\/\/kingarms.ee\/lt\/product\/trikojis-trekking-aliuminis-su-grandine-ir-kabliu\/","title":{"rendered":"Trikojis,&#8221; Trekking&#8221;, aliuminis, su grandine ir kabliu"},"content":{"rendered":"<p><img loading=\"lazy\" decoding=\"async\" class=\"alignnone size-full wp-image-95227\" src=\"https:\/\/kingarms.ee\/wp-content\/uploads\/2024\/02\/33635.jpeg\" alt=\"\" width=\"1200\" height=\"1200\" srcset=\"https:\/\/kingarms.ee\/wp-content\/uploads\/2024\/02\/33635.jpeg 1200w, https:\/\/kingarms.ee\/wp-content\/uploads\/2024\/02\/33635-300x300.jpeg 300w, https:\/\/kingarms.ee\/wp-content\/uploads\/2024\/02\/33635-1024x1024.jpeg 1024w, https:\/\/kingarms.ee\/wp-content\/uploads\/2024\/02\/33635-150x150.jpeg 150w, https:\/\/kingarms.ee\/wp-content\/uploads\/2024\/02\/33635-768x768.jpeg 768w, https:\/\/kingarms.ee\/wp-content\/uploads\/2024\/02\/33635-500x500.jpeg 500w\" sizes=\"auto, (max-width: 1200px) 100vw, 1200px\" \/><\/p>\n","protected":false},"excerpt":{"rendered":"<p>kojos susideda i\u0161 3 ca. 30 cm ilgio<br \/>\nprisukamos dalys<br \/>\ngrandin\u0117s ilgis su kabliu reguliuojamas<br \/>\ni\u0161 ca. 12-45 cm fiksavimo kai\u0161tis<br \/>\ni\u0161montuojamas ir kompakti\u0161kai sulankstomas<br \/>\n\u012fskaitant transportavimo krep\u0161\u012f<br \/>\nSurinktas auk\u0161tis: apytiksliai. 80 cm<br \/>\nPakuot\u0117s dydis: apytiksliai. 30 po 5 cm<br \/>\nSvoris: apytiksliai. 450 g     <\/p>\n<p>Med\u017eiaga:<br \/>\nTrikojis: 100% Aliuminis<br \/>\nGrandin\u0117 ir kablys: 100% metalas<\/p>\n","protected":false},"featured_media":134515,"template":"","meta":{"_acf_changed":false},"product_brand":[],"product_cat":[1263],"product_tag":[],"class_list":{"0":"post-149799","1":"product","2":"type-product","3":"status-publish","4":"has-post-thumbnail","6":"product_cat-kelioniu-prekes","8":"first","9":"instock","10":"taxable","11":"shipping-taxable","12":"purchasable","13":"product-type-simple"},"acf":[],"_links":{"self":[{"href":"https:\/\/kingarms.ee\/lt\/wp-json\/wp\/v2\/product\/149799","targetHints":{"allow":["GET"]}}],"collection":[{"href":"https:\/\/kingarms.ee\/lt\/wp-json\/wp\/v2\/product"}],"about":[{"href":"https:\/\/kingarms.ee\/lt\/wp-json\/wp\/v2\/types\/product"}],"wp:featuredmedia":[{"embeddable":true,"href":"https:\/\/kingarms.ee\/lt\/wp-json\/wp\/v2\/media\/134515"}],"wp:attachment":[{"href":"https:\/\/kingarms.ee\/lt\/wp-json\/wp\/v2\/media?parent=149799"}],"wp:term":[{"taxonomy":"product_brand","embeddable":true,"href":"https:\/\/kingarms.ee\/lt\/wp-json\/wp\/v2\/product_brand?post=149799"},{"taxonomy":"product_cat","embeddable":true,"href":"https:\/\/kingarms.ee\/lt\/wp-json\/wp\/v2\/product_cat?post=149799"},{"taxonomy":"product_tag","embeddable":true,"href":"https:\/\/kingarms.ee\/lt\/wp-json\/wp\/v2\/product_tag?post=149799"}],"curies":[{"name":"wp","href":"https:\/\/api.w.org\/{rel}","templated":true}]}}