{"id":149801,"date":"2024-02-04T17:17:33","date_gmt":"2025-05-25T12:11:42","guid":{"rendered":"https:\/\/kingarms.ee\/product\/grilio-groteles-apvalios-sulankstomos\/"},"modified":"2025-05-25T15:11:42","modified_gmt":"2025-05-25T12:11:42","slug":"grilio-groteles-apvalios-sulankstomos","status":"publish","type":"product","link":"https:\/\/kingarms.ee\/lt\/product\/grilio-groteles-apvalios-sulankstomos\/","title":{"rendered":"Grilio grotel\u0117s apvalios sulankstomos"},"content":{"rendered":"<p><img loading=\"lazy\" decoding=\"async\" class=\"alignnone size-full wp-image-95203\" src=\"https:\/\/kingarms.ee\/wp-content\/uploads\/2024\/02\/33641.jpeg\" alt=\"\" width=\"1200\" height=\"1200\" srcset=\"https:\/\/kingarms.ee\/wp-content\/uploads\/2024\/02\/33641.jpeg 1200w, https:\/\/kingarms.ee\/wp-content\/uploads\/2024\/02\/33641-300x300.jpeg 300w, https:\/\/kingarms.ee\/wp-content\/uploads\/2024\/02\/33641-1024x1024.jpeg 1024w, https:\/\/kingarms.ee\/wp-content\/uploads\/2024\/02\/33641-150x150.jpeg 150w, https:\/\/kingarms.ee\/wp-content\/uploads\/2024\/02\/33641-768x768.jpeg 768w, https:\/\/kingarms.ee\/wp-content\/uploads\/2024\/02\/33641-500x500.jpeg 500w\" sizes=\"auto, (max-width: 1200px) 100vw, 1200px\" \/><\/p>\n","protected":false},"excerpt":{"rendered":"<p>Grilio grotel\u0117s apvalios sulankstomos<\/p>\n<p>galima padalinti transportavimui ar saugojimui<br \/>\ngrotel\u0117s rauk\u0161l\u0117s<br \/>\nsaugi pakaba su 4 ta\u0161kais<br \/>\nlabai susieta grandin\u0117<br \/>\nPapildoma grandin\u0117 su 2 kabliukais<br \/>\nauk\u0161\u010dio reguliavimas<br \/>\nPakuot\u0117s dydis: apytiksliai. 50 &#8211; 29-9,5 cm<br \/>\nMatmenys: apytiksliai. 49-3,5 cm (Di-K)<br \/>\nSvoris: apytiksliai. 1,2 kg   <\/p>\n<p>Med\u017eiaga:<br \/>\nGrotel\u0117s: plienin\u0117s, chromuotos<br \/>\nGrandin\u0117: plienas, cinkuotas<\/p>\n","protected":false},"featured_media":134519,"template":"","meta":{"_acf_changed":false},"product_brand":[],"product_cat":[1263],"product_tag":[],"class_list":{"0":"post-149801","1":"product","2":"type-product","3":"status-publish","4":"has-post-thumbnail","6":"product_cat-kelioniu-prekes","8":"first","9":"instock","10":"taxable","11":"shipping-taxable","12":"purchasable","13":"product-type-simple"},"acf":[],"_links":{"self":[{"href":"https:\/\/kingarms.ee\/lt\/wp-json\/wp\/v2\/product\/149801","targetHints":{"allow":["GET"]}}],"collection":[{"href":"https:\/\/kingarms.ee\/lt\/wp-json\/wp\/v2\/product"}],"about":[{"href":"https:\/\/kingarms.ee\/lt\/wp-json\/wp\/v2\/types\/product"}],"wp:featuredmedia":[{"embeddable":true,"href":"https:\/\/kingarms.ee\/lt\/wp-json\/wp\/v2\/media\/134519"}],"wp:attachment":[{"href":"https:\/\/kingarms.ee\/lt\/wp-json\/wp\/v2\/media?parent=149801"}],"wp:term":[{"taxonomy":"product_brand","embeddable":true,"href":"https:\/\/kingarms.ee\/lt\/wp-json\/wp\/v2\/product_brand?post=149801"},{"taxonomy":"product_cat","embeddable":true,"href":"https:\/\/kingarms.ee\/lt\/wp-json\/wp\/v2\/product_cat?post=149801"},{"taxonomy":"product_tag","embeddable":true,"href":"https:\/\/kingarms.ee\/lt\/wp-json\/wp\/v2\/product_tag?post=149801"}],"curies":[{"name":"wp","href":"https:\/\/api.w.org\/{rel}","templated":true}]}}