{"id":149808,"date":"2024-01-24T13:58:11","date_gmt":"2025-05-25T12:14:45","guid":{"rendered":"https:\/\/kingarms.ee\/product\/metalinis-taikinys-vosportas\/"},"modified":"2025-05-25T15:14:45","modified_gmt":"2025-05-25T12:14:45","slug":"metalinis-taikinys-vosportas","status":"publish","type":"product","link":"https:\/\/kingarms.ee\/lt\/product\/metalinis-taikinys-vosportas\/","title":{"rendered":"Metalinis taikinys (Vosportas)"},"content":{"rendered":"","protected":false},"excerpt":{"rendered":"<p>Metalinis taikinys (Vosportas)<br \/>\n304 NER\u016aDIJAN\u010cIO PLIENO KONSTRUKCIJA<br \/>\n\u017dVAIG\u017dD\u0116S JUDA PIRMYN IR ATGAL, KAI NUKENT\u0116JO<br \/>\nNUIMAMAS PAGRINDAS<br \/>\nJIS GALI B\u016aTI DEDAMAS \u012eVAIRIAIS B\u016aDAIS:<br \/>\n&#8211; GALI B\u016aTI PRITVIRTINTAS PRIE \u017dEM\u0116S<br \/>\n&#8211; GALIMA PAKABINTI LAIDAIS<br \/>\n&#8211; JIS GALI B\u016aTI \u012eDIEGTAS ANT SPAR (<strong>SPAR N\u0116RA \u012eTRAUKTAS!<\/strong>)<br \/>\nMatmenys 410mm ir 253mm<br \/>\nSvoris 920g<\/p>\n","protected":false},"featured_media":134315,"template":"","meta":{"_acf_changed":false},"product_brand":[],"product_cat":[1201],"product_tag":[],"class_list":{"0":"post-149808","1":"product","2":"type-product","3":"status-publish","4":"has-post-thumbnail","6":"product_cat-taikiniai","8":"first","9":"instock","10":"taxable","11":"shipping-taxable","12":"purchasable","13":"product-type-simple"},"acf":[],"_links":{"self":[{"href":"https:\/\/kingarms.ee\/lt\/wp-json\/wp\/v2\/product\/149808","targetHints":{"allow":["GET"]}}],"collection":[{"href":"https:\/\/kingarms.ee\/lt\/wp-json\/wp\/v2\/product"}],"about":[{"href":"https:\/\/kingarms.ee\/lt\/wp-json\/wp\/v2\/types\/product"}],"wp:featuredmedia":[{"embeddable":true,"href":"https:\/\/kingarms.ee\/lt\/wp-json\/wp\/v2\/media\/134315"}],"wp:attachment":[{"href":"https:\/\/kingarms.ee\/lt\/wp-json\/wp\/v2\/media?parent=149808"}],"wp:term":[{"taxonomy":"product_brand","embeddable":true,"href":"https:\/\/kingarms.ee\/lt\/wp-json\/wp\/v2\/product_brand?post=149808"},{"taxonomy":"product_cat","embeddable":true,"href":"https:\/\/kingarms.ee\/lt\/wp-json\/wp\/v2\/product_cat?post=149808"},{"taxonomy":"product_tag","embeddable":true,"href":"https:\/\/kingarms.ee\/lt\/wp-json\/wp\/v2\/product_tag?post=149808"}],"curies":[{"name":"wp","href":"https:\/\/api.w.org\/{rel}","templated":true}]}}