{"id":149809,"date":"2024-01-18T17:01:12","date_gmt":"2025-05-25T12:15:41","guid":{"rendered":"https:\/\/kingarms.ee\/product\/3-9h40aoeg-optinis-taikiklis-orteksas\/"},"modified":"2025-05-25T15:15:41","modified_gmt":"2025-05-25T12:15:41","slug":"3-9h40aoeg-optinis-taikiklis-orteksas","status":"publish","type":"product","link":"https:\/\/kingarms.ee\/lt\/product\/3-9h40aoeg-optinis-taikiklis-orteksas\/","title":{"rendered":"3-9h40aoeg optinis taikiklis (Orteksas)"},"content":{"rendered":"","protected":false},"excerpt":{"rendered":"<p>3-9h40aoeg optinis taikiklis (Orteksas)<\/p>\n<p>40 mm objektyvas su HD performance daugiasluoksniais l\u0119\u0161iais padidina \u0161viesos pralaidum\u0105 su keliomis antirefleksin\u0117mis dangomis ant vis\u0173 oro stiklo pavir\u0161i\u0173.<br \/>\n\u0160autuvo taikinys, pagamintas i\u0161 kaliojo aliuminio lydinio, yra patvarus. Visi\u0161kai sandarus ir 100% u\u017epildytas azotu daro taktin\u012f reg\u0117jim\u0105 r\u016bko ir lietaus.<br \/>\nRaudonai ir \u017ealiai ap\u0161viestas plauk\u0173 d\u017eiovintuvas, 5 kiekvienos spalvos ry\u0161kumo nustatymai leid\u017eia \u0161auliams rasti tobul\u0105 ry\u0161kum\u0105, reikaling\u0105 skirtingoms ap\u0161vietimo ir oro s\u0105lygoms. <\/p>\n","protected":false},"featured_media":134049,"template":"","meta":{"_acf_changed":false},"product_brand":[],"product_cat":[1205],"product_tag":[],"class_list":{"0":"post-149809","1":"product","2":"type-product","3":"status-publish","4":"has-post-thumbnail","6":"product_cat-vaizdai-lt","8":"first","9":"instock","10":"taxable","11":"shipping-taxable","12":"purchasable","13":"product-type-simple"},"acf":[],"_links":{"self":[{"href":"https:\/\/kingarms.ee\/lt\/wp-json\/wp\/v2\/product\/149809","targetHints":{"allow":["GET"]}}],"collection":[{"href":"https:\/\/kingarms.ee\/lt\/wp-json\/wp\/v2\/product"}],"about":[{"href":"https:\/\/kingarms.ee\/lt\/wp-json\/wp\/v2\/types\/product"}],"wp:featuredmedia":[{"embeddable":true,"href":"https:\/\/kingarms.ee\/lt\/wp-json\/wp\/v2\/media\/134049"}],"wp:attachment":[{"href":"https:\/\/kingarms.ee\/lt\/wp-json\/wp\/v2\/media?parent=149809"}],"wp:term":[{"taxonomy":"product_brand","embeddable":true,"href":"https:\/\/kingarms.ee\/lt\/wp-json\/wp\/v2\/product_brand?post=149809"},{"taxonomy":"product_cat","embeddable":true,"href":"https:\/\/kingarms.ee\/lt\/wp-json\/wp\/v2\/product_cat?post=149809"},{"taxonomy":"product_tag","embeddable":true,"href":"https:\/\/kingarms.ee\/lt\/wp-json\/wp\/v2\/product_tag?post=149809"}],"curies":[{"name":"wp","href":"https:\/\/api.w.org\/{rel}","templated":true}]}}