{"id":149819,"date":"2024-01-17T14:42:11","date_gmt":"2025-05-25T12:20:33","guid":{"rendered":"https:\/\/kingarms.ee\/product\/sulankstoma-kede\/"},"modified":"2025-05-25T15:20:33","modified_gmt":"2025-05-25T12:20:33","slug":"sulankstoma-kede","status":"publish","type":"product","link":"https:\/\/kingarms.ee\/lt\/product\/sulankstoma-kede\/","title":{"rendered":"Sulankstoma k\u0117d\u0117"},"content":{"rendered":"","protected":false},"excerpt":{"rendered":"<p>Sulankstoma k\u0117d\u0117<\/p>\n<p>stabilus metalinis vamzd\u017eio r\u0117mas<br \/>\nnuimamas galvos apdangalas su patogia pagalve<br \/>\nde\u0161inysis porankis su integruotu butelio laikikliu<br \/>\ntransportavimo krep\u0161ys su ne\u0161iojimo dir\u017eeliu ir rai\u0161teliu<br \/>\nS\u0117dyn\u0117s auk\u0161tis: apytiksliai. 40 cm<br \/>\nmax. apkrova: apytiksliai. 110 kg<br \/>\n(jei naudojamas teisingai!)<br \/>\nPakuot\u0117s dydis: apytiksliai. 100 &#8211; 18-14 cm (P-L-H)<br \/>\nMatmenys atsiskleid\u0117:<br \/>\nca. 95 &#8211; 83-70 cm (P-L-H)<br \/>\nSvoris su transportavimo krep\u0161iu: apytiksliai. 3,7 kg      <\/p>\n<p>Med\u017eiaga:<br \/>\nDanga: 100% poliesteris<br \/>\nR\u0117mas: 100% metalas<\/p>\n","protected":false},"featured_media":134291,"template":"","meta":{"_acf_changed":false},"product_brand":[],"product_cat":[1263],"product_tag":[],"class_list":{"0":"post-149819","1":"product","2":"type-product","3":"status-publish","4":"has-post-thumbnail","6":"product_cat-kelioniu-prekes","8":"first","9":"instock","10":"taxable","11":"shipping-taxable","12":"purchasable","13":"product-type-simple"},"acf":[],"_links":{"self":[{"href":"https:\/\/kingarms.ee\/lt\/wp-json\/wp\/v2\/product\/149819","targetHints":{"allow":["GET"]}}],"collection":[{"href":"https:\/\/kingarms.ee\/lt\/wp-json\/wp\/v2\/product"}],"about":[{"href":"https:\/\/kingarms.ee\/lt\/wp-json\/wp\/v2\/types\/product"}],"wp:featuredmedia":[{"embeddable":true,"href":"https:\/\/kingarms.ee\/lt\/wp-json\/wp\/v2\/media\/134291"}],"wp:attachment":[{"href":"https:\/\/kingarms.ee\/lt\/wp-json\/wp\/v2\/media?parent=149819"}],"wp:term":[{"taxonomy":"product_brand","embeddable":true,"href":"https:\/\/kingarms.ee\/lt\/wp-json\/wp\/v2\/product_brand?post=149819"},{"taxonomy":"product_cat","embeddable":true,"href":"https:\/\/kingarms.ee\/lt\/wp-json\/wp\/v2\/product_cat?post=149819"},{"taxonomy":"product_tag","embeddable":true,"href":"https:\/\/kingarms.ee\/lt\/wp-json\/wp\/v2\/product_tag?post=149819"}],"curies":[{"name":"wp","href":"https:\/\/api.w.org\/{rel}","templated":true}]}}