{"id":149820,"date":"2024-01-17T13:31:46","date_gmt":"2025-05-25T12:27:16","guid":{"rendered":"https:\/\/kingarms.ee\/product\/dirzo-krepsys\/"},"modified":"2025-05-25T15:27:16","modified_gmt":"2025-05-25T12:27:16","slug":"dirzo-krepsys","status":"publish","type":"product","link":"https:\/\/kingarms.ee\/lt\/product\/dirzo-krepsys\/","title":{"rendered":"Dir\u017eo krep\u0161ys"},"content":{"rendered":"","protected":false},"excerpt":{"rendered":"<p>Dir\u017eo krep\u0161ys<\/p>\n<p>reguliuojamas u\u017esegamas juosmens dir\u017eas<br \/>\n1 ki\u0161en\u0117 su u\u017etrauktuku kiekvienoje pus\u0117je<br \/>\n1 tinklin\u0117 ki\u0161en\u0117 g\u0117rim\u0173 buteliui<br \/>\nreguliuojamas dir\u017eelis fiksavimui<br \/>\n1 pagrindinis stal\u010dius su 1 i\u0161traukiamu stal\u010diumi<br \/>\nsu u\u017etrauktuku<br \/>\n1 ki\u0161en\u0117 su u\u017etrauktuku<br \/>\n1 vir\u0161utin\u0117 ne\u0161iojimo rankena<br \/>\nsh. butelis (ca 500 ml) pagamintas i\u0161 PVC<br \/>\nPagrindiniai kameros matmenys:<br \/>\nca. 21 &#8211; 16 &#8211; 6 cm (L-S)<br \/>\nSvoris: apytiksliai. 330 g   <\/p>\n<p>Med\u017eiaga:<br \/>\n100% poliesteris<br \/>\n\u200b<\/p>\n","protected":false},"featured_media":133886,"template":"","meta":{"_acf_changed":false},"product_brand":[],"product_cat":[1245,1240,1244],"product_tag":[],"class_list":{"0":"post-149820","1":"product","2":"type-product","3":"status-publish","4":"has-post-thumbnail","6":"product_cat-maisai-lt","7":"product_cat-maiseliai-krepsiai-ir-dirzeliai","8":"product_cat-vandens-maiseliai","10":"first","11":"instock","12":"taxable","13":"shipping-taxable","14":"purchasable","15":"product-type-simple"},"acf":[],"_links":{"self":[{"href":"https:\/\/kingarms.ee\/lt\/wp-json\/wp\/v2\/product\/149820","targetHints":{"allow":["GET"]}}],"collection":[{"href":"https:\/\/kingarms.ee\/lt\/wp-json\/wp\/v2\/product"}],"about":[{"href":"https:\/\/kingarms.ee\/lt\/wp-json\/wp\/v2\/types\/product"}],"wp:featuredmedia":[{"embeddable":true,"href":"https:\/\/kingarms.ee\/lt\/wp-json\/wp\/v2\/media\/133886"}],"wp:attachment":[{"href":"https:\/\/kingarms.ee\/lt\/wp-json\/wp\/v2\/media?parent=149820"}],"wp:term":[{"taxonomy":"product_brand","embeddable":true,"href":"https:\/\/kingarms.ee\/lt\/wp-json\/wp\/v2\/product_brand?post=149820"},{"taxonomy":"product_cat","embeddable":true,"href":"https:\/\/kingarms.ee\/lt\/wp-json\/wp\/v2\/product_cat?post=149820"},{"taxonomy":"product_tag","embeddable":true,"href":"https:\/\/kingarms.ee\/lt\/wp-json\/wp\/v2\/product_tag?post=149820"}],"curies":[{"name":"wp","href":"https:\/\/api.w.org\/{rel}","templated":true}]}}