{"id":149824,"date":"2024-01-17T13:25:54","date_gmt":"2025-05-25T12:28:24","guid":{"rendered":"https:\/\/kingarms.ee\/product\/elmabur\/"},"modified":"2025-05-25T15:28:24","modified_gmt":"2025-05-25T12:28:24","slug":"elmabur","status":"publish","type":"product","link":"https:\/\/kingarms.ee\/lt\/product\/elmabur\/","title":{"rendered":"Elmabur"},"content":{"rendered":"","protected":false},"excerpt":{"rendered":"<p>Elmabur<\/p>\n<p>naudoti de\u0161iniarankiams<br \/>\n2 reguliuojami, nuimami koj\u0173 dir\u017eeliai su<br \/>\nspustel\u0117kite u\u017edarymas ir elastingas \u012fd\u0117klas<br \/>\nnuimamas, reguliuojamas dir\u017eelis su<br \/>\nspustel\u0117kite U\u017edaryti<br \/>\ndir\u017eo kilpos tvirtinimas kabliu<br \/>\ndir\u017eeliai iki ma\u017edaug. 7 cm<br \/>\nd\u0117klas su reguliuojamu kabliu ir kilpa<br \/>\nir 2 Paspauskite mygtukus<br \/>\n\u012f \u0161on\u0105 pritvirtintas \u017eurnalo krep\u0161ys<br \/>\nnuimamas, reguliuojamas kablio kilpos laikiklis <\/p>\n<p>Med\u017eiaga:<br \/>\n100% poliesteris<\/p>\n","protected":false},"featured_media":134395,"template":"","meta":{"_acf_changed":false},"product_brand":[],"product_cat":[1163],"product_tag":[],"class_list":{"0":"post-149824","1":"product","2":"type-product","3":"status-publish","4":"has-post-thumbnail","6":"product_cat-kabur","8":"first","9":"instock","10":"taxable","11":"shipping-taxable","12":"purchasable","13":"product-type-simple"},"acf":[],"_links":{"self":[{"href":"https:\/\/kingarms.ee\/lt\/wp-json\/wp\/v2\/product\/149824","targetHints":{"allow":["GET"]}}],"collection":[{"href":"https:\/\/kingarms.ee\/lt\/wp-json\/wp\/v2\/product"}],"about":[{"href":"https:\/\/kingarms.ee\/lt\/wp-json\/wp\/v2\/types\/product"}],"wp:featuredmedia":[{"embeddable":true,"href":"https:\/\/kingarms.ee\/lt\/wp-json\/wp\/v2\/media\/134395"}],"wp:attachment":[{"href":"https:\/\/kingarms.ee\/lt\/wp-json\/wp\/v2\/media?parent=149824"}],"wp:term":[{"taxonomy":"product_brand","embeddable":true,"href":"https:\/\/kingarms.ee\/lt\/wp-json\/wp\/v2\/product_brand?post=149824"},{"taxonomy":"product_cat","embeddable":true,"href":"https:\/\/kingarms.ee\/lt\/wp-json\/wp\/v2\/product_cat?post=149824"},{"taxonomy":"product_tag","embeddable":true,"href":"https:\/\/kingarms.ee\/lt\/wp-json\/wp\/v2\/product_tag?post=149824"}],"curies":[{"name":"wp","href":"https:\/\/api.w.org\/{rel}","templated":true}]}}