{"id":149826,"date":"2022-09-20T15:54:05","date_gmt":"2025-05-25T12:29:08","guid":{"rendered":"https:\/\/kingarms.ee\/product\/silumos-fotoaparatas-hikvision-lynx-c06\/"},"modified":"2025-05-25T15:29:08","modified_gmt":"2025-05-25T12:29:08","slug":"silumos-fotoaparatas-hikvision-lynx-c06","status":"publish","type":"product","link":"https:\/\/kingarms.ee\/lt\/product\/silumos-fotoaparatas-hikvision-lynx-c06\/","title":{"rendered":"\u0160ilumos fotoaparatas \u201eHikvision Lynx C06\u201c"},"content":{"rendered":"<p><img loading=\"lazy\" decoding=\"async\" class=\"alignnone size-medium wp-image-61713\" src=\"https:\/\/kingarms.ee\/wp-content\/uploads\/2022\/09\/kamera-termowizyjna-termowizor-hikmicro-by-hikvision-lynx-c06-699b02dd777e4f69b34fe3b4cfd9b241-91abfef5-300x300.jpeg\" alt=\"\" width=\"300\" height=\"300\" srcset=\"https:\/\/kingarms.ee\/wp-content\/uploads\/2022\/09\/kamera-termowizyjna-termowizor-hikmicro-by-hikvision-lynx-c06-699b02dd777e4f69b34fe3b4cfd9b241-91abfef5-300x300.jpeg 300w, https:\/\/kingarms.ee\/wp-content\/uploads\/2022\/09\/kamera-termowizyjna-termowizor-hikmicro-by-hikvision-lynx-c06-699b02dd777e4f69b34fe3b4cfd9b241-91abfef5-150x150.jpeg 150w, https:\/\/kingarms.ee\/wp-content\/uploads\/2022\/09\/kamera-termowizyjna-termowizor-hikmicro-by-hikvision-lynx-c06-699b02dd777e4f69b34fe3b4cfd9b241-91abfef5-768x768.jpeg 768w, https:\/\/kingarms.ee\/wp-content\/uploads\/2022\/09\/kamera-termowizyjna-termowizor-hikmicro-by-hikvision-lynx-c06-699b02dd777e4f69b34fe3b4cfd9b241-91abfef5-500x500.jpeg 500w, https:\/\/kingarms.ee\/wp-content\/uploads\/2022\/09\/kamera-termowizyjna-termowizor-hikmicro-by-hikvision-lynx-c06-699b02dd777e4f69b34fe3b4cfd9b241-91abfef5.jpeg 900w\" sizes=\"auto, (max-width: 300px) 100vw, 300px\" \/><\/p>\n","protected":false},"excerpt":{"rendered":"<p>\u0160ilumos fotoaparatas \u201eHikvision Lynx C06\u201c<\/p>\n<p>Ma\u017ea \u0161ilumos kamera monocle HIKMICRO l\u016b\u0161is LC06 i\u0161 did\u017eiausio pasaulyje vaizdo steb\u0117jimo ir apsaugos kamer\u0173 gamintojo HikVision.<\/p>\n<p>&#8211; Jautrus 160-120, 17 m jutiklis u\u017etikrina ger\u0105 vaizd\u0105.<br \/>\n&#8211; Termovizoriaus diapazonas iki 219 metr\u0173.<br \/>\n&#8211; Per T-Vision program\u0105 i\u0161manusis \u012frenginys gali b\u016bti naudojamas kaip i\u0161orinis ekranas.<\/p>\n<p>Jutiklis: \u201eVox\u201c neu\u017e\u0161vir\u0119 \u017eidinio plano matricos<br \/>\nRezoliucija: 160 \u00d7 120<br \/>\nHz: 50Hz<br \/>\nPixel Dydis: 17 \u00b5m<br \/>\nBangos ilgis: 8 \u00b5m &#8211; 14 \u00b5m<br \/>\nNetd: ma\u017eesnis nei 35 mk (@ 25 \u00b0 C, F # = 1,1)<br \/>\n\u017didinio ilgis: 6,2 mm<br \/>\nIFOV: 2.74 MRAD kampas<br \/>\nPer\u017ei\u016bros laukas: 24,7 \u00b0 \u00d7 18,7 \u00b0 (H \u00d7 V)<br \/>\nDiafragma: F1.1<br \/>\nPadidinimas: 0,6\u20132,4<br \/>\n\u012ek\u0117limo \u012ftampa: 5 VDC \/ 2 A, 1,5 W, C tipo USB<br \/>\nDarbin\u0117 temperat\u016bra: -20 \u00b0 C iki 55 \u00b0 C<br \/>\nApsaugos klas\u0117: IP67<br \/>\nMatmenys: 158,3 \u00d7 61 \u00d7 57 mm<br \/>\nSvoris: 250 g<\/p>\n<p>Laetav li-ioonaku<br \/>\nT\u00f6\u00f6aeg: 10 tundi (@ 25 \u00b0 C) 7.5h koos Wi-FI hotspotiga.<br \/>\nSD card: integreeritud (8 GB)<br \/>\nSalvestamine: pildid ja videod<br \/>\nWi-Fi: jah<br \/>\nOotere\u017eiim: jah<br \/>\nEkraan: 0,2\u2033 LCOS, 720 \u00d7 540 v\u00e4rviline<br \/>\nSeaded: white hot, black hot, red hot, fusion<br \/>\nP\u00e4\u00e4stik: auto, manual, v\u00e4line<br \/>\nDigitaalne suurendus: 1 \u00d7, 2 \u00d7, 4 \u00d7<br \/>\nHot Track: jah<\/p>\n","protected":false},"featured_media":123370,"template":"","meta":{"_acf_changed":false},"product_brand":[],"product_cat":[1182],"product_tag":[],"class_list":{"0":"post-149826","1":"product","2":"type-product","3":"status-publish","4":"has-post-thumbnail","6":"product_cat-silumines-kameros","8":"first","9":"onbackorder","10":"taxable","11":"shipping-taxable","12":"product-type-simple"},"acf":[],"_links":{"self":[{"href":"https:\/\/kingarms.ee\/lt\/wp-json\/wp\/v2\/product\/149826","targetHints":{"allow":["GET"]}}],"collection":[{"href":"https:\/\/kingarms.ee\/lt\/wp-json\/wp\/v2\/product"}],"about":[{"href":"https:\/\/kingarms.ee\/lt\/wp-json\/wp\/v2\/types\/product"}],"wp:featuredmedia":[{"embeddable":true,"href":"https:\/\/kingarms.ee\/lt\/wp-json\/wp\/v2\/media\/123370"}],"wp:attachment":[{"href":"https:\/\/kingarms.ee\/lt\/wp-json\/wp\/v2\/media?parent=149826"}],"wp:term":[{"taxonomy":"product_brand","embeddable":true,"href":"https:\/\/kingarms.ee\/lt\/wp-json\/wp\/v2\/product_brand?post=149826"},{"taxonomy":"product_cat","embeddable":true,"href":"https:\/\/kingarms.ee\/lt\/wp-json\/wp\/v2\/product_cat?post=149826"},{"taxonomy":"product_tag","embeddable":true,"href":"https:\/\/kingarms.ee\/lt\/wp-json\/wp\/v2\/product_tag?post=149826"}],"curies":[{"name":"wp","href":"https:\/\/api.w.org\/{rel}","templated":true}]}}