{"id":149827,"date":"2024-01-17T13:13:50","date_gmt":"2025-05-25T12:29:20","guid":{"rendered":"https:\/\/kingarms.ee\/product\/peciu-krepsys-2\/"},"modified":"2025-05-25T15:29:20","modified_gmt":"2025-05-25T12:29:20","slug":"peciu-krepsys-2","status":"publish","type":"product","link":"https:\/\/kingarms.ee\/lt\/product\/peciu-krepsys-2\/","title":{"rendered":"Pe\u010di\u0173 krep\u0161ys"},"content":{"rendered":"","protected":false},"excerpt":{"rendered":"<p>Pe\u010di\u0173 krep\u0161ys<\/p>\n<p>reguliuojamas, nuimamas paspaudimo dir\u017eelis<br \/>\ndir\u017eo tvirtinimas gale ir vir\u0161uje<br \/>\ndir\u017eo u\u017esegimas dir\u017eams iki apytiksliai. 5 cm spaudimas<br \/>\nmygtukai ir Dir\u017eai iki ma\u017edaug. 12 cm atstumu<br \/>\nkablio kilpos tvirtinimas<br \/>\n2 integruoti sandarinimo dir\u017eai<br \/>\nne\u0161iojimo rankena ir 2 paspaudim\u0173 u\u017edarymas<br \/>\ndidelis pagrindinis stal\u010dius su u\u017etrauktuku ir tinkline ki\u0161ene<br \/>\n2 \u0161onuose sumontuotos ki\u0161en\u0117s su u\u017etrauktuku ir<br \/>\ntvirtinimo kilpos<br \/>\nfiksuota priekin\u0117 ki\u0161en\u0117 su 3 i\u0161traukiamais skyriais<br \/>\nir pritvirtintos kilpos ir 1 pie\u0161tuko laikiklis<br \/>\ni\u0161 abiej\u0173 pusi\u0173<br \/>\nMatmenys: apytiksliai. 30 &#8211; 15 &#8211; 7 cm (L-S)<br \/>\nSvoris: apytiksliai. 550 g    <\/p>\n<p>Med\u017eiaga:<br \/>\n100% poliesteris<\/p>\n","protected":false},"featured_media":133850,"template":"","meta":{"_acf_changed":false},"product_brand":[],"product_cat":[1240,1241],"product_tag":[],"class_list":{"0":"post-149827","1":"product","2":"type-product","3":"status-publish","4":"has-post-thumbnail","6":"product_cat-maiseliai-krepsiai-ir-dirzeliai","7":"product_cat-peciu-krepsiai","9":"first","10":"instock","11":"taxable","12":"shipping-taxable","13":"purchasable","14":"product-type-simple"},"acf":[],"_links":{"self":[{"href":"https:\/\/kingarms.ee\/lt\/wp-json\/wp\/v2\/product\/149827","targetHints":{"allow":["GET"]}}],"collection":[{"href":"https:\/\/kingarms.ee\/lt\/wp-json\/wp\/v2\/product"}],"about":[{"href":"https:\/\/kingarms.ee\/lt\/wp-json\/wp\/v2\/types\/product"}],"wp:featuredmedia":[{"embeddable":true,"href":"https:\/\/kingarms.ee\/lt\/wp-json\/wp\/v2\/media\/133850"}],"wp:attachment":[{"href":"https:\/\/kingarms.ee\/lt\/wp-json\/wp\/v2\/media?parent=149827"}],"wp:term":[{"taxonomy":"product_brand","embeddable":true,"href":"https:\/\/kingarms.ee\/lt\/wp-json\/wp\/v2\/product_brand?post=149827"},{"taxonomy":"product_cat","embeddable":true,"href":"https:\/\/kingarms.ee\/lt\/wp-json\/wp\/v2\/product_cat?post=149827"},{"taxonomy":"product_tag","embeddable":true,"href":"https:\/\/kingarms.ee\/lt\/wp-json\/wp\/v2\/product_tag?post=149827"}],"curies":[{"name":"wp","href":"https:\/\/api.w.org\/{rel}","templated":true}]}}