{"id":149834,"date":"2022-04-11T11:45:06","date_gmt":"2025-05-25T12:31:48","guid":{"rendered":"https:\/\/kingarms.ee\/product\/dekoratyviniai-katana-sv1356\/"},"modified":"2025-05-25T15:31:48","modified_gmt":"2025-05-25T12:31:48","slug":"dekoratyviniai-katana-sv1356","status":"publish","type":"product","link":"https:\/\/kingarms.ee\/lt\/product\/dekoratyviniai-katana-sv1356\/","title":{"rendered":"DEKORATYVINIAI KATANA SV1356"},"content":{"rendered":"","protected":false},"excerpt":{"rendered":"<p>DEKORATYVINIAI KATANA SV1356<br \/>\nUnsharpened ir ne nurod\u0117<br \/>\nRankov\u0117 balta su m\u0117lynu \u0161ilko drakonu<br \/>\nApvalus drakonas tsuba<\/p>\n","protected":false},"featured_media":116332,"template":"","meta":{"_acf_changed":false},"product_brand":[],"product_cat":[1271],"product_tag":[],"class_list":{"0":"post-149834","1":"product","2":"type-product","3":"status-publish","4":"has-post-thumbnail","6":"product_cat-katana-tanto-lt","8":"first","9":"onbackorder","10":"taxable","11":"shipping-taxable","12":"product-type-simple"},"acf":[],"_links":{"self":[{"href":"https:\/\/kingarms.ee\/lt\/wp-json\/wp\/v2\/product\/149834","targetHints":{"allow":["GET"]}}],"collection":[{"href":"https:\/\/kingarms.ee\/lt\/wp-json\/wp\/v2\/product"}],"about":[{"href":"https:\/\/kingarms.ee\/lt\/wp-json\/wp\/v2\/types\/product"}],"wp:featuredmedia":[{"embeddable":true,"href":"https:\/\/kingarms.ee\/lt\/wp-json\/wp\/v2\/media\/116332"}],"wp:attachment":[{"href":"https:\/\/kingarms.ee\/lt\/wp-json\/wp\/v2\/media?parent=149834"}],"wp:term":[{"taxonomy":"product_brand","embeddable":true,"href":"https:\/\/kingarms.ee\/lt\/wp-json\/wp\/v2\/product_brand?post=149834"},{"taxonomy":"product_cat","embeddable":true,"href":"https:\/\/kingarms.ee\/lt\/wp-json\/wp\/v2\/product_cat?post=149834"},{"taxonomy":"product_tag","embeddable":true,"href":"https:\/\/kingarms.ee\/lt\/wp-json\/wp\/v2\/product_tag?post=149834"}],"curies":[{"name":"wp","href":"https:\/\/api.w.org\/{rel}","templated":true}]}}