{"id":149835,"date":"2024-01-17T12:48:26","date_gmt":"2025-05-25T12:31:54","guid":{"rendered":"https:\/\/kingarms.ee\/product\/didelis-pirmosios-pagalbos-krepsys-3\/"},"modified":"2025-05-25T15:31:54","modified_gmt":"2025-05-25T12:31:54","slug":"didelis-pirmosios-pagalbos-krepsys-3","status":"publish","type":"product","link":"https:\/\/kingarms.ee\/lt\/product\/didelis-pirmosios-pagalbos-krepsys-3\/","title":{"rendered":"Didelis pirmosios pagalbos krep\u0161ys"},"content":{"rendered":"","protected":false},"excerpt":{"rendered":"<p>Didelis pirmosios pagalbos krep\u0161ys<\/p>\n<p>nuimama kablio kilpos Molle guolio plok\u0161t\u0117<br \/>\nir 2 d-\u017eiedai ir 2 Molle tvirtinimo dir\u017eeliai<br \/>\nant nugaros su Paspauskite mygtuk\u0105<br \/>\nNuimamas ir reguliuojamas pe\u010di\u0173 dir\u017eas<br \/>\npriekin\u0117s Molle montavimo kilpos<br \/>\nreguliuojamas saugos dir\u017eas su kablio kilpa<br \/>\nnuimama ne\u0161iojimo rankena, raudona<br \/>\nkablio ir kilpos \u017eym\u0117jimas<br \/>\nkilpinis skydelis su pleistru &#8220;pirmoji pagalba&#8221;.<br \/>\n1 pagrindinis stal\u010dius su dvipusiu u\u017eraktu<br \/>\nskirtingi cut-in l\u0105stel\u0117s ir<br \/>\ngumin\u0117s kilpos viduje<br \/>\nPristatoma be turinio!<br \/>\nMatmenys: apytiksliai. 21 &#8211; 22-12 cm (L-S) <\/p>\n<p>Med\u017eiaga:<br \/>\n100% poliesteris<\/p>\n","protected":false},"featured_media":134351,"template":"","meta":{"_acf_changed":false},"product_brand":[],"product_cat":[1246,1240],"product_tag":[],"class_list":{"0":"post-149835","1":"product","2":"type-product","3":"status-publish","4":"has-post-thumbnail","6":"product_cat-kisenes","7":"product_cat-maiseliai-krepsiai-ir-dirzeliai","9":"first","10":"instock","11":"taxable","12":"shipping-taxable","13":"purchasable","14":"product-type-simple"},"acf":[],"_links":{"self":[{"href":"https:\/\/kingarms.ee\/lt\/wp-json\/wp\/v2\/product\/149835","targetHints":{"allow":["GET"]}}],"collection":[{"href":"https:\/\/kingarms.ee\/lt\/wp-json\/wp\/v2\/product"}],"about":[{"href":"https:\/\/kingarms.ee\/lt\/wp-json\/wp\/v2\/types\/product"}],"wp:featuredmedia":[{"embeddable":true,"href":"https:\/\/kingarms.ee\/lt\/wp-json\/wp\/v2\/media\/134351"}],"wp:attachment":[{"href":"https:\/\/kingarms.ee\/lt\/wp-json\/wp\/v2\/media?parent=149835"}],"wp:term":[{"taxonomy":"product_brand","embeddable":true,"href":"https:\/\/kingarms.ee\/lt\/wp-json\/wp\/v2\/product_brand?post=149835"},{"taxonomy":"product_cat","embeddable":true,"href":"https:\/\/kingarms.ee\/lt\/wp-json\/wp\/v2\/product_cat?post=149835"},{"taxonomy":"product_tag","embeddable":true,"href":"https:\/\/kingarms.ee\/lt\/wp-json\/wp\/v2\/product_tag?post=149835"}],"curies":[{"name":"wp","href":"https:\/\/api.w.org\/{rel}","templated":true}]}}