{"id":149836,"date":"2024-01-17T12:25:05","date_gmt":"2025-05-25T12:32:24","guid":{"rendered":"https:\/\/kingarms.ee\/product\/vandens-maiselis-25-l-2\/"},"modified":"2025-05-25T15:32:24","modified_gmt":"2025-05-25T12:32:24","slug":"vandens-maiselis-25-l-2","status":"publish","type":"product","link":"https:\/\/kingarms.ee\/lt\/product\/vandens-maiselis-25-l-2\/","title":{"rendered":"Vandens mai\u0161elis 2,5 l<br><br>"},"content":{"rendered":"","protected":false},"excerpt":{"rendered":"<p>Vandens mai\u0161elis 2,5 l<\/p>\n<p>reguliuojami pe\u010di\u0173 dir\u017eeliai su 2 d \u017eiedais<br \/>\nir 1 spustel\u0117kite u\u017edarymas<br \/>\nreguliuojamas kr\u016btin\u0117s dir\u017eelis<br \/>\ngalin\u0117 dalis su specialiai strukt\u016brizuota apmu\u0161alais<br \/>\nventiliacijai ir i\u0161traukiamai kamerai<br \/>\n1 ne\u0161iojimo rankena vir\u0161uje ir priekyje<br \/>\n4 \u0161oniniai D \u017eiedai<br \/>\nMatmenys: apytiksliai. 22 &#8211; 45 &#8211; 2,5 cm<br \/>\nSvoris: apytiksliai. 500 g  <\/p>\n<p>Med\u017eiaga:<br \/>\n100% poliesteris<\/p>\n","protected":false},"featured_media":134363,"template":"","meta":{"_acf_changed":false},"product_brand":[],"product_cat":[1240,1244],"product_tag":[],"class_list":{"0":"post-149836","1":"product","2":"type-product","3":"status-publish","4":"has-post-thumbnail","6":"product_cat-maiseliai-krepsiai-ir-dirzeliai","7":"product_cat-vandens-maiseliai","9":"first","10":"instock","11":"taxable","12":"shipping-taxable","13":"purchasable","14":"product-type-simple"},"acf":[],"_links":{"self":[{"href":"https:\/\/kingarms.ee\/lt\/wp-json\/wp\/v2\/product\/149836","targetHints":{"allow":["GET"]}}],"collection":[{"href":"https:\/\/kingarms.ee\/lt\/wp-json\/wp\/v2\/product"}],"about":[{"href":"https:\/\/kingarms.ee\/lt\/wp-json\/wp\/v2\/types\/product"}],"wp:featuredmedia":[{"embeddable":true,"href":"https:\/\/kingarms.ee\/lt\/wp-json\/wp\/v2\/media\/134363"}],"wp:attachment":[{"href":"https:\/\/kingarms.ee\/lt\/wp-json\/wp\/v2\/media?parent=149836"}],"wp:term":[{"taxonomy":"product_brand","embeddable":true,"href":"https:\/\/kingarms.ee\/lt\/wp-json\/wp\/v2\/product_brand?post=149836"},{"taxonomy":"product_cat","embeddable":true,"href":"https:\/\/kingarms.ee\/lt\/wp-json\/wp\/v2\/product_cat?post=149836"},{"taxonomy":"product_tag","embeddable":true,"href":"https:\/\/kingarms.ee\/lt\/wp-json\/wp\/v2\/product_tag?post=149836"}],"curies":[{"name":"wp","href":"https:\/\/api.w.org\/{rel}","templated":true}]}}