{"id":149870,"date":"2022-04-06T00:35:00","date_gmt":"2025-05-25T12:39:53","guid":{"rendered":"https:\/\/kingarms.ee\/product\/greitas-pj-salmas-kopija-tan-em\/"},"modified":"2025-05-25T15:39:53","modified_gmt":"2025-05-25T12:39:53","slug":"greitas-pj-salmas-kopija-tan-em","status":"publish","type":"product","link":"https:\/\/kingarms.ee\/lt\/product\/greitas-pj-salmas-kopija-tan-em\/","title":{"rendered":"GREITAS PJ \u0160ALMAS KOPIJA TAN EM"},"content":{"rendered":"","protected":false},"excerpt":{"rendered":"<p>GREITAS PJ \u0160ALMAS KOPIJA TAN EM<\/p>\n<p>\u0160almas suteikia lengv\u0105 ir stiling\u0105 dizain\u0105. Gera ventiliacija ir puikus prigludimas su patogiais pamu\u0161alais ir karinio stiliaus smakru u\u017etikrina patog\u0173 ir tvirt\u0105 prigludim\u0105. <\/p>\n<p>Pastaba! Max. galvos apimtis: 60cm  <\/p>\n","protected":false},"featured_media":116128,"template":"","meta":{"_acf_changed":false},"product_brand":[],"product_cat":[1222,1216],"product_tag":[],"class_list":{"0":"post-149870","1":"product","2":"type-product","3":"status-publish","4":"has-post-thumbnail","6":"product_cat-airsoft-lt-2","7":"product_cat-salmai","9":"first","10":"instock","11":"taxable","12":"shipping-taxable","13":"purchasable","14":"product-type-simple"},"acf":[],"_links":{"self":[{"href":"https:\/\/kingarms.ee\/lt\/wp-json\/wp\/v2\/product\/149870","targetHints":{"allow":["GET"]}}],"collection":[{"href":"https:\/\/kingarms.ee\/lt\/wp-json\/wp\/v2\/product"}],"about":[{"href":"https:\/\/kingarms.ee\/lt\/wp-json\/wp\/v2\/types\/product"}],"wp:featuredmedia":[{"embeddable":true,"href":"https:\/\/kingarms.ee\/lt\/wp-json\/wp\/v2\/media\/116128"}],"wp:attachment":[{"href":"https:\/\/kingarms.ee\/lt\/wp-json\/wp\/v2\/media?parent=149870"}],"wp:term":[{"taxonomy":"product_brand","embeddable":true,"href":"https:\/\/kingarms.ee\/lt\/wp-json\/wp\/v2\/product_brand?post=149870"},{"taxonomy":"product_cat","embeddable":true,"href":"https:\/\/kingarms.ee\/lt\/wp-json\/wp\/v2\/product_cat?post=149870"},{"taxonomy":"product_tag","embeddable":true,"href":"https:\/\/kingarms.ee\/lt\/wp-json\/wp\/v2\/product_tag?post=149870"}],"curies":[{"name":"wp","href":"https:\/\/api.w.org\/{rel}","templated":true}]}}