{"id":149984,"date":"2022-07-18T12:31:46","date_gmt":"2022-07-18T09:31:46","guid":{"rendered":"https:\/\/kingarms.ee\/product\/kobra-sistema-junginys-arbaletas-150-svaru-ek-saudymas-is-lanko\/"},"modified":"2025-05-25T16:11:57","modified_gmt":"2025-05-25T13:11:57","slug":"kobra-sistema-junginys-arbaletas-150-svaru-ek-saudymas-is-lanko","status":"publish","type":"product","link":"https:\/\/kingarms.ee\/lt\/product\/kobra-sistema-junginys-arbaletas-150-svaru-ek-saudymas-is-lanko\/","title":{"rendered":"KOBRA SISTEMA JUNGINYS ARBALETAS 150 SVAR\u0172 [EK \u0160AUDYMAS I\u0160 LANKO]"},"content":{"rendered":"","protected":false},"excerpt":{"rendered":"<p>Kobra sistema junginys arbaletas 150 svar\u0173 [ek \u0160audymas i\u0161 lanko]<\/p>\n<p>Sud\u0117tinis arbaletas su savaime u\u017esifiksuojan\u010dia apatine tvirtinimo sistema<br \/>\nLygiosios svoris: 150 svar\u0173<br \/>\nGreitis: 300 kadr\u0173 per sekund\u0119<br \/>\nMaitinimo Sm\u016bgis: 8,25&#8243;<br \/>\nA\u0161is iki a\u0161ies 6,875&#8243; trikampis &#8211; 10.5 &#8221; uncocked<br \/>\nStiklo pluo\u0161to gal\u016bn\u0117s<br \/>\nStandartinis 20 mm vir\u0161utinis b\u0117gis<br \/>\nI\u0161traukiamas akcij\u0173 AR15 \/ M16 stilius<br \/>\nAliuminio raudono ta\u0161ko priartinimo 4 kart\u0173 objektyvas 32 mm ap\u0161viestas raudonai arba m\u0117lynai<br \/>\nSulankstomas priekinis bipodas<br \/>\nErgonomi\u0161ka vertikali rankena<br \/>\n1 ta\u0161ko dir\u017eas su greitu atjungimu<br \/>\n3 kartus 15,5&#8243; anglies var\u017etai<br \/>\nGreitai nuimkite virpul\u012f<br \/>\nAkiniai, stygini\u0173 va\u0161kas<br \/>\nIlgis 820mm-925mm<br \/>\nSvoris 3400g<br \/>\nJuoda spalva<\/p>\n","protected":false},"featured_media":122976,"template":"","meta":{"_acf_changed":false},"product_brand":[],"product_cat":[1151,1152],"product_tag":[],"class_list":{"0":"post-149984","1":"product","2":"type-product","3":"status-publish","4":"has-post-thumbnail","6":"product_cat-lankai-ir-skersiniai","7":"product_cat-skersiniai","9":"first","10":"instock","11":"taxable","12":"shipping-taxable","13":"purchasable","14":"product-type-simple"},"acf":[],"_links":{"self":[{"href":"https:\/\/kingarms.ee\/lt\/wp-json\/wp\/v2\/product\/149984","targetHints":{"allow":["GET"]}}],"collection":[{"href":"https:\/\/kingarms.ee\/lt\/wp-json\/wp\/v2\/product"}],"about":[{"href":"https:\/\/kingarms.ee\/lt\/wp-json\/wp\/v2\/types\/product"}],"wp:featuredmedia":[{"embeddable":true,"href":"https:\/\/kingarms.ee\/lt\/wp-json\/wp\/v2\/media\/122976"}],"wp:attachment":[{"href":"https:\/\/kingarms.ee\/lt\/wp-json\/wp\/v2\/media?parent=149984"}],"wp:term":[{"taxonomy":"product_brand","embeddable":true,"href":"https:\/\/kingarms.ee\/lt\/wp-json\/wp\/v2\/product_brand?post=149984"},{"taxonomy":"product_cat","embeddable":true,"href":"https:\/\/kingarms.ee\/lt\/wp-json\/wp\/v2\/product_cat?post=149984"},{"taxonomy":"product_tag","embeddable":true,"href":"https:\/\/kingarms.ee\/lt\/wp-json\/wp\/v2\/product_tag?post=149984"}],"curies":[{"name":"wp","href":"https:\/\/api.w.org\/{rel}","templated":true}]}}