{"id":149993,"date":"2022-05-08T13:07:55","date_gmt":"2025-05-25T13:31:33","guid":{"rendered":"https:\/\/kingarms.ee\/product\/aks-74u-kalasnikovas\/"},"modified":"2025-05-25T16:31:33","modified_gmt":"2025-05-25T13:31:33","slug":"aks-74u-kalasnikovas","status":"publish","type":"product","link":"https:\/\/kingarms.ee\/lt\/product\/aks-74u-kalasnikovas\/","title":{"rendered":"AKS &#8211; 74U (Kala\u0161nikovas)"},"content":{"rendered":"<p><img loading=\"lazy\" decoding=\"async\" class=\"alignnone size-medium wp-image-48051\" src=\"https:\/\/kingarms.ee\/wp-content\/uploads\/2022\/05\/by001-1-1000x1000-1-300x300.jpeg\" alt=\"\" width=\"300\" height=\"300\" srcset=\"https:\/\/kingarms.ee\/wp-content\/uploads\/2022\/05\/by001-1-1000x1000-1-300x300.jpeg 300w, https:\/\/kingarms.ee\/wp-content\/uploads\/2022\/05\/by001-1-1000x1000-1-150x150.jpeg 150w, https:\/\/kingarms.ee\/wp-content\/uploads\/2022\/05\/by001-1-1000x1000-1-768x768.jpeg 768w, https:\/\/kingarms.ee\/wp-content\/uploads\/2022\/05\/by001-1-1000x1000-1-500x500.jpeg 500w, https:\/\/kingarms.ee\/wp-content\/uploads\/2022\/05\/by001-1-1000x1000-1.jpeg 1000w\" sizes=\"auto, (max-width: 300px) 100vw, 300px\" \/><\/p>\n","protected":false},"excerpt":{"rendered":"<p>AKS &#8211; 74U (Kala\u0161nikovas)<\/p>\n<p>\u0160i 4,5 mm AKS-74U versija yra neatsitraukianti kopija, veikianti CO2.<\/p>\n<p>Tur\u0117damas 3,5 d\u017eauli\u0173 galios, jis yra tikslus, lengvai naudojamas ir pri\u017ei\u016brimas \u2013 \u0161i kopija j\u016bs\u0173 nenuvils. Pagamintas i\u0161 metalo ir nat\u016bralios medienos, AKS-74U si\u016blo auk\u0161t\u0105 tikrovi\u0161kumo lyg\u012f. <\/p>\n<p>Tai puikus oro pistoletas, jei ie\u0161kote puikios sensacijos ir \u0161audymo patirties.<\/p>\n<p>Kala\u0161nikovo Licencija<br \/>\nSpalva Juoda, nat\u016brali mediena<br \/>\nKalibras 4,5 mm<br \/>\nGinklo svoris (kg) 2.9<br \/>\nGalia (d\u017eauliais) 3.5<br \/>\nFotografavimo re\u017eimas pusiau automatinis<br \/>\nMed\u017eiaga metalas ir mediena<br \/>\nPistoleto ilgis (mm) 734<\/p>\n","protected":false},"featured_media":118689,"template":"","meta":{"_acf_changed":false},"product_brand":[],"product_cat":[1142,1144],"product_tag":[],"class_list":{"0":"post-149993","1":"product","2":"type-product","3":"status-publish","4":"has-post-thumbnail","6":"product_cat-oro-ginklai","7":"product_cat-puolimo-sautuvas","9":"first","10":"onbackorder","11":"taxable","12":"shipping-taxable","13":"product-type-simple"},"acf":[],"_links":{"self":[{"href":"https:\/\/kingarms.ee\/lt\/wp-json\/wp\/v2\/product\/149993","targetHints":{"allow":["GET"]}}],"collection":[{"href":"https:\/\/kingarms.ee\/lt\/wp-json\/wp\/v2\/product"}],"about":[{"href":"https:\/\/kingarms.ee\/lt\/wp-json\/wp\/v2\/types\/product"}],"wp:featuredmedia":[{"embeddable":true,"href":"https:\/\/kingarms.ee\/lt\/wp-json\/wp\/v2\/media\/118689"}],"wp:attachment":[{"href":"https:\/\/kingarms.ee\/lt\/wp-json\/wp\/v2\/media?parent=149993"}],"wp:term":[{"taxonomy":"product_brand","embeddable":true,"href":"https:\/\/kingarms.ee\/lt\/wp-json\/wp\/v2\/product_brand?post=149993"},{"taxonomy":"product_cat","embeddable":true,"href":"https:\/\/kingarms.ee\/lt\/wp-json\/wp\/v2\/product_cat?post=149993"},{"taxonomy":"product_tag","embeddable":true,"href":"https:\/\/kingarms.ee\/lt\/wp-json\/wp\/v2\/product_tag?post=149993"}],"curies":[{"name":"wp","href":"https:\/\/api.w.org\/{rel}","templated":true}]}}