{"id":150004,"date":"2022-10-17T15:47:21","date_gmt":"2025-05-25T13:37:27","guid":{"rendered":"https:\/\/kingarms.ee\/product\/specialus-hardtacks-90-g\/"},"modified":"2025-05-25T16:37:27","modified_gmt":"2025-05-25T13:37:27","slug":"specialus-hardtacks-90-g","status":"publish","type":"product","link":"https:\/\/kingarms.ee\/lt\/product\/specialus-hardtacks-90-g\/","title":{"rendered":"Special\u016bs Hardtacks-90 g"},"content":{"rendered":"","protected":false},"excerpt":{"rendered":"<p>Special\u016bs Hardtacks-90 g<\/p>\n<p>Kariniai special\u016bs Hardtacks SU-2-ikoninis Lenkijos armijos raciono elementas. Neatsiejamas kari\u0173, skaut\u0173 ir turist\u0173 palydovas. Neper\u0161lampama pakuot\u0117, i\u0161skirtinis patvarumas. Jie neturi pel\u0117si\u0173, neturi tapti pasenusi, neturi byr\u0117ti.   <\/p>\n","protected":false},"featured_media":124578,"template":"","meta":{"_acf_changed":false},"product_brand":[],"product_cat":[1263,1272],"product_tag":[],"class_list":{"0":"post-150004","1":"product","2":"type-product","3":"status-publish","4":"has-post-thumbnail","6":"product_cat-kelioniu-prekes","7":"product_cat-taktine-maisto-pakuote","9":"first","10":"instock","11":"purchasable","12":"product-type-simple"},"acf":[],"_links":{"self":[{"href":"https:\/\/kingarms.ee\/lt\/wp-json\/wp\/v2\/product\/150004","targetHints":{"allow":["GET"]}}],"collection":[{"href":"https:\/\/kingarms.ee\/lt\/wp-json\/wp\/v2\/product"}],"about":[{"href":"https:\/\/kingarms.ee\/lt\/wp-json\/wp\/v2\/types\/product"}],"wp:featuredmedia":[{"embeddable":true,"href":"https:\/\/kingarms.ee\/lt\/wp-json\/wp\/v2\/media\/124578"}],"wp:attachment":[{"href":"https:\/\/kingarms.ee\/lt\/wp-json\/wp\/v2\/media?parent=150004"}],"wp:term":[{"taxonomy":"product_brand","embeddable":true,"href":"https:\/\/kingarms.ee\/lt\/wp-json\/wp\/v2\/product_brand?post=150004"},{"taxonomy":"product_cat","embeddable":true,"href":"https:\/\/kingarms.ee\/lt\/wp-json\/wp\/v2\/product_cat?post=150004"},{"taxonomy":"product_tag","embeddable":true,"href":"https:\/\/kingarms.ee\/lt\/wp-json\/wp\/v2\/product_tag?post=150004"}],"curies":[{"name":"wp","href":"https:\/\/api.w.org\/{rel}","templated":true}]}}