{"id":150011,"date":"2022-10-17T15:47:21","date_gmt":"2025-05-25T13:42:10","guid":{"rendered":"https:\/\/kingarms.ee\/product\/byla-sautuvas-taikymo-sritis-m-sukurys\/"},"modified":"2025-05-25T16:42:10","modified_gmt":"2025-05-25T13:42:10","slug":"byla-sautuvas-taikymo-sritis-m-sukurys","status":"publish","type":"product","link":"https:\/\/kingarms.ee\/lt\/product\/byla-sautuvas-taikymo-sritis-m-sukurys\/","title":{"rendered":"Byla \u0161autuvas taikymo sritis m s\u016bkurys"},"content":{"rendered":"","protected":false},"excerpt":{"rendered":"<p>Byla \u0161autuvas taikymo sritis m s\u016bkurys<\/p>\n<p>Apsaugokite savo taikymo srit\u012f nuo element\u0173, naudodami patvar\u0173 vandeniui ir oro s\u0105lygoms atspar\u0173 dangtel\u012f. \u0160\u012f tampr\u0173 dangtel\u012f lengva u\u017ed\u0117ti ir jis apsaugo j\u016bs\u0173 taikymo srit\u012f nuo ne\u0161varum\u0173, dulki\u0173 ir \u0161iuk\u0161li\u0173. <\/p>\n","protected":false},"featured_media":124580,"template":"","meta":{"_acf_changed":false},"product_brand":[],"product_cat":[1170],"product_tag":[],"class_list":{"0":"post-150011","1":"product","2":"type-product","3":"status-publish","4":"has-post-thumbnail","6":"product_cat-priedai-lt","8":"first","9":"instock","10":"purchasable","11":"product-type-simple"},"acf":[],"_links":{"self":[{"href":"https:\/\/kingarms.ee\/lt\/wp-json\/wp\/v2\/product\/150011","targetHints":{"allow":["GET"]}}],"collection":[{"href":"https:\/\/kingarms.ee\/lt\/wp-json\/wp\/v2\/product"}],"about":[{"href":"https:\/\/kingarms.ee\/lt\/wp-json\/wp\/v2\/types\/product"}],"wp:featuredmedia":[{"embeddable":true,"href":"https:\/\/kingarms.ee\/lt\/wp-json\/wp\/v2\/media\/124580"}],"wp:attachment":[{"href":"https:\/\/kingarms.ee\/lt\/wp-json\/wp\/v2\/media?parent=150011"}],"wp:term":[{"taxonomy":"product_brand","embeddable":true,"href":"https:\/\/kingarms.ee\/lt\/wp-json\/wp\/v2\/product_brand?post=150011"},{"taxonomy":"product_cat","embeddable":true,"href":"https:\/\/kingarms.ee\/lt\/wp-json\/wp\/v2\/product_cat?post=150011"},{"taxonomy":"product_tag","embeddable":true,"href":"https:\/\/kingarms.ee\/lt\/wp-json\/wp\/v2\/product_tag?post=150011"}],"curies":[{"name":"wp","href":"https:\/\/api.w.org\/{rel}","templated":true}]}}