{"id":150015,"date":"2024-01-15T13:29:36","date_gmt":"2025-05-25T13:51:01","guid":{"rendered":"https:\/\/kingarms.ee\/product\/zaliojo-nerijos-popierinis-pistoletas\/"},"modified":"2025-05-25T16:51:01","modified_gmt":"2025-05-25T13:51:01","slug":"zaliojo-nerijos-popierinis-pistoletas","status":"publish","type":"product","link":"https:\/\/kingarms.ee\/lt\/product\/zaliojo-nerijos-popierinis-pistoletas\/","title":{"rendered":"\u017daliojo nerijos popierinis pistoletas"},"content":{"rendered":"","protected":false},"excerpt":{"rendered":"<p><span style=\"font-weight: 400;\">\u201eStatybos Rinkinys\u201c: 138 K\u016brs<\/span><\/p>\n<p><span style=\"font-weight: 400;\">\u201eStatybos Baika\u201c: \u201eApie 4\u201c aktoriai<\/span><\/p>\n<p>Med\u017eiaga: Plastikas<\/p>\n<p>D\u0117klo talpa: 6vnt<\/p>\n<p><span style=\"font-weight: 400;\">Visi\u0161kai Saugu Vaikams<\/span><\/p>\n<p><span style=\"font-weight: 400;\">\u201eShaudymo Atstums\u201c: IKI 20 METR\u0173<\/span><\/p>\n<p><span style=\"font-weight: 400;\">Kei\u010diamas kamuflia\u017eo modelis: taip<\/span><\/p>\n<p><span style=\"font-weight: 400;\">Komplekte: 6 kaset\u0117s, 50 mink\u0161t\u0173 miuon\u0173 (8 mm), plastikin\u0117 forma miuonui gaminti<\/span><\/p>\n<p><span style=\"font-weight: 400;\">Ilgis: 70 cm<\/span><\/p>\n<p><span style=\"font-weight: 400;\">B\u016btini priedai: klijai, lipni juosta, kar\u0161ti klijai, atsuktuvas<\/span><\/p>\n<p><span style=\"font-weight: 400;\">Montavimo instrukcijas taip pat galite rasti<\/span> <a href=\"http:\/\/bit.ly\/\/buildurPS\"><span style=\"font-weight: 400;\">Youtube-vartotojo vadove<\/span><\/a><\/p>\n","protected":false},"featured_media":133606,"template":"","meta":{"_acf_changed":false},"product_brand":[],"product_cat":[1135],"product_tag":[],"class_list":{"0":"post-150015","1":"product","2":"type-product","3":"status-publish","4":"has-post-thumbnail","6":"product_cat-popieriaus-sauliai","8":"first","9":"onbackorder","10":"taxable","11":"shipping-taxable","12":"product-type-simple"},"acf":[],"_links":{"self":[{"href":"https:\/\/kingarms.ee\/lt\/wp-json\/wp\/v2\/product\/150015","targetHints":{"allow":["GET"]}}],"collection":[{"href":"https:\/\/kingarms.ee\/lt\/wp-json\/wp\/v2\/product"}],"about":[{"href":"https:\/\/kingarms.ee\/lt\/wp-json\/wp\/v2\/types\/product"}],"wp:featuredmedia":[{"embeddable":true,"href":"https:\/\/kingarms.ee\/lt\/wp-json\/wp\/v2\/media\/133606"}],"wp:attachment":[{"href":"https:\/\/kingarms.ee\/lt\/wp-json\/wp\/v2\/media?parent=150015"}],"wp:term":[{"taxonomy":"product_brand","embeddable":true,"href":"https:\/\/kingarms.ee\/lt\/wp-json\/wp\/v2\/product_brand?post=150015"},{"taxonomy":"product_cat","embeddable":true,"href":"https:\/\/kingarms.ee\/lt\/wp-json\/wp\/v2\/product_cat?post=150015"},{"taxonomy":"product_tag","embeddable":true,"href":"https:\/\/kingarms.ee\/lt\/wp-json\/wp\/v2\/product_tag?post=150015"}],"curies":[{"name":"wp","href":"https:\/\/api.w.org\/{rel}","templated":true}]}}