{"id":150023,"date":"2023-12-21T23:05:21","date_gmt":"2025-05-25T14:07:11","guid":{"rendered":"https:\/\/kingarms.ee\/product\/m4-tipo-bateriju-bankas-vosportas\/"},"modified":"2025-05-25T17:07:11","modified_gmt":"2025-05-25T14:07:11","slug":"m4-tipo-bateriju-bankas-vosportas","status":"publish","type":"product","link":"https:\/\/kingarms.ee\/lt\/product\/m4-tipo-bateriju-bankas-vosportas\/","title":{"rendered":"M4 tipo baterij\u0173 bankas (VOSPORTAS)"},"content":{"rendered":"<p><img loading=\"lazy\" decoding=\"async\" class=\"alignnone size-full wp-image-89757\" src=\"https:\/\/kingarms.ee\/wp-content\/uploads\/2023\/12\/wosport-mag-power-bank-black-wo-ex038b.jpeg\" alt=\"\" width=\"1000\" height=\"1000\" srcset=\"https:\/\/kingarms.ee\/wp-content\/uploads\/2023\/12\/wosport-mag-power-bank-black-wo-ex038b.jpeg 1000w, https:\/\/kingarms.ee\/wp-content\/uploads\/2023\/12\/wosport-mag-power-bank-black-wo-ex038b-300x300.jpeg 300w, https:\/\/kingarms.ee\/wp-content\/uploads\/2023\/12\/wosport-mag-power-bank-black-wo-ex038b-150x150.jpeg 150w, https:\/\/kingarms.ee\/wp-content\/uploads\/2023\/12\/wosport-mag-power-bank-black-wo-ex038b-768x768.jpeg 768w, https:\/\/kingarms.ee\/wp-content\/uploads\/2023\/12\/wosport-mag-power-bank-black-wo-ex038b-500x500.jpeg 500w\" sizes=\"auto, (max-width: 1000px) 100vw, 1000px\" \/><\/p>\n","protected":false},"excerpt":{"rendered":"<p>M4 tipo baterij\u0173 bankas (VOSPORTAS)<br \/>\nM4 d\u0117klo i\u0161vaizda akumuliatoriaus bankas<br \/>\nVeikia su 3 kartus 18650 baterijomis (\u012f komplekt\u0105 ne\u012feina)<br \/>\nJei yra baterij\u0173, talpa yra 14400 mAh<br \/>\nPagaminta i\u0161 nailono<br \/>\nAkumuliatoriaus \u012fkroviklio indikatorius<br \/>\n\u012evestis: USB-C<br \/>\nI\u0161vestis: USB-A<br \/>\nUSB-A &#8211; &gt;USB-C kabelis \u012ftrauktas<br \/>\nMatmenys: 200mm 80mm 25mm<br \/>\nSvoris: 162g<br \/>\nSpalva Juoda<\/p>\n","protected":false},"featured_media":133135,"template":"","meta":{"_acf_changed":false},"product_brand":[],"product_cat":[1194,1264,1274],"product_tag":[],"class_list":{"0":"post-150023","1":"product","2":"type-product","3":"status-publish","4":"has-post-thumbnail","6":"product_cat-baterijos","7":"product_cat-galios-bankas","8":"product_cat-kita-lt","10":"first","11":"instock","12":"taxable","13":"shipping-taxable","14":"purchasable","15":"product-type-simple"},"acf":[],"_links":{"self":[{"href":"https:\/\/kingarms.ee\/lt\/wp-json\/wp\/v2\/product\/150023","targetHints":{"allow":["GET"]}}],"collection":[{"href":"https:\/\/kingarms.ee\/lt\/wp-json\/wp\/v2\/product"}],"about":[{"href":"https:\/\/kingarms.ee\/lt\/wp-json\/wp\/v2\/types\/product"}],"wp:featuredmedia":[{"embeddable":true,"href":"https:\/\/kingarms.ee\/lt\/wp-json\/wp\/v2\/media\/133135"}],"wp:attachment":[{"href":"https:\/\/kingarms.ee\/lt\/wp-json\/wp\/v2\/media?parent=150023"}],"wp:term":[{"taxonomy":"product_brand","embeddable":true,"href":"https:\/\/kingarms.ee\/lt\/wp-json\/wp\/v2\/product_brand?post=150023"},{"taxonomy":"product_cat","embeddable":true,"href":"https:\/\/kingarms.ee\/lt\/wp-json\/wp\/v2\/product_cat?post=150023"},{"taxonomy":"product_tag","embeddable":true,"href":"https:\/\/kingarms.ee\/lt\/wp-json\/wp\/v2\/product_tag?post=150023"}],"curies":[{"name":"wp","href":"https:\/\/api.w.org\/{rel}","templated":true}]}}