{"id":150024,"date":"2023-12-05T21:02:13","date_gmt":"2025-05-25T14:07:41","guid":{"rendered":"https:\/\/kingarms.ee\/product\/tt33-mes-2\/"},"modified":"2025-05-25T17:07:41","modified_gmt":"2025-05-25T14:07:41","slug":"tt33-mes-2","status":"publish","type":"product","link":"https:\/\/kingarms.ee\/lt\/product\/tt33-mes-2\/","title":{"rendered":"Tt33 (mes)"},"content":{"rendered":"<p><img loading=\"lazy\" decoding=\"async\" class=\"alignnone size-full wp-image-85787\" src=\"https:\/\/kingarms.ee\/wp-content\/uploads\/2023\/12\/10540_1_.jpeg\" alt=\"\" width=\"600\" height=\"600\" srcset=\"https:\/\/kingarms.ee\/wp-content\/uploads\/2023\/12\/10540_1_.jpeg 600w, https:\/\/kingarms.ee\/wp-content\/uploads\/2023\/12\/10540_1_-300x300.jpeg 300w, https:\/\/kingarms.ee\/wp-content\/uploads\/2023\/12\/10540_1_-150x150.jpeg 150w, https:\/\/kingarms.ee\/wp-content\/uploads\/2023\/12\/10540_1_-500x500.jpeg 500w\" sizes=\"auto, (max-width: 600px) 100vw, 600px\" \/><\/p>\n","protected":false},"excerpt":{"rendered":"<p>Tt33 (mes)<\/p>\n<p>Kopija daugiausia pagaminta i\u0161 metalini\u0173 element\u0173.<\/p>\n<p> Vienintelis elementas, pagamintas i\u0161 plastiko, yra pistoleto rankena.<\/p>\n<p> Ve33 pasi\u017eymi tiksliu dali\u0173 montavimu ir spyna su didele darbo kult\u016bra.<\/p>\n<p> D\u0117klo talpa yra 11 kamuoliuk\u0173.<\/p>\n<p> Relv saavutab kiiruse kuni ~ 300 kaadrit sekundis.<\/p>\n<p> P\u00fcstoli haardepiirded, kattematerjalide ja riputusklambrite m\u00e4rgistused on tehtud t\u00e4pselt samamoodi nagu tulirelva versioonis. Koopia on varustatud kaitsmega, mis asub p\u00fcstoli k\u00e4epideme vasaku haarde kohal.<\/p>\n<p>\u012e komplekt\u0105 \u012feina:<\/p>\n<p>&#8211; Ve33 pistoletas<br \/>\n\u2013 pad\u0117klas<\/p>\n","protected":false},"featured_media":131404,"template":"","meta":{"_acf_changed":false},"product_brand":[],"product_cat":[1138],"product_tag":[],"class_list":{"0":"post-150024","1":"product","2":"type-product","3":"status-publish","4":"has-post-thumbnail","6":"product_cat-airsoft-pistols","8":"first","9":"instock","10":"taxable","11":"shipping-taxable","12":"purchasable","13":"product-type-simple"},"acf":[],"_links":{"self":[{"href":"https:\/\/kingarms.ee\/lt\/wp-json\/wp\/v2\/product\/150024","targetHints":{"allow":["GET"]}}],"collection":[{"href":"https:\/\/kingarms.ee\/lt\/wp-json\/wp\/v2\/product"}],"about":[{"href":"https:\/\/kingarms.ee\/lt\/wp-json\/wp\/v2\/types\/product"}],"wp:featuredmedia":[{"embeddable":true,"href":"https:\/\/kingarms.ee\/lt\/wp-json\/wp\/v2\/media\/131404"}],"wp:attachment":[{"href":"https:\/\/kingarms.ee\/lt\/wp-json\/wp\/v2\/media?parent=150024"}],"wp:term":[{"taxonomy":"product_brand","embeddable":true,"href":"https:\/\/kingarms.ee\/lt\/wp-json\/wp\/v2\/product_brand?post=150024"},{"taxonomy":"product_cat","embeddable":true,"href":"https:\/\/kingarms.ee\/lt\/wp-json\/wp\/v2\/product_cat?post=150024"},{"taxonomy":"product_tag","embeddable":true,"href":"https:\/\/kingarms.ee\/lt\/wp-json\/wp\/v2\/product_tag?post=150024"}],"curies":[{"name":"wp","href":"https:\/\/api.w.org\/{rel}","templated":true}]}}