{"id":150027,"date":"2023-12-05T17:53:47","date_gmt":"2025-05-25T14:08:20","guid":{"rendered":"https:\/\/kingarms.ee\/product\/sck-dirzelis-peilis-cn-832-2\/"},"modified":"2025-05-25T17:08:20","modified_gmt":"2025-05-25T14:08:20","slug":"sck-dirzelis-peilis-cn-832-2","status":"publish","type":"product","link":"https:\/\/kingarms.ee\/lt\/product\/sck-dirzelis-peilis-cn-832-2\/","title":{"rendered":"SCK dir\u017eelis peilis (CN-832-2)"},"content":{"rendered":"<p><img loading=\"lazy\" decoding=\"async\" class=\"alignnone size-full wp-image-85538\" src=\"https:\/\/kingarms.ee\/wp-content\/uploads\/2023\/12\/belt-knife-cw-832-2.jpeg\" alt=\"\" width=\"1000\" height=\"1000\" srcset=\"https:\/\/kingarms.ee\/wp-content\/uploads\/2023\/12\/belt-knife-cw-832-2.jpeg 1000w, https:\/\/kingarms.ee\/wp-content\/uploads\/2023\/12\/belt-knife-cw-832-2-300x300.jpeg 300w, https:\/\/kingarms.ee\/wp-content\/uploads\/2023\/12\/belt-knife-cw-832-2-150x150.jpeg 150w, https:\/\/kingarms.ee\/wp-content\/uploads\/2023\/12\/belt-knife-cw-832-2-768x768.jpeg 768w, https:\/\/kingarms.ee\/wp-content\/uploads\/2023\/12\/belt-knife-cw-832-2-500x500.jpeg 500w\" sizes=\"auto, (max-width: 1000px) 100vw, 1000px\" \/><\/p>\n","protected":false},"excerpt":{"rendered":"<p>SCK dir\u017eelis peilis (CN-832-2)<br \/>\nZona<br \/>\nNer\u016bdijan\u010dio plieno juodas peilis<br \/>\nPolimero gumos olividrab ranka<br \/>\nDarb\u0161\u010dios polimerin\u0117s rankos su \u0161laun\u0173 kilpomis ir spaustukais<br \/>\nA\u0161men\u0173 ilgis 110mm<br \/>\nSvoris: 100g<\/p>\n","protected":false},"featured_media":131316,"template":"","meta":{"_acf_changed":false},"product_brand":[],"product_cat":[1259],"product_tag":[],"class_list":{"0":"post-150027","1":"product","2":"type-product","3":"status-publish","4":"has-post-thumbnail","6":"product_cat-peiliai","8":"first","9":"instock","10":"taxable","11":"shipping-taxable","12":"purchasable","13":"product-type-simple"},"acf":[],"_links":{"self":[{"href":"https:\/\/kingarms.ee\/lt\/wp-json\/wp\/v2\/product\/150027","targetHints":{"allow":["GET"]}}],"collection":[{"href":"https:\/\/kingarms.ee\/lt\/wp-json\/wp\/v2\/product"}],"about":[{"href":"https:\/\/kingarms.ee\/lt\/wp-json\/wp\/v2\/types\/product"}],"wp:featuredmedia":[{"embeddable":true,"href":"https:\/\/kingarms.ee\/lt\/wp-json\/wp\/v2\/media\/131316"}],"wp:attachment":[{"href":"https:\/\/kingarms.ee\/lt\/wp-json\/wp\/v2\/media?parent=150027"}],"wp:term":[{"taxonomy":"product_brand","embeddable":true,"href":"https:\/\/kingarms.ee\/lt\/wp-json\/wp\/v2\/product_brand?post=150027"},{"taxonomy":"product_cat","embeddable":true,"href":"https:\/\/kingarms.ee\/lt\/wp-json\/wp\/v2\/product_cat?post=150027"},{"taxonomy":"product_tag","embeddable":true,"href":"https:\/\/kingarms.ee\/lt\/wp-json\/wp\/v2\/product_tag?post=150027"}],"curies":[{"name":"wp","href":"https:\/\/api.w.org\/{rel}","templated":true}]}}