{"id":150029,"date":"2023-11-28T14:05:28","date_gmt":"2025-05-25T14:08:45","guid":{"rendered":"https:\/\/kingarms.ee\/product\/stebekite-isgenimo-apyranke\/"},"modified":"2025-05-25T17:08:45","modified_gmt":"2025-05-25T14:08:45","slug":"stebekite-isgenimo-apyranke","status":"publish","type":"product","link":"https:\/\/kingarms.ee\/lt\/product\/stebekite-isgenimo-apyranke\/","title":{"rendered":"Steb\u0117kite isgenimo apyrank\u0119"},"content":{"rendered":"<p><img loading=\"lazy\" decoding=\"async\" class=\"alignnone size-full wp-image-85223\" src=\"https:\/\/kingarms.ee\/wp-content\/uploads\/2023\/11\/71cTP-YcQL._AC_SL1500_.jpeg\" alt=\"\" width=\"1432\" height=\"1281\" srcset=\"https:\/\/kingarms.ee\/wp-content\/uploads\/2023\/11\/71cTP-YcQL._AC_SL1500_.jpeg 1432w, https:\/\/kingarms.ee\/wp-content\/uploads\/2023\/11\/71cTP-YcQL._AC_SL1500_-300x268.jpeg 300w, https:\/\/kingarms.ee\/wp-content\/uploads\/2023\/11\/71cTP-YcQL._AC_SL1500_-1024x916.jpeg 1024w, https:\/\/kingarms.ee\/wp-content\/uploads\/2023\/11\/71cTP-YcQL._AC_SL1500_-768x687.jpeg 768w, https:\/\/kingarms.ee\/wp-content\/uploads\/2023\/11\/71cTP-YcQL._AC_SL1500_-500x447.jpeg 500w, https:\/\/kingarms.ee\/wp-content\/uploads\/2023\/11\/71cTP-YcQL._AC_SL1500_-150x134.jpeg 150w\" sizes=\"auto, (max-width: 1432px) 100vw, 1432px\" \/><\/p>\n","protected":false},"excerpt":{"rendered":"<p><span style=\"font-weight: 400;\">Stilingas 6-in-1 daugiafunkcinis i\u0161gyvenamumo apyrank\u0117s laikrodis, kuriame derinamas apyrank\u0117s laikrodis, kompasas, \u0161vilpukas, termometras, gaisro startas ir parakordas. Pagaminta i\u0161 patvarios 7 kryp\u010di\u0173 550 svar\u0173 para\u0161iuto laido, kuris gali virsti 3 metr\u0173 ilgio gelb\u0117jimo t\u016briu ekstremalioms situacijoms.  <\/span><\/p>\n<p><span style=\"font-weight: 400;\">Shis laikis yra ne tik praktikavo, statymas ir stylinkas, pasi\u017einistininis unikalus dazaine ir Daugfunkciniu naudojimu. Idealu Dovana Draugams Artimiesiems ir PUikiai Tinka Tinka Tinka Pririvirtinti, Stovyklauti, Pirma Bakery, Kaulic, Vazy in Laivu, Modern LAIKIA, modernia, Gygiai Zhygiai, GygiAI Zhygiai, NUOKIAI. <\/span><\/p>\n<p><span style=\"font-weight: 400;\">Apyrank\u0117s dydis i\u0161tiestas 26 cm, o plotis yra 2,5 cm. Reik\u0117t\u0173 pa\u017eym\u0117ti, kad apyrank\u0117 negydoma, ta\u010diau yra ideali 7\u20139 coli\u0173 rie\u0161ui. Be d\u0117v\u0117jimo ant rie\u0161o, jis gali b\u016bti patogiai pakabintas ant kuprin\u0117s.  <\/span><\/p>\n","protected":false},"featured_media":131263,"template":"","meta":{"_acf_changed":false},"product_brand":[],"product_cat":[1263,1224],"product_tag":[],"class_list":{"0":"post-150029","1":"product","2":"type-product","3":"status-publish","4":"has-post-thumbnail","6":"product_cat-kelioniu-prekes","7":"product_cat-ranku-laikrodis","9":"first","10":"instock","11":"taxable","12":"shipping-taxable","13":"purchasable","14":"product-type-simple"},"acf":[],"_links":{"self":[{"href":"https:\/\/kingarms.ee\/lt\/wp-json\/wp\/v2\/product\/150029","targetHints":{"allow":["GET"]}}],"collection":[{"href":"https:\/\/kingarms.ee\/lt\/wp-json\/wp\/v2\/product"}],"about":[{"href":"https:\/\/kingarms.ee\/lt\/wp-json\/wp\/v2\/types\/product"}],"wp:featuredmedia":[{"embeddable":true,"href":"https:\/\/kingarms.ee\/lt\/wp-json\/wp\/v2\/media\/131263"}],"wp:attachment":[{"href":"https:\/\/kingarms.ee\/lt\/wp-json\/wp\/v2\/media?parent=150029"}],"wp:term":[{"taxonomy":"product_brand","embeddable":true,"href":"https:\/\/kingarms.ee\/lt\/wp-json\/wp\/v2\/product_brand?post=150029"},{"taxonomy":"product_cat","embeddable":true,"href":"https:\/\/kingarms.ee\/lt\/wp-json\/wp\/v2\/product_cat?post=150029"},{"taxonomy":"product_tag","embeddable":true,"href":"https:\/\/kingarms.ee\/lt\/wp-json\/wp\/v2\/product_tag?post=150029"}],"curies":[{"name":"wp","href":"https:\/\/api.w.org\/{rel}","templated":true}]}}