{"id":150032,"date":"2023-11-20T12:33:15","date_gmt":"2025-05-25T14:09:48","guid":{"rendered":"https:\/\/kingarms.ee\/product\/3-spalvu-maskavimo-spalvu-rinkinys-su-veidrodziu\/"},"modified":"2025-05-25T17:09:48","modified_gmt":"2025-05-25T14:09:48","slug":"3-spalvu-maskavimo-spalvu-rinkinys-su-veidrodziu","status":"publish","type":"product","link":"https:\/\/kingarms.ee\/lt\/product\/3-spalvu-maskavimo-spalvu-rinkinys-su-veidrodziu\/","title":{"rendered":"3 spalv\u0173 maskavimo spalv\u0173 rinkinys su veidrod\u017eiu"},"content":{"rendered":"<p><img loading=\"lazy\" decoding=\"async\" class=\"alignnone size-full wp-image-83995\" src=\"https:\/\/kingarms.ee\/wp-content\/uploads\/2023\/11\/27365A.jpeg\" alt=\"\" width=\"1200\" height=\"1200\" srcset=\"https:\/\/kingarms.ee\/wp-content\/uploads\/2023\/11\/27365A.jpeg 1200w, https:\/\/kingarms.ee\/wp-content\/uploads\/2023\/11\/27365A-300x300.jpeg 300w, https:\/\/kingarms.ee\/wp-content\/uploads\/2023\/11\/27365A-1024x1024.jpeg 1024w, https:\/\/kingarms.ee\/wp-content\/uploads\/2023\/11\/27365A-150x150.jpeg 150w, https:\/\/kingarms.ee\/wp-content\/uploads\/2023\/11\/27365A-768x768.jpeg 768w, https:\/\/kingarms.ee\/wp-content\/uploads\/2023\/11\/27365A-500x500.jpeg 500w\" sizes=\"auto, (max-width: 1200px) 100vw, 1200px\" \/><\/p>\n","protected":false},"excerpt":{"rendered":"<p>Taikyti veidui, rankoms ir kaklui<br \/>\nPa\u0161alinkite \u0161ilt\u0105 muiluot\u0105 vanden\u012f<br \/>\nPrakaitas atspar\u016bs<br \/>\ninfraraudon\u0173j\u0173 spinduli\u0173 formul\u0117<br \/>\nAuk\u0161tas apsaugos nuo saul\u0117s<br \/>\nTik i\u0161oriniam naudojimui<br \/>\nSpalvos: juoda, \u017ealia, ruda<br \/>\nstabili plastikin\u0117 d\u0117\u017eut\u0117 su veidrod\u017eiu<br \/>\nMatmenys: ca. 8,5 x 7 x 2 cm <\/p>\n","protected":false},"featured_media":130935,"template":"","meta":{"_acf_changed":false},"product_brand":[],"product_cat":[1202],"product_tag":[],"class_list":{"0":"post-150032","1":"product","2":"type-product","3":"status-publish","4":"has-post-thumbnail","6":"product_cat-spalvos-ir-maskavimas","8":"first","9":"instock","10":"taxable","11":"shipping-taxable","12":"purchasable","13":"product-type-simple"},"acf":[],"_links":{"self":[{"href":"https:\/\/kingarms.ee\/lt\/wp-json\/wp\/v2\/product\/150032","targetHints":{"allow":["GET"]}}],"collection":[{"href":"https:\/\/kingarms.ee\/lt\/wp-json\/wp\/v2\/product"}],"about":[{"href":"https:\/\/kingarms.ee\/lt\/wp-json\/wp\/v2\/types\/product"}],"wp:featuredmedia":[{"embeddable":true,"href":"https:\/\/kingarms.ee\/lt\/wp-json\/wp\/v2\/media\/130935"}],"wp:attachment":[{"href":"https:\/\/kingarms.ee\/lt\/wp-json\/wp\/v2\/media?parent=150032"}],"wp:term":[{"taxonomy":"product_brand","embeddable":true,"href":"https:\/\/kingarms.ee\/lt\/wp-json\/wp\/v2\/product_brand?post=150032"},{"taxonomy":"product_cat","embeddable":true,"href":"https:\/\/kingarms.ee\/lt\/wp-json\/wp\/v2\/product_cat?post=150032"},{"taxonomy":"product_tag","embeddable":true,"href":"https:\/\/kingarms.ee\/lt\/wp-json\/wp\/v2\/product_tag?post=150032"}],"curies":[{"name":"wp","href":"https:\/\/api.w.org\/{rel}","templated":true}]}}