{"id":150033,"date":"2023-11-20T13:21:10","date_gmt":"2025-05-25T14:09:54","guid":{"rendered":"https:\/\/kingarms.ee\/product\/armijos-purskalas-rudziu-valiklis-400-ml\/"},"modified":"2025-05-25T17:09:54","modified_gmt":"2025-05-25T14:09:54","slug":"armijos-purskalas-rudziu-valiklis-400-ml","status":"publish","type":"product","link":"https:\/\/kingarms.ee\/lt\/product\/armijos-purskalas-rudziu-valiklis-400-ml\/","title":{"rendered":"Armijos pur\u0161kalas, r\u016bd\u017ei\u0173 valiklis, 400 ml"},"content":{"rendered":"<p><img loading=\"lazy\" decoding=\"async\" class=\"alignnone size-full wp-image-84145\" src=\"https:\/\/kingarms.ee\/wp-content\/uploads\/2023\/11\/27376A.jpeg\" alt=\"\" width=\"1200\" height=\"1200\" srcset=\"https:\/\/kingarms.ee\/wp-content\/uploads\/2023\/11\/27376A.jpeg 1200w, https:\/\/kingarms.ee\/wp-content\/uploads\/2023\/11\/27376A-300x300.jpeg 300w, https:\/\/kingarms.ee\/wp-content\/uploads\/2023\/11\/27376A-1024x1024.jpeg 1024w, https:\/\/kingarms.ee\/wp-content\/uploads\/2023\/11\/27376A-150x150.jpeg 150w, https:\/\/kingarms.ee\/wp-content\/uploads\/2023\/11\/27376A-768x768.jpeg 768w, https:\/\/kingarms.ee\/wp-content\/uploads\/2023\/11\/27376A-500x500.jpeg 500w\" sizes=\"auto, (max-width: 1200px) 100vw, 1200px\" \/><\/p>\n","protected":false},"excerpt":{"rendered":"<p>r\u016bd\u017ei\u0173 keitiklis ir epoksidinis gruntas viename<br \/>\nr\u016bdys chemi\u0161kai paver\u010diamas a<br \/>\njuodai pilka apsaugin\u0117 danga, kuri gali<br \/>\nb\u016bti padengtas 1K vir\u0161utiniu sluoksniu<br \/>\nvis\u0173 metalini\u0173 plok\u0161\u010di\u0173 r\u016bd\u017ei\u0173 remontas,<br \/>\njuodieji metalai, plienas ir kt.<br \/>\nl\u0117tina r\u016bd\u017ei\u0173 susidarym\u0105<br \/>\nnaudojimas viduje ir lauke<br \/>\nvisi\u0161kai sausas po ca. 12-24 val<br \/>\ngalima padengti 1K vir\u0161utiniu sluoksniu po 24 h <\/p>\n","protected":false},"featured_media":130821,"template":"","meta":{"_acf_changed":false},"product_brand":[],"product_cat":[1202],"product_tag":[],"class_list":{"0":"post-150033","1":"product","2":"type-product","3":"status-publish","4":"has-post-thumbnail","6":"product_cat-spalvos-ir-maskavimas","8":"first","9":"instock","10":"taxable","11":"shipping-taxable","12":"purchasable","13":"product-type-simple"},"acf":[],"_links":{"self":[{"href":"https:\/\/kingarms.ee\/lt\/wp-json\/wp\/v2\/product\/150033","targetHints":{"allow":["GET"]}}],"collection":[{"href":"https:\/\/kingarms.ee\/lt\/wp-json\/wp\/v2\/product"}],"about":[{"href":"https:\/\/kingarms.ee\/lt\/wp-json\/wp\/v2\/types\/product"}],"wp:featuredmedia":[{"embeddable":true,"href":"https:\/\/kingarms.ee\/lt\/wp-json\/wp\/v2\/media\/130821"}],"wp:attachment":[{"href":"https:\/\/kingarms.ee\/lt\/wp-json\/wp\/v2\/media?parent=150033"}],"wp:term":[{"taxonomy":"product_brand","embeddable":true,"href":"https:\/\/kingarms.ee\/lt\/wp-json\/wp\/v2\/product_brand?post=150033"},{"taxonomy":"product_cat","embeddable":true,"href":"https:\/\/kingarms.ee\/lt\/wp-json\/wp\/v2\/product_cat?post=150033"},{"taxonomy":"product_tag","embeddable":true,"href":"https:\/\/kingarms.ee\/lt\/wp-json\/wp\/v2\/product_tag?post=150033"}],"curies":[{"name":"wp","href":"https:\/\/api.w.org\/{rel}","templated":true}]}}