{"id":150036,"date":"2023-11-20T11:51:44","date_gmt":"2025-05-25T14:11:25","guid":{"rendered":"https:\/\/kingarms.ee\/product\/svytejimo-lazdele-didele-melyna-35-po-25-cm\/"},"modified":"2025-05-25T17:11:25","modified_gmt":"2025-05-25T14:11:25","slug":"svytejimo-lazdele-didele-melyna-35-po-25-cm","status":"publish","type":"product","link":"https:\/\/kingarms.ee\/lt\/product\/svytejimo-lazdele-didele-melyna-35-po-25-cm\/","title":{"rendered":"\u0160vyt\u0117jimo lazdel\u0117, didel\u0117, m\u0117lyna, 35 po 2,5 cm"},"content":{"rendered":"<p><img loading=\"lazy\" decoding=\"async\" class=\"alignnone size-full wp-image-83888\" src=\"https:\/\/kingarms.ee\/wp-content\/uploads\/2023\/11\/26016Ld2-2.jpeg\" alt=\"\" width=\"1200\" height=\"1200\" srcset=\"https:\/\/kingarms.ee\/wp-content\/uploads\/2023\/11\/26016Ld2-2.jpeg 1200w, https:\/\/kingarms.ee\/wp-content\/uploads\/2023\/11\/26016Ld2-2-300x300.jpeg 300w, https:\/\/kingarms.ee\/wp-content\/uploads\/2023\/11\/26016Ld2-2-1024x1024.jpeg 1024w, https:\/\/kingarms.ee\/wp-content\/uploads\/2023\/11\/26016Ld2-2-150x150.jpeg 150w, https:\/\/kingarms.ee\/wp-content\/uploads\/2023\/11\/26016Ld2-2-768x768.jpeg 768w, https:\/\/kingarms.ee\/wp-content\/uploads\/2023\/11\/26016Ld2-2-500x500.jpeg 500w\" sizes=\"auto, (max-width: 1200px) 100vw, 1200px\" \/><\/p>\n","protected":false},"excerpt":{"rendered":"<p>aktyvinimas lenkiant<br \/>\nnesuskai\u010diuojamos programos<br \/>\npvz.. avariniai arba signaliniai \u017eibintai,<br \/>\npadarykite \u017eym\u0117jim\u0105 ir kt.<br \/>\ntaip pat \u0161vie\u010dia po vandeniu<br \/>\npakabos kilpa ir dir\u017eas<br \/>\ntransportavimo d\u0117\u017e\u0117<br \/>\n\u0160viesos laikotarpis 8-12 val <\/p>\n","protected":false},"featured_media":131027,"template":"","meta":{"_acf_changed":false},"product_brand":[],"product_cat":[1263],"product_tag":[],"class_list":{"0":"post-150036","1":"product","2":"type-product","3":"status-publish","4":"has-post-thumbnail","6":"product_cat-kelioniu-prekes","8":"first","9":"instock","10":"taxable","11":"shipping-taxable","12":"purchasable","13":"product-type-simple"},"acf":[],"_links":{"self":[{"href":"https:\/\/kingarms.ee\/lt\/wp-json\/wp\/v2\/product\/150036","targetHints":{"allow":["GET"]}}],"collection":[{"href":"https:\/\/kingarms.ee\/lt\/wp-json\/wp\/v2\/product"}],"about":[{"href":"https:\/\/kingarms.ee\/lt\/wp-json\/wp\/v2\/types\/product"}],"wp:featuredmedia":[{"embeddable":true,"href":"https:\/\/kingarms.ee\/lt\/wp-json\/wp\/v2\/media\/131027"}],"wp:attachment":[{"href":"https:\/\/kingarms.ee\/lt\/wp-json\/wp\/v2\/media?parent=150036"}],"wp:term":[{"taxonomy":"product_brand","embeddable":true,"href":"https:\/\/kingarms.ee\/lt\/wp-json\/wp\/v2\/product_brand?post=150036"},{"taxonomy":"product_cat","embeddable":true,"href":"https:\/\/kingarms.ee\/lt\/wp-json\/wp\/v2\/product_cat?post=150036"},{"taxonomy":"product_tag","embeddable":true,"href":"https:\/\/kingarms.ee\/lt\/wp-json\/wp\/v2\/product_tag?post=150036"}],"curies":[{"name":"wp","href":"https:\/\/api.w.org\/{rel}","templated":true}]}}