{"id":150037,"date":"2023-11-20T12:24:20","date_gmt":"2025-05-25T14:11:26","guid":{"rendered":"https:\/\/kingarms.ee\/product\/didele-maskavimo-lazdele\/"},"modified":"2025-05-25T17:11:26","modified_gmt":"2025-05-25T14:11:26","slug":"didele-maskavimo-lazdele","status":"publish","type":"product","link":"https:\/\/kingarms.ee\/lt\/product\/didele-maskavimo-lazdele\/","title":{"rendered":"Didel\u0117 maskavimo lazdel\u0117"},"content":{"rendered":"<p><img loading=\"lazy\" decoding=\"async\" class=\"alignnone size-full wp-image-83978\" src=\"https:\/\/kingarms.ee\/wp-content\/uploads\/2023\/11\/27350A.jpeg\" alt=\"\" width=\"1200\" height=\"1200\" srcset=\"https:\/\/kingarms.ee\/wp-content\/uploads\/2023\/11\/27350A.jpeg 1200w, https:\/\/kingarms.ee\/wp-content\/uploads\/2023\/11\/27350A-300x300.jpeg 300w, https:\/\/kingarms.ee\/wp-content\/uploads\/2023\/11\/27350A-1024x1024.jpeg 1024w, https:\/\/kingarms.ee\/wp-content\/uploads\/2023\/11\/27350A-150x150.jpeg 150w, https:\/\/kingarms.ee\/wp-content\/uploads\/2023\/11\/27350A-768x768.jpeg 768w, https:\/\/kingarms.ee\/wp-content\/uploads\/2023\/11\/27350A-500x500.jpeg 500w\" sizes=\"auto, (max-width: 1200px) 100vw, 1200px\" \/><\/p>\n","protected":false},"excerpt":{"rendered":"<p>Didel\u0117 maskavimo lazdel\u0117<\/p>\n<p>tepkite ant veido, rank\u0173 ir kaklo<br \/>\nnuimkite \u0161iltu muiluotu vandeniu<br \/>\natsparus prakaitui<br \/>\ninfraraudon\u0173j\u0173 spinduli\u0173 neatspindinti formul\u0117<br \/>\napsaugos nuo saul\u0117s faktorius: 68<br \/>\nTik i\u0161oriniam naudojimui<br \/>\nMatmenys: apytiksliai. 9,5 karto 3,2 cm <\/p>\n","protected":false},"featured_media":130727,"template":"","meta":{"_acf_changed":false},"product_brand":[],"product_cat":[1202],"product_tag":[],"class_list":{"0":"post-150037","1":"product","2":"type-product","3":"status-publish","4":"has-post-thumbnail","6":"product_cat-spalvos-ir-maskavimas","8":"first","9":"instock","10":"taxable","11":"shipping-taxable","12":"purchasable","13":"product-type-simple"},"acf":[],"_links":{"self":[{"href":"https:\/\/kingarms.ee\/lt\/wp-json\/wp\/v2\/product\/150037","targetHints":{"allow":["GET"]}}],"collection":[{"href":"https:\/\/kingarms.ee\/lt\/wp-json\/wp\/v2\/product"}],"about":[{"href":"https:\/\/kingarms.ee\/lt\/wp-json\/wp\/v2\/types\/product"}],"wp:featuredmedia":[{"embeddable":true,"href":"https:\/\/kingarms.ee\/lt\/wp-json\/wp\/v2\/media\/130727"}],"wp:attachment":[{"href":"https:\/\/kingarms.ee\/lt\/wp-json\/wp\/v2\/media?parent=150037"}],"wp:term":[{"taxonomy":"product_brand","embeddable":true,"href":"https:\/\/kingarms.ee\/lt\/wp-json\/wp\/v2\/product_brand?post=150037"},{"taxonomy":"product_cat","embeddable":true,"href":"https:\/\/kingarms.ee\/lt\/wp-json\/wp\/v2\/product_cat?post=150037"},{"taxonomy":"product_tag","embeddable":true,"href":"https:\/\/kingarms.ee\/lt\/wp-json\/wp\/v2\/product_tag?post=150037"}],"curies":[{"name":"wp","href":"https:\/\/api.w.org\/{rel}","templated":true}]}}