{"id":150041,"date":"2023-11-18T19:23:37","date_gmt":"2025-05-25T14:12:14","guid":{"rendered":"https:\/\/kingarms.ee\/product\/luman-lydekos-kamuoliukai-45-mm-07-g-450-vnt\/"},"modified":"2025-05-25T17:12:14","modified_gmt":"2025-05-25T14:12:14","slug":"luman-lydekos-kamuoliukai-45-mm-07-g-450-vnt","status":"publish","type":"product","link":"https:\/\/kingarms.ee\/lt\/product\/luman-lydekos-kamuoliukai-45-mm-07-g-450-vnt\/","title":{"rendered":"Luman lydekos kamuoliukai 4,5 mm 0,7 g (450 vnt.)"},"content":{"rendered":"<p><img loading=\"lazy\" decoding=\"async\" class=\"alignnone size-full wp-image-83683\" src=\"https:\/\/kingarms.ee\/wp-content\/uploads\/2023\/11\/puli-lyuman-pike-4-5-mm-0-7-g-450-shtuk-2.jpg\" alt=\"\" width=\"1150\" height=\"960\" srcset=\"https:\/\/kingarms.ee\/wp-content\/uploads\/2023\/11\/puli-lyuman-pike-4-5-mm-0-7-g-450-shtuk-2.jpg 1150w, https:\/\/kingarms.ee\/wp-content\/uploads\/2023\/11\/puli-lyuman-pike-4-5-mm-0-7-g-450-shtuk-2-300x250.jpg 300w, https:\/\/kingarms.ee\/wp-content\/uploads\/2023\/11\/puli-lyuman-pike-4-5-mm-0-7-g-450-shtuk-2-1024x855.jpg 1024w, https:\/\/kingarms.ee\/wp-content\/uploads\/2023\/11\/puli-lyuman-pike-4-5-mm-0-7-g-450-shtuk-2-768x641.jpg 768w, https:\/\/kingarms.ee\/wp-content\/uploads\/2023\/11\/puli-lyuman-pike-4-5-mm-0-7-g-450-shtuk-2-500x417.jpg 500w, https:\/\/kingarms.ee\/wp-content\/uploads\/2023\/11\/puli-lyuman-pike-4-5-mm-0-7-g-450-shtuk-2-150x125.jpg 150w\" sizes=\"auto, (max-width: 1150px) 100vw, 1150px\" \/><\/p>\n","protected":false},"excerpt":{"rendered":"<p>Luman lydekos kamuoliukai 4,5 mm 0,7 g (450 vnt.)<br \/>\nGamintojas: TM &#8222;Lyuman&#8221; (Rusija \/ Ukraina)<br \/>\nKalibras: 4.5 mm (.177)<br \/>\nSvoris: 0,7 gramo (10,8 gr\u016bdo)<br \/>\nPagrindin\u0117 dalis: pusrutulio formos (kupolo formos)<br \/>\nTaikymas: grau\u017eik\u0173 med\u017eiokl\u0117, ma\u017eas \u017eaidimas<br \/>\nKiekis: 450 Vnt<\/p>\n","protected":false},"featured_media":130604,"template":"","meta":{"_acf_changed":false},"product_brand":[],"product_cat":[1189],"product_tag":[],"class_list":{"0":"post-150041","1":"product","2":"type-product","3":"status-publish","4":"has-post-thumbnail","6":"product_cat-oro-pistoletas-4-5-mm","8":"first","9":"instock","10":"taxable","11":"shipping-taxable","12":"purchasable","13":"product-type-simple"},"acf":[],"_links":{"self":[{"href":"https:\/\/kingarms.ee\/lt\/wp-json\/wp\/v2\/product\/150041","targetHints":{"allow":["GET"]}}],"collection":[{"href":"https:\/\/kingarms.ee\/lt\/wp-json\/wp\/v2\/product"}],"about":[{"href":"https:\/\/kingarms.ee\/lt\/wp-json\/wp\/v2\/types\/product"}],"wp:featuredmedia":[{"embeddable":true,"href":"https:\/\/kingarms.ee\/lt\/wp-json\/wp\/v2\/media\/130604"}],"wp:attachment":[{"href":"https:\/\/kingarms.ee\/lt\/wp-json\/wp\/v2\/media?parent=150041"}],"wp:term":[{"taxonomy":"product_brand","embeddable":true,"href":"https:\/\/kingarms.ee\/lt\/wp-json\/wp\/v2\/product_brand?post=150041"},{"taxonomy":"product_cat","embeddable":true,"href":"https:\/\/kingarms.ee\/lt\/wp-json\/wp\/v2\/product_cat?post=150041"},{"taxonomy":"product_tag","embeddable":true,"href":"https:\/\/kingarms.ee\/lt\/wp-json\/wp\/v2\/product_tag?post=150041"}],"curies":[{"name":"wp","href":"https:\/\/api.w.org\/{rel}","templated":true}]}}