{"id":150046,"date":"2023-11-18T16:40:48","date_gmt":"2025-05-25T14:13:40","guid":{"rendered":"https:\/\/kingarms.ee\/product\/keliu-kalibro-ginklu-valymo-rinkinys\/"},"modified":"2025-05-25T17:13:40","modified_gmt":"2025-05-25T14:13:40","slug":"keliu-kalibro-ginklu-valymo-rinkinys","status":"publish","type":"product","link":"https:\/\/kingarms.ee\/lt\/product\/keliu-kalibro-ginklu-valymo-rinkinys\/","title":{"rendered":"Keli\u0173 kalibro ginkl\u0173 valymo rinkinys"},"content":{"rendered":"<p><img loading=\"lazy\" decoding=\"async\" class=\"alignnone size-full wp-image-83453\" src=\"https:\/\/kingarms.ee\/wp-content\/uploads\/2023\/11\/27387.jpg\" alt=\"\" width=\"1200\" height=\"1200\" srcset=\"https:\/\/kingarms.ee\/wp-content\/uploads\/2023\/11\/27387.jpg 1200w, https:\/\/kingarms.ee\/wp-content\/uploads\/2023\/11\/27387-300x300.jpg 300w, https:\/\/kingarms.ee\/wp-content\/uploads\/2023\/11\/27387-1024x1024.jpg 1024w, https:\/\/kingarms.ee\/wp-content\/uploads\/2023\/11\/27387-150x150.jpg 150w, https:\/\/kingarms.ee\/wp-content\/uploads\/2023\/11\/27387-768x768.jpg 768w, https:\/\/kingarms.ee\/wp-content\/uploads\/2023\/11\/27387-500x500.jpg 500w\" sizes=\"auto, (max-width: 1200px) 100vw, 1200px\" \/><\/p>\n","protected":false},"excerpt":{"rendered":"<p>Keli\u0173 kalibro ginkl\u0173 valymo rinkinys<\/p>\n<p>\u012e komplekt\u0105 \u012feina:<br \/>\n&#8211; \u017ealvario \u0161epe\u010diai (.22, .270, .30,9 mm, .40, .45 ir .410, 20 ir 12)<br \/>\n&#8211; medviln\u0117s \u0161luost\u0117s (.22,9 mm, .410, 20, 12)<\/p>\n<p>MFH int. komp. Valymo rinkinys BULLET<br \/>\n1 \u017dalvario valymo strypas su 3 dali\u0173 rankena<br \/>\n10 \u017ealvario vielos \u0161epe\u010diai<br \/>\n5 valymo \u0161luost\u0117s<br \/>\n2 \u017ealvario adapteriai<br \/>\n2 plastikiniai dag\u010di\u0173 laikikliai<br \/>\nvalymo \u0161luost\u0117s (apie 25 vnt.)<br \/>\n1 valymo \u0161epetys<br \/>\n1 valymo dangtelis<br \/>\n1 butelis aliejaus<br \/>\nRutulio matmenys: auk\u0161tis: apytiksliai. 33 cm, skersmuo: apytiksliai. 9,5 cm    <\/p>\n","protected":false},"featured_media":130514,"template":"","meta":{"_acf_changed":false},"product_brand":[],"product_cat":[1150],"product_tag":[],"class_list":{"0":"post-150046","1":"product","2":"type-product","3":"status-publish","4":"has-post-thumbnail","6":"product_cat-ginklu-prieziura","8":"first","9":"instock","10":"taxable","11":"shipping-taxable","12":"purchasable","13":"product-type-simple"},"acf":[],"_links":{"self":[{"href":"https:\/\/kingarms.ee\/lt\/wp-json\/wp\/v2\/product\/150046","targetHints":{"allow":["GET"]}}],"collection":[{"href":"https:\/\/kingarms.ee\/lt\/wp-json\/wp\/v2\/product"}],"about":[{"href":"https:\/\/kingarms.ee\/lt\/wp-json\/wp\/v2\/types\/product"}],"wp:featuredmedia":[{"embeddable":true,"href":"https:\/\/kingarms.ee\/lt\/wp-json\/wp\/v2\/media\/130514"}],"wp:attachment":[{"href":"https:\/\/kingarms.ee\/lt\/wp-json\/wp\/v2\/media?parent=150046"}],"wp:term":[{"taxonomy":"product_brand","embeddable":true,"href":"https:\/\/kingarms.ee\/lt\/wp-json\/wp\/v2\/product_brand?post=150046"},{"taxonomy":"product_cat","embeddable":true,"href":"https:\/\/kingarms.ee\/lt\/wp-json\/wp\/v2\/product_cat?post=150046"},{"taxonomy":"product_tag","embeddable":true,"href":"https:\/\/kingarms.ee\/lt\/wp-json\/wp\/v2\/product_tag?post=150046"}],"curies":[{"name":"wp","href":"https:\/\/api.w.org\/{rel}","templated":true}]}}