{"id":150047,"date":"2023-11-18T13:54:35","date_gmt":"2025-05-25T14:14:03","guid":{"rendered":"https:\/\/kingarms.ee\/product\/borner-tt\/"},"modified":"2025-05-25T17:14:03","modified_gmt":"2025-05-25T14:14:03","slug":"borner-tt","status":"publish","type":"product","link":"https:\/\/kingarms.ee\/lt\/product\/borner-tt\/","title":{"rendered":"Borner TT"},"content":{"rendered":"<p><img loading=\"lazy\" decoding=\"async\" class=\"alignnone size-full wp-image-148262\" src=\"https:\/\/kingarms.ee\/wp-content\/uploads\/2023\/11\/0e2b977eb85593a46b09a28850db9a1b.jpeg\" alt=\"\" width=\"1000\" height=\"750\" srcset=\"https:\/\/kingarms.ee\/wp-content\/uploads\/2023\/11\/0e2b977eb85593a46b09a28850db9a1b.jpeg 1000w, https:\/\/kingarms.ee\/wp-content\/uploads\/2023\/11\/0e2b977eb85593a46b09a28850db9a1b-300x225.jpeg 300w, https:\/\/kingarms.ee\/wp-content\/uploads\/2023\/11\/0e2b977eb85593a46b09a28850db9a1b-768x576.jpeg 768w, https:\/\/kingarms.ee\/wp-content\/uploads\/2023\/11\/0e2b977eb85593a46b09a28850db9a1b-500x375.jpeg 500w, https:\/\/kingarms.ee\/wp-content\/uploads\/2023\/11\/0e2b977eb85593a46b09a28850db9a1b-150x113.jpeg 150w\" sizes=\"auto, (max-width: 1000px) 100vw, 1000px\" \/><\/p>\n","protected":false},"excerpt":{"rendered":"<p>Pneumatinis pistoletas tt-kopijuoja visame pasaulyje \u017einom\u0105 TIKAREV TT-33.<br \/>\n\u0160io pistoleto svoris yra 389 gramai i\u0161 Aun. I\u0161galvotas linksmas laikas ar mank\u0161ta. <\/p>\n<p>Gamintojas BORNER<br \/>\nCO2 tipo kapsul\u0117<br \/>\nPneumatinis<br \/>\nKalibras 4.5.<br \/>\n\u0160audymo greitis 120 m \/ s<br \/>\nSnukio energija CO2<br \/>\nVamzd\u017eio tipo plienas, lygus<br \/>\nD\u0117klo t\u016bris 15<br \/>\n\u0160audmen\u0173 tipas Kulid, BB<\/p>\n","protected":false},"featured_media":148266,"template":"","meta":{"_acf_changed":false},"product_brand":[],"product_cat":[1143],"product_tag":[],"class_list":{"0":"post-150047","1":"product","2":"type-product","3":"status-publish","4":"has-post-thumbnail","6":"product_cat-rankinis-ginklas","8":"first","9":"instock","10":"taxable","11":"shipping-taxable","12":"purchasable","13":"product-type-simple"},"acf":[],"_links":{"self":[{"href":"https:\/\/kingarms.ee\/lt\/wp-json\/wp\/v2\/product\/150047","targetHints":{"allow":["GET"]}}],"collection":[{"href":"https:\/\/kingarms.ee\/lt\/wp-json\/wp\/v2\/product"}],"about":[{"href":"https:\/\/kingarms.ee\/lt\/wp-json\/wp\/v2\/types\/product"}],"wp:featuredmedia":[{"embeddable":true,"href":"https:\/\/kingarms.ee\/lt\/wp-json\/wp\/v2\/media\/148266"}],"wp:attachment":[{"href":"https:\/\/kingarms.ee\/lt\/wp-json\/wp\/v2\/media?parent=150047"}],"wp:term":[{"taxonomy":"product_brand","embeddable":true,"href":"https:\/\/kingarms.ee\/lt\/wp-json\/wp\/v2\/product_brand?post=150047"},{"taxonomy":"product_cat","embeddable":true,"href":"https:\/\/kingarms.ee\/lt\/wp-json\/wp\/v2\/product_cat?post=150047"},{"taxonomy":"product_tag","embeddable":true,"href":"https:\/\/kingarms.ee\/lt\/wp-json\/wp\/v2\/product_tag?post=150047"}],"curies":[{"name":"wp","href":"https:\/\/api.w.org\/{rel}","templated":true}]}}