{"id":150048,"date":"2023-11-18T13:44:08","date_gmt":"2025-05-25T14:15:28","guid":{"rendered":"https:\/\/kingarms.ee\/product\/borner-92m\/"},"modified":"2025-05-25T17:15:28","modified_gmt":"2025-05-25T14:15:28","slug":"borner-92m","status":"publish","type":"product","link":"https:\/\/kingarms.ee\/lt\/product\/borner-92m\/","title":{"rendered":"Borner 92m"},"content":{"rendered":"<p><img loading=\"lazy\" decoding=\"async\" class=\"alignnone size-full wp-image-83391\" src=\"https:\/\/kingarms.ee\/wp-content\/uploads\/2023\/11\/4b7b418f-7ac9-11ed-b776-00155d8ed203_705e9c12-d2be-11ed-b779-00155d65b408-2.webp\" alt=\"\" width=\"1027\" height=\"1029\" srcset=\"https:\/\/kingarms.ee\/wp-content\/uploads\/2023\/11\/4b7b418f-7ac9-11ed-b776-00155d8ed203_705e9c12-d2be-11ed-b779-00155d65b408-2.webp 1027w, https:\/\/kingarms.ee\/wp-content\/uploads\/2023\/11\/4b7b418f-7ac9-11ed-b776-00155d8ed203_705e9c12-d2be-11ed-b779-00155d65b408-2-300x300.webp 300w, https:\/\/kingarms.ee\/wp-content\/uploads\/2023\/11\/4b7b418f-7ac9-11ed-b776-00155d8ed203_705e9c12-d2be-11ed-b779-00155d65b408-2-1022x1024.webp 1022w, https:\/\/kingarms.ee\/wp-content\/uploads\/2023\/11\/4b7b418f-7ac9-11ed-b776-00155d8ed203_705e9c12-d2be-11ed-b779-00155d65b408-2-150x150.webp 150w, https:\/\/kingarms.ee\/wp-content\/uploads\/2023\/11\/4b7b418f-7ac9-11ed-b776-00155d8ed203_705e9c12-d2be-11ed-b779-00155d65b408-2-768x769.webp 768w, https:\/\/kingarms.ee\/wp-content\/uploads\/2023\/11\/4b7b418f-7ac9-11ed-b776-00155d8ed203_705e9c12-d2be-11ed-b779-00155d65b408-2-500x501.webp 500w\" sizes=\"auto, (max-width: 1027px) 100vw, 1027px\" \/><img loading=\"lazy\" decoding=\"async\" class=\"alignnone size-full wp-image-148318\" src=\"https:\/\/kingarms.ee\/wp-content\/uploads\/2023\/11\/3add4b8d4b4c1c4c22c01caf46733d01.jpeg\" alt=\"\" width=\"1000\" height=\"750\" srcset=\"https:\/\/kingarms.ee\/wp-content\/uploads\/2023\/11\/3add4b8d4b4c1c4c22c01caf46733d01.jpeg 1000w, https:\/\/kingarms.ee\/wp-content\/uploads\/2023\/11\/3add4b8d4b4c1c4c22c01caf46733d01-300x225.jpeg 300w, https:\/\/kingarms.ee\/wp-content\/uploads\/2023\/11\/3add4b8d4b4c1c4c22c01caf46733d01-768x576.jpeg 768w, https:\/\/kingarms.ee\/wp-content\/uploads\/2023\/11\/3add4b8d4b4c1c4c22c01caf46733d01-500x375.jpeg 500w, https:\/\/kingarms.ee\/wp-content\/uploads\/2023\/11\/3add4b8d4b4c1c4c22c01caf46733d01-150x113.jpeg 150w\" sizes=\"auto, (max-width: 1000px) 100vw, 1000px\" \/><\/p>\n","protected":false},"excerpt":{"rendered":"<p>\u0160is pistoletas yra metalin\u0117 Pneumatin\u0117 Ital\u0173 Beretta 92 kopija.<br \/>\nOro pistoletas, kuris veikia su 12 gram\u0173 CO2 balionu ir kurio kalibras yra 4,5 mm (.177). Pradinis pistoleto greitis yra 120 m \/ s. <\/p>\n<p>Pistoletas turi galin\u012f taikikl\u012f ir priekin\u012f taikikl\u012f (blus\u0105 ir \u012fpjov\u0105), kurie leid\u017eia nusitaikyti iki 30 m atstumu. pistoletas turi 22 mm Picatinny plok\u0161tel\u0119. Ginklo u\u017eraktas (rog\u0117s) nejuda.  <\/p>\n<p>Stilius: oro pistoletas<br \/>\nTipas: duj\u0173 balion\u0173 pneumatika<br \/>\nEnergijos \u0161altinis: CO2 cilindras, 12G<br \/>\n\u0160audmen\u0173 tipas: plieniniai rutuliai (BB)<br \/>\nKalibras: 4,5 mm<br \/>\nVamzd\u017eio tipas: lygus<br \/>\nAtgalinis ry\u0161ys: ne<br \/>\nMed\u017eiagos: plastikin\u0117 rankena, metalin\u0117 statin\u0117<br \/>\nSvoris: 0,92 kg<br \/>\nIlgis: 213 mm<\/p>\n","protected":false},"featured_media":148322,"template":"","meta":{"_acf_changed":false},"product_brand":[],"product_cat":[1143],"product_tag":[],"class_list":{"0":"post-150048","1":"product","2":"type-product","3":"status-publish","4":"has-post-thumbnail","6":"product_cat-rankinis-ginklas","8":"first","9":"instock","10":"taxable","11":"shipping-taxable","12":"purchasable","13":"product-type-simple"},"acf":[],"_links":{"self":[{"href":"https:\/\/kingarms.ee\/lt\/wp-json\/wp\/v2\/product\/150048","targetHints":{"allow":["GET"]}}],"collection":[{"href":"https:\/\/kingarms.ee\/lt\/wp-json\/wp\/v2\/product"}],"about":[{"href":"https:\/\/kingarms.ee\/lt\/wp-json\/wp\/v2\/types\/product"}],"wp:featuredmedia":[{"embeddable":true,"href":"https:\/\/kingarms.ee\/lt\/wp-json\/wp\/v2\/media\/148322"}],"wp:attachment":[{"href":"https:\/\/kingarms.ee\/lt\/wp-json\/wp\/v2\/media?parent=150048"}],"wp:term":[{"taxonomy":"product_brand","embeddable":true,"href":"https:\/\/kingarms.ee\/lt\/wp-json\/wp\/v2\/product_brand?post=150048"},{"taxonomy":"product_cat","embeddable":true,"href":"https:\/\/kingarms.ee\/lt\/wp-json\/wp\/v2\/product_cat?post=150048"},{"taxonomy":"product_tag","embeddable":true,"href":"https:\/\/kingarms.ee\/lt\/wp-json\/wp\/v2\/product_tag?post=150048"}],"curies":[{"name":"wp","href":"https:\/\/api.w.org\/{rel}","templated":true}]}}