{"id":150054,"date":"2023-10-04T13:40:15","date_gmt":"2025-05-25T14:18:34","guid":{"rendered":"https:\/\/kingarms.ee\/product\/borner-pm-x\/"},"modified":"2025-05-25T17:18:34","modified_gmt":"2025-05-25T14:18:34","slug":"borner-pm-x","status":"publish","type":"product","link":"https:\/\/kingarms.ee\/lt\/product\/borner-pm-x\/","title":{"rendered":"Borner PM-X"},"content":{"rendered":"<p><img loading=\"lazy\" decoding=\"async\" class=\"alignnone size-medium wp-image-81312\" src=\"https:\/\/kingarms.ee\/wp-content\/uploads\/2023\/10\/pnevmaticheskiy-pistolet-borner-pm-x-3-300x250.jpg\" alt=\"\" width=\"300\" height=\"250\" srcset=\"https:\/\/kingarms.ee\/wp-content\/uploads\/2023\/10\/pnevmaticheskiy-pistolet-borner-pm-x-3-300x250.jpg 300w, https:\/\/kingarms.ee\/wp-content\/uploads\/2023\/10\/pnevmaticheskiy-pistolet-borner-pm-x-3-1024x853.jpg 1024w, https:\/\/kingarms.ee\/wp-content\/uploads\/2023\/10\/pnevmaticheskiy-pistolet-borner-pm-x-3-768x640.jpg 768w, https:\/\/kingarms.ee\/wp-content\/uploads\/2023\/10\/pnevmaticheskiy-pistolet-borner-pm-x-3-1536x1280.jpg 1536w, https:\/\/kingarms.ee\/wp-content\/uploads\/2023\/10\/pnevmaticheskiy-pistolet-borner-pm-x-3-500x417.jpg 500w, https:\/\/kingarms.ee\/wp-content\/uploads\/2023\/10\/pnevmaticheskiy-pistolet-borner-pm-x-3-150x125.jpg 150w, https:\/\/kingarms.ee\/wp-content\/uploads\/2023\/10\/pnevmaticheskiy-pistolet-borner-pm-x-3.jpg 1920w\" sizes=\"auto, (max-width: 300px) 100vw, 300px\" \/><\/p>\n","protected":false},"excerpt":{"rendered":"<p>Borner PM-X<\/p>\n<p>Borneris yra garsiojo Makarovo kopija. D\u0117l polimerinio r\u0117mo oro pistoletas yra tikrai lengvas. Vidin\u0117s dalys pagamintos i\u0161 metalo, kad padidint\u0173 patvarum\u0105. Lygiavamzdis vamzdis skirtas \u0161audyti 0,177 kalibro (4,5 mm) plieno BBs. Magazin turi 16 Kadr\u0173. \u0160\u012f model\u012f maitina viena 12G CO2 kapsul\u0117, kuri laikoma rankenos viduje. Rankinis buferis yra \u0161alia plaktuko.      <\/p>\n","protected":false},"featured_media":129961,"template":"","meta":{"_acf_changed":false},"product_brand":[],"product_cat":[1143],"product_tag":[],"class_list":{"0":"post-150054","1":"product","2":"type-product","3":"status-publish","4":"has-post-thumbnail","6":"product_cat-rankinis-ginklas","8":"first","9":"instock","10":"taxable","11":"shipping-taxable","12":"purchasable","13":"product-type-simple"},"acf":[],"_links":{"self":[{"href":"https:\/\/kingarms.ee\/lt\/wp-json\/wp\/v2\/product\/150054","targetHints":{"allow":["GET"]}}],"collection":[{"href":"https:\/\/kingarms.ee\/lt\/wp-json\/wp\/v2\/product"}],"about":[{"href":"https:\/\/kingarms.ee\/lt\/wp-json\/wp\/v2\/types\/product"}],"wp:featuredmedia":[{"embeddable":true,"href":"https:\/\/kingarms.ee\/lt\/wp-json\/wp\/v2\/media\/129961"}],"wp:attachment":[{"href":"https:\/\/kingarms.ee\/lt\/wp-json\/wp\/v2\/media?parent=150054"}],"wp:term":[{"taxonomy":"product_brand","embeddable":true,"href":"https:\/\/kingarms.ee\/lt\/wp-json\/wp\/v2\/product_brand?post=150054"},{"taxonomy":"product_cat","embeddable":true,"href":"https:\/\/kingarms.ee\/lt\/wp-json\/wp\/v2\/product_cat?post=150054"},{"taxonomy":"product_tag","embeddable":true,"href":"https:\/\/kingarms.ee\/lt\/wp-json\/wp\/v2\/product_tag?post=150054"}],"curies":[{"name":"wp","href":"https:\/\/api.w.org\/{rel}","templated":true}]}}