{"id":150055,"date":"2023-10-04T12:57:13","date_gmt":"2025-05-25T14:18:54","guid":{"rendered":"https:\/\/kingarms.ee\/product\/js-taktinis-3-kartu-didintuvas\/"},"modified":"2025-05-25T17:18:54","modified_gmt":"2025-05-25T14:18:54","slug":"js-taktinis-3-kartu-didintuvas","status":"publish","type":"product","link":"https:\/\/kingarms.ee\/lt\/product\/js-taktinis-3-kartu-didintuvas\/","title":{"rendered":"JS-Taktinis 3 kart\u0173 didintuvas"},"content":{"rendered":"<p><img loading=\"lazy\" decoding=\"async\" class=\"alignnone size-medium wp-image-81297\" src=\"https:\/\/kingarms.ee\/wp-content\/uploads\/2023\/10\/js-tactical-3x-magnifier-for-red-dot-js-zb3x-300x300.jpg\" alt=\"\" width=\"300\" height=\"300\" srcset=\"https:\/\/kingarms.ee\/wp-content\/uploads\/2023\/10\/js-tactical-3x-magnifier-for-red-dot-js-zb3x-300x300.jpg 300w, https:\/\/kingarms.ee\/wp-content\/uploads\/2023\/10\/js-tactical-3x-magnifier-for-red-dot-js-zb3x-150x150.jpg 150w, https:\/\/kingarms.ee\/wp-content\/uploads\/2023\/10\/js-tactical-3x-magnifier-for-red-dot-js-zb3x-768x768.jpg 768w, https:\/\/kingarms.ee\/wp-content\/uploads\/2023\/10\/js-tactical-3x-magnifier-for-red-dot-js-zb3x-500x500.jpg 500w, https:\/\/kingarms.ee\/wp-content\/uploads\/2023\/10\/js-tactical-3x-magnifier-for-red-dot-js-zb3x.jpg 1000w\" sizes=\"auto, (max-width: 300px) 100vw, 300px\" \/><\/p>\n","protected":false},"excerpt":{"rendered":"<p>JS-Taktinis 3 kart\u0173 didintuvas<br \/>\nfiksuotas padidinimas 3 kartus<br \/>\n30 mm ant objektyvo<br \/>\nMetalinis korpusas<br \/>\nMontavimas ant standartinio 20 mm b\u0117gio, greitas Sukibimas ir nustumimo \u012f \u0161al\u012f funkcija<br \/>\nSulankstomos objektyvo apsaugos<br \/>\nIlgis 135mm<br \/>\nSvoris370g<br \/>\nTAIP PAT GALI B\u016aTI NAUDOJAMAS KAIP NE\u0160IOJAMAS MONOKULIARAS<\/p>\n","protected":false},"featured_media":129953,"template":"","meta":{"_acf_changed":false},"product_brand":[],"product_cat":[1186,1205],"product_tag":[],"class_list":{"0":"post-150055","1":"product","2":"type-product","3":"status-publish","4":"has-post-thumbnail","6":"product_cat-monokuline","7":"product_cat-vaizdai-lt","9":"first","10":"instock","11":"taxable","12":"shipping-taxable","13":"purchasable","14":"product-type-simple"},"acf":[],"_links":{"self":[{"href":"https:\/\/kingarms.ee\/lt\/wp-json\/wp\/v2\/product\/150055","targetHints":{"allow":["GET"]}}],"collection":[{"href":"https:\/\/kingarms.ee\/lt\/wp-json\/wp\/v2\/product"}],"about":[{"href":"https:\/\/kingarms.ee\/lt\/wp-json\/wp\/v2\/types\/product"}],"wp:featuredmedia":[{"embeddable":true,"href":"https:\/\/kingarms.ee\/lt\/wp-json\/wp\/v2\/media\/129953"}],"wp:attachment":[{"href":"https:\/\/kingarms.ee\/lt\/wp-json\/wp\/v2\/media?parent=150055"}],"wp:term":[{"taxonomy":"product_brand","embeddable":true,"href":"https:\/\/kingarms.ee\/lt\/wp-json\/wp\/v2\/product_brand?post=150055"},{"taxonomy":"product_cat","embeddable":true,"href":"https:\/\/kingarms.ee\/lt\/wp-json\/wp\/v2\/product_cat?post=150055"},{"taxonomy":"product_tag","embeddable":true,"href":"https:\/\/kingarms.ee\/lt\/wp-json\/wp\/v2\/product_tag?post=150055"}],"curies":[{"name":"wp","href":"https:\/\/api.w.org\/{rel}","templated":true}]}}