{"id":150057,"date":"2023-09-23T14:51:48","date_gmt":"2023-09-23T11:51:48","guid":{"rendered":"https:\/\/kingarms.ee\/product\/karines-paslapties-dezute-l-dydis\/"},"modified":"2025-05-25T17:19:33","modified_gmt":"2025-05-25T14:19:33","slug":"karines-paslapties-dezute-l-dydis","status":"publish","type":"product","link":"https:\/\/kingarms.ee\/lt\/product\/karines-paslapties-dezute-l-dydis\/","title":{"rendered":"Karin\u0117s paslapties d\u0117\u017eut\u0117 L dydis"},"content":{"rendered":"<p><img loading=\"lazy\" decoding=\"async\" class=\"alignnone size-full wp-image-80983\" src=\"https:\/\/kingarms.ee\/wp-content\/uploads\/2023\/09\/image_9f3e39ef-0e6d-4cf6-acb8-cf88f64c1ed4_1080x.jpg\" alt=\"\" width=\"1080\" height=\"1404\" srcset=\"https:\/\/kingarms.ee\/wp-content\/uploads\/2023\/09\/image_9f3e39ef-0e6d-4cf6-acb8-cf88f64c1ed4_1080x.jpg 1080w, https:\/\/kingarms.ee\/wp-content\/uploads\/2023\/09\/image_9f3e39ef-0e6d-4cf6-acb8-cf88f64c1ed4_1080x-231x300.jpg 231w, https:\/\/kingarms.ee\/wp-content\/uploads\/2023\/09\/image_9f3e39ef-0e6d-4cf6-acb8-cf88f64c1ed4_1080x-788x1024.jpg 788w, https:\/\/kingarms.ee\/wp-content\/uploads\/2023\/09\/image_9f3e39ef-0e6d-4cf6-acb8-cf88f64c1ed4_1080x-768x998.jpg 768w, https:\/\/kingarms.ee\/wp-content\/uploads\/2023\/09\/image_9f3e39ef-0e6d-4cf6-acb8-cf88f64c1ed4_1080x-500x650.jpg 500w, https:\/\/kingarms.ee\/wp-content\/uploads\/2023\/09\/image_9f3e39ef-0e6d-4cf6-acb8-cf88f64c1ed4_1080x-150x195.jpg 150w\" sizes=\"auto, (max-width: 1080px) 100vw, 1080px\" \/><\/p>\n","protected":false},"excerpt":{"rendered":"<p>\u012e krep\u0161el\u012f karin\u0117 paslap\u010di\u0173 d\u0117\u017eut\u0117 ir galite \u012fsigyti vos 79,99 EUR vert\u0117s produkt\u0173, kuri\u0173 vert\u0117 i\u0161 tikr\u0173j\u0173 yra 89,99-104,99 EUR<br \/>\nS\u0117km\u0117s jums:<\/p>\n","protected":false},"featured_media":129915,"template":"","meta":{"_acf_changed":false},"product_brand":[],"product_cat":[1133],"product_tag":[],"class_list":{"0":"post-150057","1":"product","2":"type-product","3":"status-publish","4":"has-post-thumbnail","6":"product_cat-pasiulymas","8":"first","9":"instock","10":"sale","11":"taxable","12":"shipping-taxable","13":"purchasable","14":"product-type-simple"},"acf":[],"_links":{"self":[{"href":"https:\/\/kingarms.ee\/lt\/wp-json\/wp\/v2\/product\/150057","targetHints":{"allow":["GET"]}}],"collection":[{"href":"https:\/\/kingarms.ee\/lt\/wp-json\/wp\/v2\/product"}],"about":[{"href":"https:\/\/kingarms.ee\/lt\/wp-json\/wp\/v2\/types\/product"}],"wp:featuredmedia":[{"embeddable":true,"href":"https:\/\/kingarms.ee\/lt\/wp-json\/wp\/v2\/media\/129915"}],"wp:attachment":[{"href":"https:\/\/kingarms.ee\/lt\/wp-json\/wp\/v2\/media?parent=150057"}],"wp:term":[{"taxonomy":"product_brand","embeddable":true,"href":"https:\/\/kingarms.ee\/lt\/wp-json\/wp\/v2\/product_brand?post=150057"},{"taxonomy":"product_cat","embeddable":true,"href":"https:\/\/kingarms.ee\/lt\/wp-json\/wp\/v2\/product_cat?post=150057"},{"taxonomy":"product_tag","embeddable":true,"href":"https:\/\/kingarms.ee\/lt\/wp-json\/wp\/v2\/product_tag?post=150057"}],"curies":[{"name":"wp","href":"https:\/\/api.w.org\/{rel}","templated":true}]}}