{"id":150058,"date":"2023-09-20T15:03:03","date_gmt":"2025-05-25T14:19:47","guid":{"rendered":"https:\/\/kingarms.ee\/product\/famas-f1-cybergun\/"},"modified":"2025-05-25T17:19:47","modified_gmt":"2025-05-25T14:19:47","slug":"famas-f1-cybergun","status":"publish","type":"product","link":"https:\/\/kingarms.ee\/lt\/product\/famas-f1-cybergun\/","title":{"rendered":"\u201eFAMAS F1\u201c (\u201eCyberGun\u201c)"},"content":{"rendered":"<p><img loading=\"lazy\" decoding=\"async\" class=\"alignnone size-medium wp-image-80788\" src=\"https:\/\/kingarms.ee\/wp-content\/uploads\/2023\/09\/170819_1-300x200.png\" alt=\"\" width=\"300\" height=\"200\" srcset=\"https:\/\/kingarms.ee\/wp-content\/uploads\/2023\/09\/170819_1-300x200.png 300w, https:\/\/kingarms.ee\/wp-content\/uploads\/2023\/09\/170819_1-768x512.png 768w, https:\/\/kingarms.ee\/wp-content\/uploads\/2023\/09\/170819_1-500x333.png 500w, https:\/\/kingarms.ee\/wp-content\/uploads\/2023\/09\/170819_1-150x100.png 150w, https:\/\/kingarms.ee\/wp-content\/uploads\/2023\/09\/170819_1.png 800w\" sizes=\"auto, (max-width: 300px) 100vw, 300px\" \/><\/p>\n","protected":false},"excerpt":{"rendered":"<p>\u201eFAMAS F1\u201c (\u201eCyberGun\u201c)<\/p>\n<p>Patvarus liejamas sustiprintas polimerinis korpusas; viso dyd\u017eio 1: 1 skal\u0117s licencijuota kopija<br \/>\nIntegruotas sulankstomas metalinis sparnas<br \/>\nVisi\u0161kai atnaujinama Tokyo Marui suderinama Ver1 metalin\u0117 pavar\u0173 d\u0117\u017e\u0117 su laidiniu MOSFET<br \/>\nErgonomi\u0161ka pistoleto rankena ir rank\u0173 apsauga su pir\u0161t\u0173 grioveliais<br \/>\nDvipus\u0117 apsauga<br \/>\nMontuojama Picatinny magistral\u0117s dalis \u017eibintams, lazeriams ar rankenoms tvirtinti<br \/>\nVisi\u0161kai automatiniai, pusiau automatiniai ir saug\u016bs gaisro re\u017eimai<br \/>\nBullpup dizainas leid\u017eia \u017eymiai ilgesn\u012f vamzdel\u012f kompakti\u0161kame profilio pistolete<\/p>\n<p>CYBERGUN licencijuotas FAMAS AEG apima \u012fvairius patobulinimus, palyginti su originaliu Tokyo Marui Famas. \u0160is FAMAS naudoja patobulint\u0105 Tokyo Marui specifikacijos 1 versijos metalin\u0119 pavar\u0173 d\u0117\u017e\u0119 su padidintu patvarumu ir na\u0161umu, i\u0161laikant suderinamum\u0105 su standartin\u0117mis Tokyo Marui dalimis. \u012emontuotas sulankstomas metalinis sparnas yra patvarus ir suteikia vartotojui stabili\u0105 \u0161audymo platform\u0105. Kaip ir tikrasis jo atitikmuo, ilgesnis vamzdis pasi\u017eymi geresniu na\u0161umu ir tikslumu, palyginti su trumpesniais vamzdiniais \u0161autuvais.   <\/p>\n","protected":false},"featured_media":129841,"template":"","meta":{"_acf_changed":false},"product_brand":[],"product_cat":[1139],"product_tag":[],"class_list":{"0":"post-150058","1":"product","2":"type-product","3":"status-publish","4":"has-post-thumbnail","6":"product_cat-elektro-pneumatiniai-ginklai","8":"first","9":"instock","10":"taxable","11":"shipping-taxable","12":"purchasable","13":"product-type-simple"},"acf":[],"_links":{"self":[{"href":"https:\/\/kingarms.ee\/lt\/wp-json\/wp\/v2\/product\/150058","targetHints":{"allow":["GET"]}}],"collection":[{"href":"https:\/\/kingarms.ee\/lt\/wp-json\/wp\/v2\/product"}],"about":[{"href":"https:\/\/kingarms.ee\/lt\/wp-json\/wp\/v2\/types\/product"}],"wp:featuredmedia":[{"embeddable":true,"href":"https:\/\/kingarms.ee\/lt\/wp-json\/wp\/v2\/media\/129841"}],"wp:attachment":[{"href":"https:\/\/kingarms.ee\/lt\/wp-json\/wp\/v2\/media?parent=150058"}],"wp:term":[{"taxonomy":"product_brand","embeddable":true,"href":"https:\/\/kingarms.ee\/lt\/wp-json\/wp\/v2\/product_brand?post=150058"},{"taxonomy":"product_cat","embeddable":true,"href":"https:\/\/kingarms.ee\/lt\/wp-json\/wp\/v2\/product_cat?post=150058"},{"taxonomy":"product_tag","embeddable":true,"href":"https:\/\/kingarms.ee\/lt\/wp-json\/wp\/v2\/product_tag?post=150058"}],"curies":[{"name":"wp","href":"https:\/\/api.w.org\/{rel}","templated":true}]}}