{"id":150061,"date":"2023-09-13T11:24:44","date_gmt":"2025-05-25T14:23:36","guid":{"rendered":"https:\/\/kingarms.ee\/product\/vz58m-middle\/"},"modified":"2025-05-25T17:23:36","modified_gmt":"2025-05-25T14:23:36","slug":"vz58m-middle","status":"publish","type":"product","link":"https:\/\/kingarms.ee\/lt\/product\/vz58m-middle\/","title":{"rendered":"VZ58M MIDDLE"},"content":{"rendered":"<p><img loading=\"lazy\" decoding=\"async\" class=\"alignnone size-medium wp-image-80610\" src=\"https:\/\/kingarms.ee\/wp-content\/uploads\/2023\/09\/ares-electric-rifle-vz58-middle-version-ar-vz58mm-300x300.jpg\" alt=\"\" width=\"300\" height=\"300\" srcset=\"https:\/\/kingarms.ee\/wp-content\/uploads\/2023\/09\/ares-electric-rifle-vz58-middle-version-ar-vz58mm-300x300.jpg 300w, https:\/\/kingarms.ee\/wp-content\/uploads\/2023\/09\/ares-electric-rifle-vz58-middle-version-ar-vz58mm-150x150.jpg 150w, https:\/\/kingarms.ee\/wp-content\/uploads\/2023\/09\/ares-electric-rifle-vz58-middle-version-ar-vz58mm-500x500.jpg 500w, https:\/\/kingarms.ee\/wp-content\/uploads\/2023\/09\/ares-electric-rifle-vz58-middle-version-ar-vz58mm.jpg 600w\" sizes=\"auto, (max-width: 300px) 100vw, 300px\" \/><\/p>\n","protected":false},"excerpt":{"rendered":"<p>VZ58M VIDURYJE NUO ARES<br \/>\nTIPAS: LAIKAS<br \/>\nMed\u017eiaga: metalas + nailono pluo\u0161tas<br \/>\nIlgis: 45-830 mm (VZ58M-002)<br \/>\nSvoris: 3100g<br \/>\nGaisro re\u017eimas: programuojamas<br \/>\nSand\u0117liavimo talpa: 300 raund\u0173 (6 mm BB)<br \/>\nHOP-UP: reguliuojamas<br \/>\nPavar\u0173 d\u0117\u017e\u0117s tipas: vz58 pavar\u0173 d\u0117\u017e\u0117 (EFCS)<br \/>\nPavar\u0173 d\u0117\u017e\u0117s med\u017eiaga: metalas<br \/>\nVariklis: didelio sukimo momento variklis<br \/>\nGrei\u010dio reguliavimo sistema (RVTSTM): taip<br \/>\nVAMZD\u017dIO SRIEGIO TIPAS: 14CCV<\/p>\n","protected":false},"featured_media":129789,"template":"","meta":{"_acf_changed":false},"product_brand":[],"product_cat":[1139],"product_tag":[],"class_list":{"0":"post-150061","1":"product","2":"type-product","3":"status-publish","4":"has-post-thumbnail","6":"product_cat-elektro-pneumatiniai-ginklai","8":"first","9":"instock","10":"sale","11":"taxable","12":"shipping-taxable","13":"purchasable","14":"product-type-simple"},"acf":[],"_links":{"self":[{"href":"https:\/\/kingarms.ee\/lt\/wp-json\/wp\/v2\/product\/150061","targetHints":{"allow":["GET"]}}],"collection":[{"href":"https:\/\/kingarms.ee\/lt\/wp-json\/wp\/v2\/product"}],"about":[{"href":"https:\/\/kingarms.ee\/lt\/wp-json\/wp\/v2\/types\/product"}],"wp:featuredmedia":[{"embeddable":true,"href":"https:\/\/kingarms.ee\/lt\/wp-json\/wp\/v2\/media\/129789"}],"wp:attachment":[{"href":"https:\/\/kingarms.ee\/lt\/wp-json\/wp\/v2\/media?parent=150061"}],"wp:term":[{"taxonomy":"product_brand","embeddable":true,"href":"https:\/\/kingarms.ee\/lt\/wp-json\/wp\/v2\/product_brand?post=150061"},{"taxonomy":"product_cat","embeddable":true,"href":"https:\/\/kingarms.ee\/lt\/wp-json\/wp\/v2\/product_cat?post=150061"},{"taxonomy":"product_tag","embeddable":true,"href":"https:\/\/kingarms.ee\/lt\/wp-json\/wp\/v2\/product_tag?post=150061"}],"curies":[{"name":"wp","href":"https:\/\/api.w.org\/{rel}","templated":true}]}}