{"id":150062,"date":"2023-09-12T17:22:48","date_gmt":"2025-05-25T14:23:50","guid":{"rendered":"https:\/\/kingarms.ee\/product\/ask204p-tactical-ebb\/"},"modified":"2025-05-25T17:23:50","modified_gmt":"2025-05-25T14:23:50","slug":"ask204p-tactical-ebb","status":"publish","type":"product","link":"https:\/\/kingarms.ee\/lt\/product\/ask204p-tactical-ebb\/","title":{"rendered":"ASK204P TACTICAL EBB"},"content":{"rendered":"<p><img loading=\"lazy\" decoding=\"async\" class=\"alignnone size-medium wp-image-80581\" src=\"https:\/\/kingarms.ee\/wp-content\/uploads\/2023\/09\/EL-A107S-AKS74MN-3-1-300x173.jpg\" alt=\"\" width=\"300\" height=\"173\" srcset=\"https:\/\/kingarms.ee\/wp-content\/uploads\/2023\/09\/EL-A107S-AKS74MN-3-1-300x173.jpg 300w, https:\/\/kingarms.ee\/wp-content\/uploads\/2023\/09\/EL-A107S-AKS74MN-3-1-1024x591.jpg 1024w, https:\/\/kingarms.ee\/wp-content\/uploads\/2023\/09\/EL-A107S-AKS74MN-3-1-768x443.jpg 768w, https:\/\/kingarms.ee\/wp-content\/uploads\/2023\/09\/EL-A107S-AKS74MN-3-1-500x288.jpg 500w, https:\/\/kingarms.ee\/wp-content\/uploads\/2023\/09\/EL-A107S-AKS74MN-3-1-150x87.jpg 150w, https:\/\/kingarms.ee\/wp-content\/uploads\/2023\/09\/EL-A107S-AKS74MN-3-1.jpg 1300w\" sizes=\"auto, (max-width: 300px) 100vw, 300px\" \/><\/p>\n","protected":false},"excerpt":{"rendered":"<p>ASK204P Taktinis atosl\u016bgis i\u0161 gamintojo APS<br \/>\npavar\u0173 d\u0117\u017e\u0117 v. 3 HYBRiD SILVER su greito keitimo spyruokli\u0173 sistema (100% suderinama su TM dalimis)<br \/>\npavasaris 120 m \/ s<br \/>\npavar\u0173 d\u0117\u017e\u0117 su apsauga nuo korozijos, poliruotas ir poliruotas pavir\u0161ius<br \/>\nplienin\u0117s pavaros<br \/>\n8 mm plieninis paprastas guolis<br \/>\nguolio st\u016bmoklio galvut\u0117<br \/>\ncilindro tipas su 1 skyle<br \/>\nsandarus aliuminio antgalis<br \/>\nspyruoklinis kreiptuvas turi 2 fiksavimo kojas, o ne 4, kurios yra ypa\u010d saugios \u0161audymo metu<br \/>\nelektros at\u0161okimas <\/p>\n","protected":false},"featured_media":132099,"template":"","meta":{"_acf_changed":false},"product_brand":[],"product_cat":[1139],"product_tag":[],"class_list":{"0":"post-150062","1":"product","2":"type-product","3":"status-publish","4":"has-post-thumbnail","6":"product_cat-elektro-pneumatiniai-ginklai","8":"first","9":"onbackorder","10":"sale","11":"taxable","12":"shipping-taxable","13":"product-type-simple"},"acf":[],"_links":{"self":[{"href":"https:\/\/kingarms.ee\/lt\/wp-json\/wp\/v2\/product\/150062","targetHints":{"allow":["GET"]}}],"collection":[{"href":"https:\/\/kingarms.ee\/lt\/wp-json\/wp\/v2\/product"}],"about":[{"href":"https:\/\/kingarms.ee\/lt\/wp-json\/wp\/v2\/types\/product"}],"wp:featuredmedia":[{"embeddable":true,"href":"https:\/\/kingarms.ee\/lt\/wp-json\/wp\/v2\/media\/132099"}],"wp:attachment":[{"href":"https:\/\/kingarms.ee\/lt\/wp-json\/wp\/v2\/media?parent=150062"}],"wp:term":[{"taxonomy":"product_brand","embeddable":true,"href":"https:\/\/kingarms.ee\/lt\/wp-json\/wp\/v2\/product_brand?post=150062"},{"taxonomy":"product_cat","embeddable":true,"href":"https:\/\/kingarms.ee\/lt\/wp-json\/wp\/v2\/product_cat?post=150062"},{"taxonomy":"product_tag","embeddable":true,"href":"https:\/\/kingarms.ee\/lt\/wp-json\/wp\/v2\/product_tag?post=150062"}],"curies":[{"name":"wp","href":"https:\/\/api.w.org\/{rel}","templated":true}]}}