{"id":150064,"date":"2023-09-12T15:33:30","date_gmt":"2025-05-25T14:24:35","guid":{"rendered":"https:\/\/kingarms.ee\/product\/auksinis-erelis-6832c-ak-m-m\/"},"modified":"2025-05-25T17:24:35","modified_gmt":"2025-05-25T14:24:35","slug":"auksinis-erelis-6832c-ak-m-m","status":"publish","type":"product","link":"https:\/\/kingarms.ee\/lt\/product\/auksinis-erelis-6832c-ak-m-m\/","title":{"rendered":"Auksinis erelis 6832c AK M M"},"content":{"rendered":"<p><img loading=\"lazy\" decoding=\"async\" class=\"alignnone size-medium wp-image-80532\" src=\"https:\/\/kingarms.ee\/wp-content\/uploads\/2023\/09\/6832c-300x132.jpg\" alt=\"\" width=\"300\" height=\"132\" srcset=\"https:\/\/kingarms.ee\/wp-content\/uploads\/2023\/09\/6832c-300x132.jpg 300w, https:\/\/kingarms.ee\/wp-content\/uploads\/2023\/09\/6832c-500x220.jpg 500w, https:\/\/kingarms.ee\/wp-content\/uploads\/2023\/09\/6832c-150x66.jpg 150w, https:\/\/kingarms.ee\/wp-content\/uploads\/2023\/09\/6832c.jpg 700w\" sizes=\"auto, (max-width: 300px) 100vw, 300px\" \/><\/p>\n","protected":false},"excerpt":{"rendered":"<p>Auksinis erelis 6832c AK M M<\/p>\n<p>Taktinis dizainas AK74 su daugybe pikatinnysines, skirtas montuoti \u012fvairius priedus, tokius kaip taikikliai ir lempos. Korpusas pagamintas tik i\u0161 metalo ir suteikia tikrai gra\u017e\u0173 svor\u012f ir tvirt\u0105 poj\u016bt\u012f. <\/p>\n<p>Modelis yra ypa\u010d efektyvus kaip CKB \u0161autuvas, ta\u010diau taip pat gali b\u016bti efektyviai naudojamas didesniais atstumais. Magasinas turi didel\u0119 talp\u0105, talpina iki 500 kulk\u0173. <\/p>\n<p>\u012erengta sulankstoma Le pe\u010di\u0173 atrama, tokio pat stiliaus kaip klasikinis M4.<br \/>\nErgonomi\u0161ka M249 stiliaus pistoleto rankena.<br \/>\nTinka tiek de\u0161iniarankiams, tiek kairiarankiams.<br \/>\nReguliuojama priekin\u0117 ir galin\u0117 knyg\u0173 spinta.<br \/>\nKomplekte baterija ir \u012fkroviklis (Ni-MH 9.6 V 1100 mAh)<\/p>\n","protected":false},"featured_media":131988,"template":"","meta":{"_acf_changed":false},"product_brand":[],"product_cat":[1139],"product_tag":[],"class_list":{"0":"post-150064","1":"product","2":"type-product","3":"status-publish","4":"has-post-thumbnail","6":"product_cat-elektro-pneumatiniai-ginklai","8":"first","9":"onbackorder","10":"sale","11":"taxable","12":"shipping-taxable","13":"product-type-simple"},"acf":[],"_links":{"self":[{"href":"https:\/\/kingarms.ee\/lt\/wp-json\/wp\/v2\/product\/150064","targetHints":{"allow":["GET"]}}],"collection":[{"href":"https:\/\/kingarms.ee\/lt\/wp-json\/wp\/v2\/product"}],"about":[{"href":"https:\/\/kingarms.ee\/lt\/wp-json\/wp\/v2\/types\/product"}],"wp:featuredmedia":[{"embeddable":true,"href":"https:\/\/kingarms.ee\/lt\/wp-json\/wp\/v2\/media\/131988"}],"wp:attachment":[{"href":"https:\/\/kingarms.ee\/lt\/wp-json\/wp\/v2\/media?parent=150064"}],"wp:term":[{"taxonomy":"product_brand","embeddable":true,"href":"https:\/\/kingarms.ee\/lt\/wp-json\/wp\/v2\/product_brand?post=150064"},{"taxonomy":"product_cat","embeddable":true,"href":"https:\/\/kingarms.ee\/lt\/wp-json\/wp\/v2\/product_cat?post=150064"},{"taxonomy":"product_tag","embeddable":true,"href":"https:\/\/kingarms.ee\/lt\/wp-json\/wp\/v2\/product_tag?post=150064"}],"curies":[{"name":"wp","href":"https:\/\/api.w.org\/{rel}","templated":true}]}}