{"id":150066,"date":"2023-08-17T16:53:00","date_gmt":"2023-08-17T13:53:00","guid":{"rendered":"https:\/\/kingarms.ee\/product\/policijos-tobulas-guard-pepper-dujos-500-gelis-40-ml\/"},"modified":"2025-05-25T17:25:10","modified_gmt":"2025-05-25T14:25:10","slug":"policijos-tobulas-guard-pepper-dujos-500-gelis-40-ml","status":"publish","type":"product","link":"https:\/\/kingarms.ee\/lt\/product\/policijos-tobulas-guard-pepper-dujos-500-gelis-40-ml\/","title":{"rendered":"Policijos tobulas \u201eGuard Pepper\u201c dujos 500 gelis 40 ml"},"content":{"rendered":"<p><img loading=\"lazy\" decoding=\"async\" class=\"alignnone size-medium wp-image-80308\" src=\"https:\/\/kingarms.ee\/wp-content\/uploads\/2023\/08\/police-perfect-guard-pepper-gas-500-gel-40-ml-bb18d46fdac04b759230286f3151bc54-f9583282-300x300.jpg\" alt=\"\" width=\"300\" height=\"300\" srcset=\"https:\/\/kingarms.ee\/wp-content\/uploads\/2023\/08\/police-perfect-guard-pepper-gas-500-gel-40-ml-bb18d46fdac04b759230286f3151bc54-f9583282-300x300.jpg 300w, https:\/\/kingarms.ee\/wp-content\/uploads\/2023\/08\/police-perfect-guard-pepper-gas-500-gel-40-ml-bb18d46fdac04b759230286f3151bc54-f9583282-150x150.jpg 150w, https:\/\/kingarms.ee\/wp-content\/uploads\/2023\/08\/police-perfect-guard-pepper-gas-500-gel-40-ml-bb18d46fdac04b759230286f3151bc54-f9583282-768x768.jpg 768w, https:\/\/kingarms.ee\/wp-content\/uploads\/2023\/08\/police-perfect-guard-pepper-gas-500-gel-40-ml-bb18d46fdac04b759230286f3151bc54-f9583282-500x500.jpg 500w, https:\/\/kingarms.ee\/wp-content\/uploads\/2023\/08\/police-perfect-guard-pepper-gas-500-gel-40-ml-bb18d46fdac04b759230286f3151bc54-f9583282.jpg 900w\" sizes=\"auto, (max-width: 300px) 100vw, 300px\" \/><\/p>\n","protected":false},"excerpt":{"rendered":"<p>Policijos tobulas \u201eGuard Pepper\u201c dujos 500 gelis 40 ml<\/p>\n<p>Police Perfect Guard 500 yra gelio pur\u0161kalas, kurio t\u016bris yra 40 mililitr\u0173, lenki\u0161kas produktas, pasi\u017eymintis dideliu efektyvumu prie\u0161 \u017emones ir agresyvius gyv\u016bnus. Tai rodo jo veiksmingum\u0105 \u017emon\u0117ms, apsvaigusiems nuo alkoholio, narkotik\u0173 ir kit\u0173 svaigal\u0173. <\/p>\n<p>Duj\u0173 trukm\u0117 yra apie 20 minu\u010di\u0173. Dujose esantis kapsaicinas sukelia u\u017epuoliko skausm\u0105, sunkius odos nudegimus, aki\u0173 u\u017emirkim\u0105, kv\u0117pavimo tak\u0173 dirginim\u0105 ir dezorientacij\u0105, nesukeldamas nuolatini\u0173 su\u017ealojim\u0173. Kapsaicino koncentracija Police Perfect Guard 500 pipir\u0173 pur\u0161kale yra net 2 000 000 (du milijonai) pagal Scoville skal\u0119.  <\/p>\n<p>Viena i\u0161 nedaugelio rinkoje esan\u010di\u0173 duj\u0173, kuri\u0105 sertifikuoja Nacionalinis visuomen\u0117s sveikatos institutas. Taigi jis yra patvirtintas naudoti \u017emon\u0117ms ir gyv\u016bnams apsaugos tikslais. <\/p>\n","protected":false},"featured_media":129718,"template":"","meta":{"_acf_changed":false},"product_brand":[],"product_cat":[1254],"product_tag":[],"class_list":{"0":"post-150066","1":"product","2":"type-product","3":"status-publish","4":"has-post-thumbnail","6":"product_cat-pipiru-purskiklis","8":"first","9":"outofstock","10":"taxable","11":"shipping-taxable","12":"purchasable","13":"product-type-simple"},"acf":[],"_links":{"self":[{"href":"https:\/\/kingarms.ee\/lt\/wp-json\/wp\/v2\/product\/150066","targetHints":{"allow":["GET"]}}],"collection":[{"href":"https:\/\/kingarms.ee\/lt\/wp-json\/wp\/v2\/product"}],"about":[{"href":"https:\/\/kingarms.ee\/lt\/wp-json\/wp\/v2\/types\/product"}],"wp:featuredmedia":[{"embeddable":true,"href":"https:\/\/kingarms.ee\/lt\/wp-json\/wp\/v2\/media\/129718"}],"wp:attachment":[{"href":"https:\/\/kingarms.ee\/lt\/wp-json\/wp\/v2\/media?parent=150066"}],"wp:term":[{"taxonomy":"product_brand","embeddable":true,"href":"https:\/\/kingarms.ee\/lt\/wp-json\/wp\/v2\/product_brand?post=150066"},{"taxonomy":"product_cat","embeddable":true,"href":"https:\/\/kingarms.ee\/lt\/wp-json\/wp\/v2\/product_cat?post=150066"},{"taxonomy":"product_tag","embeddable":true,"href":"https:\/\/kingarms.ee\/lt\/wp-json\/wp\/v2\/product_tag?post=150066"}],"curies":[{"name":"wp","href":"https:\/\/api.w.org\/{rel}","templated":true}]}}